{"id":147882,"date":"2023-08-27T11:11:35","date_gmt":"2023-08-27T09:11:35","guid":{"rendered":"https:\/\/www.pollmeier.com\/newsletter-abonnement\/"},"modified":"2026-01-28T15:34:23","modified_gmt":"2026-01-28T14:34:23","slug":"newsletter-abonnement","status":"publish","type":"page","link":"https:\/\/www.pollmeier.com\/de\/newsletter-abonnement\/","title":{"rendered":"Newsletter-Abonnement"},"content":{"rendered":"\t\t<div data-elementor-type=\"wp-page\" data-elementor-id=\"147882\" class=\"elementor elementor-147882 elementor-141438\" data-elementor-post-type=\"page\">\n\t\t\t\t\t\t<section class=\"elementor-section elementor-top-section elementor-element elementor-element-5292f58 elementor-section-boxed elementor-section-height-default elementor-section-height-default\" data-id=\"5292f58\" data-element_type=\"section\" data-e-type=\"section\">\n\t\t\t\t\t\t<div class=\"elementor-container elementor-column-gap-default\">\n\t\t\t\t\t<div class=\"elementor-column elementor-col-100 elementor-top-column elementor-element elementor-element-a2241de\" data-id=\"a2241de\" data-element_type=\"column\" data-e-type=\"column\">\n\t\t\t<div class=\"elementor-widget-wrap elementor-element-populated\">\n\t\t\t\t\t\t<div class=\"elementor-element elementor-element-20fbcc6 elementor-widget elementor-widget-heading\" data-id=\"20fbcc6\" data-element_type=\"widget\" data-e-type=\"widget\" data-widget_type=\"heading.default\">\n\t\t\t\t<div class=\"elementor-widget-container\">\n\t\t\t\t\t<h2 class=\"elementor-heading-title elementor-size-default\">Pollmeier Newsletters<\/h2>\t\t\t\t<\/div>\n\t\t\t\t<\/div>\n\t\t\t\t<div class=\"elementor-element elementor-element-fecbfa6 elementor-widget elementor-widget-text-editor\" data-id=\"fecbfa6\" data-element_type=\"widget\" data-e-type=\"widget\" data-widget_type=\"text-editor.default\">\n\t\t\t\t<div class=\"elementor-widget-container\">\n\t\t\t\t\t\t\t\t\t<p>Melden Sie sich jetzt f\u00fcr einen unserer Newsletter an, um auf dem Laufenden zu bleiben.<\/p>\t\t\t\t\t\t\t\t<\/div>\n\t\t\t\t<\/div>\n\t\t\t\t\t<\/div>\n\t\t<\/div>\n\t\t\t\t\t<\/div>\n\t\t<\/section>\n\t\t\t\t<section class=\"elementor-section elementor-top-section elementor-element elementor-element-2ecfa73 elementor-section-boxed elementor-section-height-default elementor-section-height-default\" data-id=\"2ecfa73\" data-element_type=\"section\" data-e-type=\"section\">\n\t\t\t\t\t\t<div class=\"elementor-container elementor-column-gap-default\">\n\t\t\t\t\t<div class=\"elementor-column elementor-col-33 elementor-top-column elementor-element elementor-element-2d18c25\" data-id=\"2d18c25\" data-element_type=\"column\" data-e-type=\"column\">\n\t\t\t<div class=\"elementor-widget-wrap elementor-element-populated\">\n\t\t\t\t\t\t<div class=\"elementor-element elementor-element-867a2f4 elementor-widget elementor-widget-text-editor\" data-id=\"867a2f4\" data-element_type=\"widget\" data-e-type=\"widget\" data-widget_type=\"text-editor.default\">\n\t\t\t\t<div class=\"elementor-widget-container\">\n\t\t\t\t\t\t\t\t\t<p><a href=\"https:\/\/www.pollmeier.com\/newsletter-subscription\/components-newsletter-subscription\/\"><strong>COMPONENTS Newsletter<\/strong><\/a><\/p>\n\t\t\t\t\t\t\t\t<\/div>\n\t\t\t\t<\/div>\n\t\t\t\t<div class=\"elementor-element elementor-element-7506f7d elementor-widget elementor-widget-image\" data-id=\"7506f7d\" data-element_type=\"widget\" data-e-type=\"widget\" data-widget_type=\"image.default\">\n\t\t\t\t<div class=\"elementor-widget-container\">\n\t\t\t\t\t\t\t\t\t\t\t\t\t\t\t\t<a href=\"https:\/\/www.pollmeier.com\/newsletter-subscription\/components-newsletter-subscription\/\">\n\t\t\t\t\t\t\t<img decoding=\"async\" src=\"https:\/\/www.pollmeier.com\/wp-content\/uploads\/elementor\/thumbs\/PRODUC_3-e1726573987837-qu8nh260hcns8v4v8v5bjai2p9hykkr2ixheroktcw.jpg\" title=\"PRODUC_3\" alt=\"PRODUC_3\" loading=\"lazy\" \/>\t\t\t\t\t\t\t\t<\/a>\n\t\t\t\t\t\t\t\t\t\t\t\t\t\t\t<\/div>\n\t\t\t\t<\/div>\n\t\t\t\t<div class=\"elementor-element elementor-element-b346b0e elementor-widget elementor-widget-text-editor\" data-id=\"b346b0e\" data-element_type=\"widget\" data-e-type=\"widget\" data-widget_type=\"text-editor.default\">\n\t\t\t\t<div class=\"elementor-widget-container\">\n\t\t\t\t\t\t\t\t\t<p><strong>Melden Sie sich f\u00fcr unseren COMPONENTS Newsletter an<\/strong><\/p><p>Erhalten Sie exklusiven Zugang zu unserer Bestandsliste. F\u00fcr alle holzverarbeitenden Gewerbe &amp; Handel.<\/p>\t\t\t\t\t\t\t\t<\/div>\n\t\t\t\t<\/div>\n\t\t\t\t<div class=\"elementor-element elementor-element-17b02d7 elementor-align-center elementor-widget elementor-widget-button\" data-id=\"17b02d7\" data-element_type=\"widget\" data-e-type=\"widget\" data-widget_type=\"button.default\">\n\t\t\t\t<div class=\"elementor-widget-container\">\n\t\t\t\t\t\t\t\t\t<div class=\"elementor-button-wrapper\">\n\t\t\t\t\t<a class=\"elementor-button elementor-button-link elementor-size-sm\" href=\"https:\/\/www.pollmeier.com\/newsletter-subscription\/components-newsletter-subscription\/\">\n\t\t\t\t\t\t<span class=\"elementor-button-content-wrapper\">\n\t\t\t\t\t\t\t\t\t<span class=\"elementor-button-text\">Melden Sie sich f\u00fcr unseren COMPONENTS Newsletter an.<\/span>\n\t\t\t\t\t<\/span>\n\t\t\t\t\t<\/a>\n\t\t\t\t<\/div>\n\t\t\t\t\t\t\t\t<\/div>\n\t\t\t\t<\/div>\n\t\t\t\t\t<\/div>\n\t\t<\/div>\n\t\t\t\t<div class=\"elementor-column elementor-col-33 elementor-top-column elementor-element elementor-element-eb450b8\" data-id=\"eb450b8\" data-element_type=\"column\" data-e-type=\"column\">\n\t\t\t<div class=\"elementor-widget-wrap elementor-element-populated\">\n\t\t\t\t\t\t<div class=\"elementor-element elementor-element-131079c elementor-widget elementor-widget-text-editor\" data-id=\"131079c\" data-element_type=\"widget\" data-e-type=\"widget\" data-widget_type=\"text-editor.default\">\n\t\t\t\t<div class=\"elementor-widget-container\">\n\t\t\t\t\t\t\t\t\t<p><a href=\"https:\/\/www.pollmeier.com\/newsletter-subscription\/baubuche-newsletter-subscription\/\"><strong>BauBuche Newsletter<\/strong><\/a><\/p>\n\t\t\t\t\t\t\t\t<\/div>\n\t\t\t\t<\/div>\n\t\t\t\t<div class=\"elementor-element elementor-element-edba9f2 elementor-widget elementor-widget-image\" data-id=\"edba9f2\" data-element_type=\"widget\" data-e-type=\"widget\" data-widget_type=\"image.default\">\n\t\t\t\t<div class=\"elementor-widget-container\">\n\t\t\t\t\t\t\t\t\t\t\t\t\t\t\t\t<a href=\"https:\/\/www.pollmeier.com\/newsletter-subscription\/baubuche-newsletter-subscription\/\">\n\t\t\t\t\t\t\t<img decoding=\"async\" src=\"https:\/\/www.pollmeier.com\/wp-content\/uploads\/elementor\/thumbs\/SoftwareAugs6-q4j6gvkfgjswcw91zclwls0r9bheurivbsz83oz7og.jpeg\" title=\"SoftwareAugs6\" alt=\"SoftwareAugs6\" loading=\"lazy\" \/>\t\t\t\t\t\t\t\t<\/a>\n\t\t\t\t\t\t\t\t\t\t\t\t\t\t\t<\/div>\n\t\t\t\t<\/div>\n\t\t\t\t<div class=\"elementor-element elementor-element-fa9d220 elementor-widget elementor-widget-text-editor\" data-id=\"fa9d220\" data-element_type=\"widget\" data-e-type=\"widget\" data-widget_type=\"text-editor.default\">\n\t\t\t\t<div class=\"elementor-widget-container\">\n\t\t\t\t\t\t\t\t\t<p><strong>Abonnieren Sie jetzt den BauBuche Newsletter<\/strong><\/p><p>So werden Sie regelm\u00e4\u00dfig \u00fcber unsere Produkte, Events und News aus der Holzbaubranche informiert.<\/p>\t\t\t\t\t\t\t\t<\/div>\n\t\t\t\t<\/div>\n\t\t\t\t<div class=\"elementor-element elementor-element-5e29d48 elementor-align-center elementor-widget elementor-widget-button\" data-id=\"5e29d48\" data-element_type=\"widget\" data-e-type=\"widget\" data-widget_type=\"button.default\">\n\t\t\t\t<div class=\"elementor-widget-container\">\n\t\t\t\t\t\t\t\t\t<div class=\"elementor-button-wrapper\">\n\t\t\t\t\t<a class=\"elementor-button elementor-button-link elementor-size-sm\" href=\"https:\/\/www.pollmeier.com\/newsletter-subscription\/baubuche-newsletter-subscription\/\">\n\t\t\t\t\t\t<span class=\"elementor-button-content-wrapper\">\n\t\t\t\t\t\t\t\t\t<span class=\"elementor-button-text\">Abonnieren Sie jetzt den BauBuche Newsletter<\/span>\n\t\t\t\t\t<\/span>\n\t\t\t\t\t<\/a>\n\t\t\t\t<\/div>\n\t\t\t\t\t\t\t\t<\/div>\n\t\t\t\t<\/div>\n\t\t\t\t\t<\/div>\n\t\t<\/div>\n\t\t\t\t<div class=\"elementor-column elementor-col-33 elementor-top-column elementor-element elementor-element-ad68198\" data-id=\"ad68198\" data-element_type=\"column\" data-e-type=\"column\">\n\t\t\t<div class=\"elementor-widget-wrap elementor-element-populated\">\n\t\t\t\t\t\t<div class=\"elementor-element elementor-element-0c38353 elementor-widget elementor-widget-text-editor\" data-id=\"0c38353\" data-element_type=\"widget\" data-e-type=\"widget\" data-widget_type=\"text-editor.default\">\n\t\t\t\t<div class=\"elementor-widget-container\">\n\t\t\t\t\t\t\t\t\t<p><a href=\"https:\/\/www.pollmeier.com\/de\/rhek-newsletter-subscription\/\"><b>Rundholzeinkauf Newsletter<\/b><\/a><\/p>\t\t\t\t\t\t\t\t<\/div>\n\t\t\t\t<\/div>\n\t\t\t\t<div class=\"elementor-element elementor-element-75d4ef8 elementor-widget elementor-widget-image\" data-id=\"75d4ef8\" data-element_type=\"widget\" data-e-type=\"widget\" data-widget_type=\"image.default\">\n\t\t\t\t<div class=\"elementor-widget-container\">\n\t\t\t\t\t\t\t\t\t\t\t\t\t\t\t\t<a href=\"https:\/\/www.pollmeier.com\/de\/rhek-newsletter-subscription\/\">\n\t\t\t\t\t\t\t<img decoding=\"async\" src=\"https:\/\/www.pollmeier.com\/wp-content\/uploads\/elementor\/thumbs\/AdobeStock_381143721-1-scaled-ribog03mj1zso47gikzsicp5no5x2hmhdx6toqegm8.jpeg\" title=\"Walkway in a green spring beech forest in Leuven, Belgium. Beaut\" alt=\"beech forest adobe stock image\" loading=\"lazy\" \/>\t\t\t\t\t\t\t\t<\/a>\n\t\t\t\t\t\t\t\t\t\t\t\t\t\t\t<\/div>\n\t\t\t\t<\/div>\n\t\t\t\t<div class=\"elementor-element elementor-element-7d6b11d elementor-widget elementor-widget-text-editor\" data-id=\"7d6b11d\" data-element_type=\"widget\" data-e-type=\"widget\" data-widget_type=\"text-editor.default\">\n\t\t\t\t<div class=\"elementor-widget-container\">\n\t\t\t\t\t\t\t\t\t<p><strong>Bleiben Sie mit dem Rundholzeinkauf Newsletter immer informiert<\/strong><\/p><p><span data-olk-copy-source=\"MessageBody\">Verpassen Sie keine Informationen rund um das Thema Rundholzeinkauf und -logistik \u00a0\u00a0<\/span><\/p>\t\t\t\t\t\t\t\t<\/div>\n\t\t\t\t<\/div>\n\t\t\t\t<div class=\"elementor-element elementor-element-bcd64a7 elementor-align-center elementor-widget elementor-widget-button\" data-id=\"bcd64a7\" data-element_type=\"widget\" data-e-type=\"widget\" data-widget_type=\"button.default\">\n\t\t\t\t<div class=\"elementor-widget-container\">\n\t\t\t\t\t\t\t\t\t<div class=\"elementor-button-wrapper\">\n\t\t\t\t\t<a class=\"elementor-button elementor-button-link elementor-size-sm\" href=\"https:\/\/www.pollmeier.com\/de\/rhek-newsletter-subscription\/\">\n\t\t\t\t\t\t<span class=\"elementor-button-content-wrapper\">\n\t\t\t\t\t\t\t\t\t<span class=\"elementor-button-text\">Bleiben Sie auf dem Laufenden mit unserem Rundholzeinkauf Newsletter<\/span>\n\t\t\t\t\t<\/span>\n\t\t\t\t\t<\/a>\n\t\t\t\t<\/div>\n\t\t\t\t\t\t\t\t<\/div>\n\t\t\t\t<\/div>\n\t\t\t\t\t<\/div>\n\t\t<\/div>\n\t\t\t\t\t<\/div>\n\t\t<\/section>\n\t\t\t\t<\/div>\n\t\t","protected":false},"excerpt":{"rendered":"<p>Pollmeier Newsletters Melden Sie sich jetzt f\u00fcr einen unserer Newsletter an, um auf dem Laufenden zu bleiben. COMPONENTS Newsletter Melden Sie sich f\u00fcr unseren COMPONENTS Newsletter an Erhalten Sie exklusiven Zugang zu unserer Bestandsliste. F\u00fcr alle holzverarbeitenden Gewerbe &amp; Handel. Melden Sie sich f\u00fcr unseren COMPONENTS Newsletter an. BauBuche Newsletter Abonnieren Sie jetzt den BauBuche [&hellip;]<\/p>\n","protected":false},"author":12,"featured_media":0,"parent":0,"menu_order":0,"comment_status":"closed","ping_status":"closed","template":"","meta":{"_acf_changed":false,"footnotes":""},"class_list":["post-147882","page","type-page","status-publish","hentry"],"acf":[],"yoast_head":"<!-- This site is optimized with the Yoast SEO plugin v27.2 - https:\/\/yoast.com\/product\/yoast-seo-wordpress\/ -->\n<title>Newsletter-Abonnement - Pollmeier<\/title>\n<meta name=\"description\" content=\"Pollmeier Newsletters Melden Sie sich jetzt f\u00fcr einen unserer Newsletter an, um auf dem Laufenden zu bleiben.COMPONENTS Newsletter Melden Sie sich f\u00fcr\" \/>\n<meta name=\"robots\" content=\"index, follow, max-snippet:-1, max-image-preview:large, max-video-preview:-1\" \/>\n<link rel=\"canonical\" href=\"https:\/\/www.pollmeier.com\/de\/newsletter-abonnement\/\" \/>\n<meta property=\"og:locale\" content=\"de_DE\" \/>\n<meta property=\"og:type\" content=\"article\" \/>\n<meta property=\"og:title\" content=\"Newsletter-Abonnement - Pollmeier\" \/>\n<meta property=\"og:description\" content=\"Pollmeier Newsletters Melden Sie sich jetzt f\u00fcr einen unserer Newsletter an, um auf dem Laufenden zu bleiben.COMPONENTS Newsletter Melden Sie sich f\u00fcr\" \/>\n<meta property=\"og:url\" content=\"https:\/\/www.pollmeier.com\/de\/newsletter-abonnement\/\" \/>\n<meta property=\"og:site_name\" content=\"Pollmeier\" \/>\n<meta property=\"article:publisher\" content=\"https:\/\/www.facebook.com\/pollmeier.massivholz\/?fref=ts\" \/>\n<meta property=\"article:modified_time\" content=\"2026-01-28T14:34:23+00:00\" \/>\n<meta property=\"og:image\" content=\"https:\/\/www.pollmeier.com\/wp-content\/uploads\/elementor\/thumbs\/PRODUC_3-e1726573987837-qu8nh260hcns8v4v8v5bjai2p9hykkr2ixheroktcw.jpg\" \/>\n<meta name=\"twitter:card\" content=\"summary_large_image\" \/>\n<meta name=\"twitter:label1\" content=\"Gesch\u00e4tzte Lesezeit\" \/>\n\t<meta name=\"twitter:data1\" content=\"2\u00a0Minuten\" \/>\n<script type=\"application\/ld+json\" class=\"yoast-schema-graph\">{\"@context\":\"https:\/\/schema.org\",\"@graph\":[{\"@type\":\"WebPage\",\"@id\":\"https:\/\/www.pollmeier.com\/de\/newsletter-abonnement\/\",\"url\":\"https:\/\/www.pollmeier.com\/de\/newsletter-abonnement\/\",\"name\":\"Newsletter-Abonnement - Pollmeier\",\"isPartOf\":{\"@id\":\"https:\/\/www.pollmeier.com\/de\/#website\"},\"primaryImageOfPage\":{\"@id\":\"https:\/\/www.pollmeier.com\/de\/newsletter-abonnement\/#primaryimage\"},\"image\":{\"@id\":\"https:\/\/www.pollmeier.com\/de\/newsletter-abonnement\/#primaryimage\"},\"thumbnailUrl\":\"https:\/\/www.pollmeier.com\/wp-content\/uploads\/elementor\/thumbs\/PRODUC_3-e1726573987837-qu8nh260hcns8v4v8v5bjai2p9hykkr2ixheroktcw.jpg\",\"datePublished\":\"2023-08-27T09:11:35+00:00\",\"dateModified\":\"2026-01-28T14:34:23+00:00\",\"description\":\"Pollmeier Newsletters Melden Sie sich jetzt f\u00fcr einen unserer Newsletter an, um auf dem Laufenden zu bleiben.COMPONENTS Newsletter Melden Sie sich f\u00fcr\",\"breadcrumb\":{\"@id\":\"https:\/\/www.pollmeier.com\/de\/newsletter-abonnement\/#breadcrumb\"},\"inLanguage\":\"de\",\"potentialAction\":[{\"@type\":\"ReadAction\",\"target\":[\"https:\/\/www.pollmeier.com\/de\/newsletter-abonnement\/\"]}]},{\"@type\":\"ImageObject\",\"inLanguage\":\"de\",\"@id\":\"https:\/\/www.pollmeier.com\/de\/newsletter-abonnement\/#primaryimage\",\"url\":\"https:\/\/www.pollmeier.com\/wp-content\/uploads\/elementor\/thumbs\/PRODUC_3-e1726573987837-qu8nh260hcns8v4v8v5bjai2p9hykkr2ixheroktcw.jpg\",\"contentUrl\":\"https:\/\/www.pollmeier.com\/wp-content\/uploads\/elementor\/thumbs\/PRODUC_3-e1726573987837-qu8nh260hcns8v4v8v5bjai2p9hykkr2ixheroktcw.jpg\"},{\"@type\":\"BreadcrumbList\",\"@id\":\"https:\/\/www.pollmeier.com\/de\/newsletter-abonnement\/#breadcrumb\",\"itemListElement\":[{\"@type\":\"ListItem\",\"position\":1,\"name\":\"Home\",\"item\":\"https:\/\/www.pollmeier.com\/de\/neues-design\/\"},{\"@type\":\"ListItem\",\"position\":2,\"name\":\"Newsletter-Abonnement\"}]},{\"@type\":\"WebSite\",\"@id\":\"https:\/\/www.pollmeier.com\/de\/#website\",\"url\":\"https:\/\/www.pollmeier.com\/de\/\",\"name\":\"Pollmeier\",\"description\":\"\",\"publisher\":{\"@id\":\"https:\/\/www.pollmeier.com\/de\/#organization\"},\"potentialAction\":[{\"@type\":\"SearchAction\",\"target\":{\"@type\":\"EntryPoint\",\"urlTemplate\":\"https:\/\/www.pollmeier.com\/de\/?s={search_term_string}\"},\"query-input\":{\"@type\":\"PropertyValueSpecification\",\"valueRequired\":true,\"valueName\":\"search_term_string\"}}],\"inLanguage\":\"de\"},{\"@type\":\"Organization\",\"@id\":\"https:\/\/www.pollmeier.com\/de\/#organization\",\"name\":\"Pollmeier\",\"url\":\"https:\/\/www.pollmeier.com\/de\/\",\"logo\":{\"@type\":\"ImageObject\",\"inLanguage\":\"de\",\"@id\":\"https:\/\/www.pollmeier.com\/de\/#\/schema\/logo\/image\/\",\"url\":\"https:\/\/www.pollmeier.com\/wp-content\/uploads\/2023\/01\/Pollmeier-Logo-RGB.png\",\"contentUrl\":\"https:\/\/www.pollmeier.com\/wp-content\/uploads\/2023\/01\/Pollmeier-Logo-RGB.png\",\"width\":7630,\"height\":1000,\"caption\":\"Pollmeier\"},\"image\":{\"@id\":\"https:\/\/www.pollmeier.com\/de\/#\/schema\/logo\/image\/\"},\"sameAs\":[\"https:\/\/www.facebook.com\/pollmeier.massivholz\/?fref=ts\",\"https:\/\/www.instagram.com\/pollmeier.massivholz\/\",\"https:\/\/www.youtube.com\/channel\/UCNEu1HAZzkMEb80QqPEkXig\",\"https:\/\/www.linkedin.com\/company\/13056550\/admin\/\"]}]}<\/script>\n<!-- \/ Yoast SEO plugin. -->","yoast_head_json":{"title":"Newsletter-Abonnement - Pollmeier","description":"Pollmeier Newsletters Melden Sie sich jetzt f\u00fcr einen unserer Newsletter an, um auf dem Laufenden zu bleiben.COMPONENTS Newsletter Melden Sie sich f\u00fcr","robots":{"index":"index","follow":"follow","max-snippet":"max-snippet:-1","max-image-preview":"max-image-preview:large","max-video-preview":"max-video-preview:-1"},"canonical":"https:\/\/www.pollmeier.com\/de\/newsletter-abonnement\/","og_locale":"de_DE","og_type":"article","og_title":"Newsletter-Abonnement - Pollmeier","og_description":"Pollmeier Newsletters Melden Sie sich jetzt f\u00fcr einen unserer Newsletter an, um auf dem Laufenden zu bleiben.COMPONENTS Newsletter Melden Sie sich f\u00fcr","og_url":"https:\/\/www.pollmeier.com\/de\/newsletter-abonnement\/","og_site_name":"Pollmeier","article_publisher":"https:\/\/www.facebook.com\/pollmeier.massivholz\/?fref=ts","article_modified_time":"2026-01-28T14:34:23+00:00","og_image":[{"url":"https:\/\/www.pollmeier.com\/wp-content\/uploads\/elementor\/thumbs\/PRODUC_3-e1726573987837-qu8nh260hcns8v4v8v5bjai2p9hykkr2ixheroktcw.jpg","type":"","width":"","height":""}],"twitter_card":"summary_large_image","twitter_misc":{"Gesch\u00e4tzte Lesezeit":"2\u00a0Minuten"},"schema":{"@context":"https:\/\/schema.org","@graph":[{"@type":"WebPage","@id":"https:\/\/www.pollmeier.com\/de\/newsletter-abonnement\/","url":"https:\/\/www.pollmeier.com\/de\/newsletter-abonnement\/","name":"Newsletter-Abonnement - Pollmeier","isPartOf":{"@id":"https:\/\/www.pollmeier.com\/de\/#website"},"primaryImageOfPage":{"@id":"https:\/\/www.pollmeier.com\/de\/newsletter-abonnement\/#primaryimage"},"image":{"@id":"https:\/\/www.pollmeier.com\/de\/newsletter-abonnement\/#primaryimage"},"thumbnailUrl":"https:\/\/www.pollmeier.com\/wp-content\/uploads\/elementor\/thumbs\/PRODUC_3-e1726573987837-qu8nh260hcns8v4v8v5bjai2p9hykkr2ixheroktcw.jpg","datePublished":"2023-08-27T09:11:35+00:00","dateModified":"2026-01-28T14:34:23+00:00","description":"Pollmeier Newsletters Melden Sie sich jetzt f\u00fcr einen unserer Newsletter an, um auf dem Laufenden zu bleiben.COMPONENTS Newsletter Melden Sie sich f\u00fcr","breadcrumb":{"@id":"https:\/\/www.pollmeier.com\/de\/newsletter-abonnement\/#breadcrumb"},"inLanguage":"de","potentialAction":[{"@type":"ReadAction","target":["https:\/\/www.pollmeier.com\/de\/newsletter-abonnement\/"]}]},{"@type":"ImageObject","inLanguage":"de","@id":"https:\/\/www.pollmeier.com\/de\/newsletter-abonnement\/#primaryimage","url":"https:\/\/www.pollmeier.com\/wp-content\/uploads\/elementor\/thumbs\/PRODUC_3-e1726573987837-qu8nh260hcns8v4v8v5bjai2p9hykkr2ixheroktcw.jpg","contentUrl":"https:\/\/www.pollmeier.com\/wp-content\/uploads\/elementor\/thumbs\/PRODUC_3-e1726573987837-qu8nh260hcns8v4v8v5bjai2p9hykkr2ixheroktcw.jpg"},{"@type":"BreadcrumbList","@id":"https:\/\/www.pollmeier.com\/de\/newsletter-abonnement\/#breadcrumb","itemListElement":[{"@type":"ListItem","position":1,"name":"Home","item":"https:\/\/www.pollmeier.com\/de\/neues-design\/"},{"@type":"ListItem","position":2,"name":"Newsletter-Abonnement"}]},{"@type":"WebSite","@id":"https:\/\/www.pollmeier.com\/de\/#website","url":"https:\/\/www.pollmeier.com\/de\/","name":"Pollmeier","description":"","publisher":{"@id":"https:\/\/www.pollmeier.com\/de\/#organization"},"potentialAction":[{"@type":"SearchAction","target":{"@type":"EntryPoint","urlTemplate":"https:\/\/www.pollmeier.com\/de\/?s={search_term_string}"},"query-input":{"@type":"PropertyValueSpecification","valueRequired":true,"valueName":"search_term_string"}}],"inLanguage":"de"},{"@type":"Organization","@id":"https:\/\/www.pollmeier.com\/de\/#organization","name":"Pollmeier","url":"https:\/\/www.pollmeier.com\/de\/","logo":{"@type":"ImageObject","inLanguage":"de","@id":"https:\/\/www.pollmeier.com\/de\/#\/schema\/logo\/image\/","url":"https:\/\/www.pollmeier.com\/wp-content\/uploads\/2023\/01\/Pollmeier-Logo-RGB.png","contentUrl":"https:\/\/www.pollmeier.com\/wp-content\/uploads\/2023\/01\/Pollmeier-Logo-RGB.png","width":7630,"height":1000,"caption":"Pollmeier"},"image":{"@id":"https:\/\/www.pollmeier.com\/de\/#\/schema\/logo\/image\/"},"sameAs":["https:\/\/www.facebook.com\/pollmeier.massivholz\/?fref=ts","https:\/\/www.instagram.com\/pollmeier.massivholz\/","https:\/\/www.youtube.com\/channel\/UCNEu1HAZzkMEb80QqPEkXig","https:\/\/www.linkedin.com\/company\/13056550\/admin\/"]}]}},"_links":{"self":[{"href":"https:\/\/www.pollmeier.com\/de\/wp-json\/wp\/v2\/pages\/147882","targetHints":{"allow":["GET"]}}],"collection":[{"href":"https:\/\/www.pollmeier.com\/de\/wp-json\/wp\/v2\/pages"}],"about":[{"href":"https:\/\/www.pollmeier.com\/de\/wp-json\/wp\/v2\/types\/page"}],"author":[{"embeddable":true,"href":"https:\/\/www.pollmeier.com\/de\/wp-json\/wp\/v2\/users\/12"}],"replies":[{"embeddable":true,"href":"https:\/\/www.pollmeier.com\/de\/wp-json\/wp\/v2\/comments?post=147882"}],"version-history":[{"count":3,"href":"https:\/\/www.pollmeier.com\/de\/wp-json\/wp\/v2\/pages\/147882\/revisions"}],"predecessor-version":[{"id":497289,"href":"https:\/\/www.pollmeier.com\/de\/wp-json\/wp\/v2\/pages\/147882\/revisions\/497289"}],"wp:attachment":[{"href":"https:\/\/www.pollmeier.com\/de\/wp-json\/wp\/v2\/media?parent=147882"}],"curies":[{"name":"wp","href":"https:\/\/api.w.org\/{rel}","templated":true}]}}