{"id":147886,"date":"2023-08-27T11:27:36","date_gmt":"2023-08-27T09:27:36","guid":{"rendered":"https:\/\/www.pollmeier.com\/newsletter-abonnement\/baubuche-newsletter-abonnement\/"},"modified":"2024-03-18T11:27:16","modified_gmt":"2024-03-18T10:27:16","slug":"baubuche-newsletter-abonnement","status":"publish","type":"page","link":"https:\/\/www.pollmeier.com\/de\/newsletter-abonnement\/baubuche-newsletter-abonnement\/","title":{"rendered":"BauBuche-Newsletter-Abonnement"},"content":{"rendered":"\t\t<div data-elementor-type=\"wp-page\" data-elementor-id=\"147886\" class=\"elementor elementor-147886 elementor-132502\" data-elementor-post-type=\"page\">\n\t\t\t\t\t\t<section class=\"elementor-section elementor-top-section elementor-element elementor-element-5292f58 elementor-section-boxed elementor-section-height-default elementor-section-height-default\" data-id=\"5292f58\" data-element_type=\"section\" data-e-type=\"section\">\n\t\t\t\t\t\t<div class=\"elementor-container elementor-column-gap-default\">\n\t\t\t\t\t<div class=\"elementor-column elementor-col-100 elementor-top-column elementor-element elementor-element-a2241de\" data-id=\"a2241de\" data-element_type=\"column\" data-e-type=\"column\">\n\t\t\t<div class=\"elementor-widget-wrap elementor-element-populated\">\n\t\t\t\t\t\t<div class=\"elementor-element elementor-element-1f3c5a8 elementor-align-left elementor-mobile-align-left arrow-btn elementor-widget elementor-widget-button\" data-id=\"1f3c5a8\" data-element_type=\"widget\" data-e-type=\"widget\" data-widget_type=\"button.default\">\n\t\t\t\t<div class=\"elementor-widget-container\">\n\t\t\t\t\t\t\t\t\t<div class=\"elementor-button-wrapper\">\n\t\t\t\t\t<a class=\"elementor-button elementor-button-link elementor-size-md\" href=\"https:\/\/www.pollmeier.com\/de\/newsletter-abonnement\/\">\n\t\t\t\t\t\t<span class=\"elementor-button-content-wrapper\">\n\t\t\t\t\t\t<span class=\"elementor-button-icon\">\n\t\t\t\t<svg xmlns=\"http:\/\/www.w3.org\/2000\/svg\" xmlns:xlink=\"http:\/\/www.w3.org\/1999\/xlink\" id=\"Ebene_1\" x=\"0px\" y=\"0px\" viewBox=\"0 0 115 16\" style=\"enable-background:new 0 0 115 16;\" xml:space=\"preserve\"><path d=\"M0.3,8.7l6.4,6.4c0.4,0.4,1,0.4,1.4,0c0.4-0.4,0.4-1,0-1.4L2.4,8l5.7-5.7c0.4-0.4,0.4-1,0-1.4c-0.4-0.4-1-0.4-1.4,0L0.3,7.3 C-0.1,7.7-0.1,8.3,0.3,8.7L0.3,8.7z M114.2,7H1v2h113.2V7z\"><\/path><\/svg>\t\t\t<\/span>\n\t\t\t\t\t\t\t\t\t<span class=\"elementor-button-text\">Newsletters<\/span>\n\t\t\t\t\t<\/span>\n\t\t\t\t\t<\/a>\n\t\t\t\t<\/div>\n\t\t\t\t\t\t\t\t<\/div>\n\t\t\t\t<\/div>\n\t\t\t\t<div class=\"elementor-element elementor-element-20fbcc6 elementor-widget elementor-widget-heading\" data-id=\"20fbcc6\" data-element_type=\"widget\" data-e-type=\"widget\" data-widget_type=\"heading.default\">\n\t\t\t\t<div class=\"elementor-widget-container\">\n\t\t\t\t\t<h2 class=\"elementor-heading-title elementor-size-default\">BauBuche Newsletter<\/h2>\t\t\t\t<\/div>\n\t\t\t\t<\/div>\n\t\t\t\t<div class=\"elementor-element elementor-element-fecbfa6 elementor-widget elementor-widget-text-editor\" data-id=\"fecbfa6\" data-element_type=\"widget\" data-e-type=\"widget\" data-widget_type=\"text-editor.default\">\n\t\t\t\t<div class=\"elementor-widget-container\">\n\t\t\t\t\t\t\t\t\t<p>Wir optimieren und erweitern unsere Produktpalette kontinuierlich. Seien Sie der Erste, der die neuesten Informationen erf\u00e4hrt. <\/p>\n\t\t\t\t\t\t\t\t<\/div>\n\t\t\t\t<\/div>\n\t\t\t\t\t<\/div>\n\t\t<\/div>\n\t\t\t\t\t<\/div>\n\t\t<\/section>\n\t\t\t\t<section class=\"elementor-section elementor-top-section elementor-element elementor-element-d59056a elementor-section-boxed elementor-section-height-default elementor-section-height-default\" data-id=\"d59056a\" data-element_type=\"section\" data-e-type=\"section\">\n\t\t\t\t\t\t<div class=\"elementor-container elementor-column-gap-default\">\n\t\t\t\t\t<div class=\"elementor-column elementor-col-33 elementor-top-column elementor-element elementor-element-0265af6\" data-id=\"0265af6\" data-element_type=\"column\" data-e-type=\"column\">\n\t\t\t<div class=\"elementor-widget-wrap elementor-element-populated\">\n\t\t\t\t\t\t<section class=\"elementor-section elementor-inner-section elementor-element elementor-element-70a90d0 elementor-section-boxed elementor-section-height-default elementor-section-height-default\" data-id=\"70a90d0\" data-element_type=\"section\" data-e-type=\"section\">\n\t\t\t\t\t\t<div class=\"elementor-container elementor-column-gap-default\">\n\t\t\t\t\t<div class=\"elementor-column elementor-col-33 elementor-inner-column elementor-element elementor-element-928f66e\" data-id=\"928f66e\" data-element_type=\"column\" data-e-type=\"column\">\n\t\t\t<div class=\"elementor-widget-wrap elementor-element-populated\">\n\t\t\t\t\t\t<div class=\"elementor-element elementor-element-f73a687 elementor-view-default elementor-widget elementor-widget-icon\" data-id=\"f73a687\" data-element_type=\"widget\" data-e-type=\"widget\" data-widget_type=\"icon.default\">\n\t\t\t\t<div class=\"elementor-widget-container\">\n\t\t\t\t\t\t\t<div class=\"elementor-icon-wrapper\">\n\t\t\t<div class=\"elementor-icon\">\n\t\t\t<i aria-hidden=\"true\" class=\"far fa-flag\"><\/i>\t\t\t<\/div>\n\t\t<\/div>\n\t\t\t\t\t\t<\/div>\n\t\t\t\t<\/div>\n\t\t\t\t\t<\/div>\n\t\t<\/div>\n\t\t\t\t<div class=\"elementor-column elementor-col-66 elementor-inner-column elementor-element elementor-element-06b366a\" data-id=\"06b366a\" data-element_type=\"column\" data-e-type=\"column\">\n\t\t\t<div class=\"elementor-widget-wrap elementor-element-populated\">\n\t\t\t\t\t\t<div class=\"elementor-element elementor-element-88c7111 elementor-widget elementor-widget-text-editor\" data-id=\"88c7111\" data-element_type=\"widget\" data-e-type=\"widget\" data-widget_type=\"text-editor.default\">\n\t\t\t\t<div class=\"elementor-widget-container\">\n\t\t\t\t\t\t\t\t\t<p><strong>Informativ<\/strong><\/p>\n<p>BauBuche in Aktion \u2013 wir pr\u00e4sentieren alle spannenden Referenzen auf unserer Website und halten Sie auf dem Laufenden.<\/p>\n\t\t\t\t\t\t\t\t<\/div>\n\t\t\t\t<\/div>\n\t\t\t\t\t<\/div>\n\t\t<\/div>\n\t\t\t\t\t<\/div>\n\t\t<\/section>\n\t\t\t\t\t<\/div>\n\t\t<\/div>\n\t\t\t\t<div class=\"elementor-column elementor-col-33 elementor-top-column elementor-element elementor-element-3e0e263\" data-id=\"3e0e263\" data-element_type=\"column\" data-e-type=\"column\">\n\t\t\t<div class=\"elementor-widget-wrap elementor-element-populated\">\n\t\t\t\t\t\t<section class=\"elementor-section elementor-inner-section elementor-element elementor-element-a80bd38 elementor-section-boxed elementor-section-height-default elementor-section-height-default\" data-id=\"a80bd38\" data-element_type=\"section\" data-e-type=\"section\">\n\t\t\t\t\t\t<div class=\"elementor-container elementor-column-gap-default\">\n\t\t\t\t\t<div class=\"elementor-column elementor-col-33 elementor-inner-column elementor-element elementor-element-74aa7ca\" data-id=\"74aa7ca\" data-element_type=\"column\" data-e-type=\"column\">\n\t\t\t<div class=\"elementor-widget-wrap elementor-element-populated\">\n\t\t\t\t\t\t<div class=\"elementor-element elementor-element-aa44e1b elementor-view-default elementor-widget elementor-widget-icon\" data-id=\"aa44e1b\" data-element_type=\"widget\" data-e-type=\"widget\" data-widget_type=\"icon.default\">\n\t\t\t\t<div class=\"elementor-widget-container\">\n\t\t\t\t\t\t\t<div class=\"elementor-icon-wrapper\">\n\t\t\t<div class=\"elementor-icon\">\n\t\t\t<i aria-hidden=\"true\" class=\"far fa-compass\"><\/i>\t\t\t<\/div>\n\t\t<\/div>\n\t\t\t\t\t\t<\/div>\n\t\t\t\t<\/div>\n\t\t\t\t\t<\/div>\n\t\t<\/div>\n\t\t\t\t<div class=\"elementor-column elementor-col-66 elementor-inner-column elementor-element elementor-element-ec1e441\" data-id=\"ec1e441\" data-element_type=\"column\" data-e-type=\"column\">\n\t\t\t<div class=\"elementor-widget-wrap elementor-element-populated\">\n\t\t\t\t\t\t<div class=\"elementor-element elementor-element-11314a3 elementor-widget elementor-widget-text-editor\" data-id=\"11314a3\" data-element_type=\"widget\" data-e-type=\"widget\" data-widget_type=\"text-editor.default\">\n\t\t\t\t<div class=\"elementor-widget-container\">\n\t\t\t\t\t\t\t\t\t<p><strong>Aktuell<\/strong><\/p>\n<p>Wir optimieren und erweitern unsere Produktpalette fortlaufend. Erfahren Sie Neuigkeiten zuerst! <\/p>\n\t\t\t\t\t\t\t\t<\/div>\n\t\t\t\t<\/div>\n\t\t\t\t\t<\/div>\n\t\t<\/div>\n\t\t\t\t\t<\/div>\n\t\t<\/section>\n\t\t\t\t\t<\/div>\n\t\t<\/div>\n\t\t\t\t<div class=\"elementor-column elementor-col-33 elementor-top-column elementor-element elementor-element-88b5cc6\" data-id=\"88b5cc6\" data-element_type=\"column\" data-e-type=\"column\">\n\t\t\t<div class=\"elementor-widget-wrap elementor-element-populated\">\n\t\t\t\t\t\t<section class=\"elementor-section elementor-inner-section elementor-element elementor-element-0e46795 elementor-section-boxed elementor-section-height-default elementor-section-height-default\" data-id=\"0e46795\" data-element_type=\"section\" data-e-type=\"section\">\n\t\t\t\t\t\t<div class=\"elementor-container elementor-column-gap-default\">\n\t\t\t\t\t<div class=\"elementor-column elementor-col-33 elementor-inner-column elementor-element elementor-element-a314fb9\" data-id=\"a314fb9\" data-element_type=\"column\" data-e-type=\"column\">\n\t\t\t<div class=\"elementor-widget-wrap elementor-element-populated\">\n\t\t\t\t\t\t<div class=\"elementor-element elementor-element-f27846b elementor-view-default elementor-widget elementor-widget-icon\" data-id=\"f27846b\" data-element_type=\"widget\" data-e-type=\"widget\" data-widget_type=\"icon.default\">\n\t\t\t\t<div class=\"elementor-widget-container\">\n\t\t\t\t\t\t\t<div class=\"elementor-icon-wrapper\">\n\t\t\t<div class=\"elementor-icon\">\n\t\t\t<i aria-hidden=\"true\" class=\"far fa-calendar-check\"><\/i>\t\t\t<\/div>\n\t\t<\/div>\n\t\t\t\t\t\t<\/div>\n\t\t\t\t<\/div>\n\t\t\t\t\t<\/div>\n\t\t<\/div>\n\t\t\t\t<div class=\"elementor-column elementor-col-66 elementor-inner-column elementor-element elementor-element-e295276\" data-id=\"e295276\" data-element_type=\"column\" data-e-type=\"column\">\n\t\t\t<div class=\"elementor-widget-wrap elementor-element-populated\">\n\t\t\t\t\t\t<div class=\"elementor-element elementor-element-466388a elementor-widget elementor-widget-text-editor\" data-id=\"466388a\" data-element_type=\"widget\" data-e-type=\"widget\" data-widget_type=\"text-editor.default\">\n\t\t\t\t<div class=\"elementor-widget-container\">\n\t\t\t\t\t\t\t\t\t<p><strong>Events<\/strong><\/p>\n<p>Wir informieren Sie \u00fcber alle anstehenden Termine und Fachmessen.<\/p>\n\t\t\t\t\t\t\t\t<\/div>\n\t\t\t\t<\/div>\n\t\t\t\t\t<\/div>\n\t\t<\/div>\n\t\t\t\t\t<\/div>\n\t\t<\/section>\n\t\t\t\t\t<\/div>\n\t\t<\/div>\n\t\t\t\t\t<\/div>\n\t\t<\/section>\n\t\t\t\t<section class=\"elementor-section elementor-top-section elementor-element elementor-element-a26c947 elementor-section-height-min-height elementor-section-items-stretch elementor-section-content-bottom newsletter-padding elementor-section-boxed elementor-section-height-default\" data-id=\"a26c947\" data-element_type=\"section\" data-e-type=\"section\" data-settings=\"{&quot;background_background&quot;:&quot;classic&quot;}\">\n\t\t\t\t\t\t<div class=\"elementor-container elementor-column-gap-default\">\n\t\t\t\t\t<div data-dce-background-image-url=\"https:\/\/www.pollmeier.com\/wp-content\/uploads\/2024\/03\/creuzburg_office_145-720x480-9be479ba-7093-4815-a6e5-fa6cd1bc51c4.jpg\" class=\"elementor-column elementor-col-100 elementor-top-column elementor-element elementor-element-09de382\" data-id=\"09de382\" data-element_type=\"column\" data-e-type=\"column\" data-settings=\"{&quot;background_background&quot;:&quot;classic&quot;}\">\n\t\t\t<div class=\"elementor-widget-wrap elementor-element-populated\">\n\t\t\t\t\t\t<section class=\"elementor-section elementor-inner-section elementor-element elementor-element-a0df581 elementor-section-height-min-height elementor-section-full_width elementor-section-height-default\" data-id=\"a0df581\" data-element_type=\"section\" data-e-type=\"section\">\n\t\t\t\t\t\t<div class=\"elementor-container elementor-column-gap-default\">\n\t\t\t\t\t<div data-dce-background-color=\"#FFFFFFB3\" class=\"elementor-column elementor-col-100 elementor-inner-column elementor-element elementor-element-7cdd6ba\" data-id=\"7cdd6ba\" data-element_type=\"column\" data-e-type=\"column\" data-settings=\"{&quot;background_background&quot;:&quot;classic&quot;}\">\n\t\t\t<div class=\"elementor-widget-wrap elementor-element-populated\">\n\t\t\t\t\t\t<div class=\"elementor-element elementor-element-88c926a elementor-widget elementor-widget-text-editor\" data-id=\"88c926a\" data-element_type=\"widget\" data-e-type=\"widget\" data-widget_type=\"text-editor.default\">\n\t\t\t\t<div class=\"elementor-widget-container\">\n\t\t\t\t\t\t\t\t\t<p>Melden Sie sich jetzt f\u00fcr unseren BauBuche-Newsletter an.<br \/>So erfahren Sie regelm\u00e4\u00dfig alles \u00fcber unsere Produkte, Veranstaltungen und Neues aus der Holzbranche.<\/p>\t\t\t\t\t\t\t\t<\/div>\n\t\t\t\t<\/div>\n\t\t\t\t<div class=\"elementor-element elementor-element-5656fd4 pm-newsletter elementor-widget elementor-widget-html\" data-id=\"5656fd4\" data-element_type=\"widget\" data-e-type=\"widget\" data-widget_type=\"html.default\">\n\t\t\t\t<div class=\"elementor-widget-container\">\n\t\t\t\t\t<script id=\"n2g_script\">!function(e,t,n,c,r,a,i){e.Newsletter2GoTrackingObject=r,e[r]=e[r]||function(){(e[r].q=e[r].q||[]).push(arguments)},e[r].l=1*new Date,a=t.createElement(n),i=t.getElementsByTagName(n)[0],a.async=1,a.src=c,i.parentNode.insertBefore(a,i)}(window,document,\"script\",\"https:\/\/static.newsletter2go.com\/utils.js\",\"n2g\");var config = {\"form\": {\n        \"class\": \"\",\n        \"style\": \"\"\n    },\n    \"container\": {\n        \"type\": \"div\",\n        \"class\": \"\",\n        \"style\": \"width: 100%;\"\n    },\n    \"row\": {\n        \"type\": \"div\",\n        \"class\": \"\",\n        \"style\": \"\"\n    },\n    \"columnLeft\": {\n        \"type\": \"div\",\n        \"class\": \"\",\n        \"style\": \"width: 40%; padding: 10px 5px; visibility: hidden;\"\n    },\n    \"columnRight\": {\n        \"type\": \"div\",\n        \"class\": \"\",\n        \"style\": \"\"\n    },\n    \"checkbox\": {\n        \"type\": \"input\",\n        \"class\": \"\",\n        \"style\": \"\"\n    },\n    \"separator\": {\n        \"type\": \"br\",\n        \"class\": \"\",\n        \"style\": \"\"\n    },\n    \"input\": {\n        \"class\": \"pollmeier-newsletter-email-field\",\n        \"placeholder\": \"E-Mail\",\n        \"style\": \"padding: 5px 10px; border-radius: 0; border-bottom: 1px solid #d8dee4; border-left: 0; border-right: 0; border-top: 0;color:#252525;border-color:#252525; outline: none; background: transparent;\"\n    },\n    \"dropdown\": {\n        \"type\": \"select\",\n        \"class\": \"\",\n        \"style\": \"padding: 3px 5px; border-radius: 2px; border: 1px solid #d8dee4;\"\n    },\n    \"button\": {\n        \"type\": \"button\",\n        \"class\": \"pollmeier-newsletter-button-field\",\n        \"id\": \"\",\n        \"style\": \"background:none; border: none; xborder-radius: 5px; padding: 0; color: #888888; margin-top: -48px; cursor: pointer; position: absolute; right: 0; font-weight: 500;\"\n    },\n    \"label\": {\n        \"type\": \"label\",\n        \"class\": \"\",\n        \"style\": \"padding-left: 5px\"\n    },\n    \"loader\": {\n        \"type\": \"img\",\n        \"src\": \"\/\/www.newsletter2go.com\/images\/loader.svg\",\n        \"class\": \"\",\n        \"style\": \"margin: auto; display:block; width: auto;\"\n    },\n    \"message\": {\n        \"type\": \"h2\",\n        \"class\": \"\",\n        \"id\": \"\",\n        \"style\": \"text-align: center;\"\n    },\n    \"captchaImage\": {\n\t\"type\": \"img\",\n\t\"class\": \"\",\n\t\"style\": \"padding: 5px; border: 0px solid #fff; margin-top: 5px; width: 32px; height: 32px; cursor: pointer; display:inline;\",\n\t\"style:active\": \"padding: 5px; border: 3px solid #ccc; margin-top: 5px; width: 32px; height: 32px; cursor: pointer;\"}};n2g('create', '3t9cl8mr-jkimvsab-1d1u');n2g('subscribe:createForm', config);<\/script>\t\t\t\t<\/div>\n\t\t\t\t<\/div>\n\t\t\t\t\t<\/div>\n\t\t<\/div>\n\t\t\t\t\t<\/div>\n\t\t<\/section>\n\t\t\t\t\t<\/div>\n\t\t<\/div>\n\t\t\t\t\t<\/div>\n\t\t<\/section>\n\t\t\t\t<\/div>\n\t\t","protected":false},"excerpt":{"rendered":"<p>Newsletters BauBuche Newsletter Wir optimieren und erweitern unsere Produktpalette kontinuierlich. Seien Sie der Erste, der die neuesten Informationen erf\u00e4hrt. Informativ BauBuche in Aktion \u2013 wir pr\u00e4sentieren alle spannenden Referenzen auf unserer Website und halten Sie auf dem Laufenden. Aktuell Wir optimieren und erweitern unsere Produktpalette fortlaufend. Erfahren Sie Neuigkeiten zuerst! Events Wir informieren Sie \u00fcber [&hellip;]<\/p>\n","protected":false},"author":12,"featured_media":0,"parent":147882,"menu_order":0,"comment_status":"closed","ping_status":"closed","template":"","meta":{"_acf_changed":false,"footnotes":""},"class_list":["post-147886","page","type-page","status-publish","hentry"],"acf":[],"yoast_head":"<!-- This site is optimized with the Yoast SEO plugin v27.4 - https:\/\/yoast.com\/product\/yoast-seo-wordpress\/ -->\n<title>BauBuche-Newsletter-Abonnement - Pollmeier<\/title>\n<meta name=\"description\" content=\"Newsletters BauBuche Newsletter Wir optimieren und erweitern unsere Produktpalette kontinuierlich. Seien Sie der Erste, der die neuesten Informationen\" \/>\n<meta name=\"robots\" content=\"index, follow, max-snippet:-1, max-image-preview:large, max-video-preview:-1\" \/>\n<link rel=\"canonical\" href=\"https:\/\/www.pollmeier.com\/de\/newsletter-abonnement\/baubuche-newsletter-abonnement\/\" \/>\n<meta property=\"og:locale\" content=\"de_DE\" \/>\n<meta property=\"og:type\" content=\"article\" \/>\n<meta property=\"og:title\" content=\"BauBuche-Newsletter-Abonnement - Pollmeier\" \/>\n<meta property=\"og:description\" content=\"Newsletters BauBuche Newsletter Wir optimieren und erweitern unsere Produktpalette kontinuierlich. Seien Sie der Erste, der die neuesten Informationen\" \/>\n<meta property=\"og:url\" content=\"https:\/\/www.pollmeier.com\/de\/newsletter-abonnement\/baubuche-newsletter-abonnement\/\" \/>\n<meta property=\"og:site_name\" content=\"Pollmeier\" \/>\n<meta property=\"article:publisher\" content=\"https:\/\/www.facebook.com\/pollmeier.massivholz\/?fref=ts\" \/>\n<meta property=\"article:modified_time\" content=\"2024-03-18T10:27:16+00:00\" \/>\n<meta name=\"twitter:card\" content=\"summary_large_image\" \/>\n<meta name=\"twitter:label1\" content=\"Gesch\u00e4tzte Lesezeit\" \/>\n\t<meta name=\"twitter:data1\" content=\"2\u00a0Minuten\" \/>\n<script type=\"application\/ld+json\" class=\"yoast-schema-graph\">{\"@context\":\"https:\\\/\\\/schema.org\",\"@graph\":[{\"@type\":\"WebPage\",\"@id\":\"https:\\\/\\\/www.pollmeier.com\\\/de\\\/newsletter-abonnement\\\/baubuche-newsletter-abonnement\\\/\",\"url\":\"https:\\\/\\\/www.pollmeier.com\\\/de\\\/newsletter-abonnement\\\/baubuche-newsletter-abonnement\\\/\",\"name\":\"BauBuche-Newsletter-Abonnement - Pollmeier\",\"isPartOf\":{\"@id\":\"https:\\\/\\\/www.pollmeier.com\\\/de\\\/#website\"},\"datePublished\":\"2023-08-27T09:27:36+00:00\",\"dateModified\":\"2024-03-18T10:27:16+00:00\",\"description\":\"Newsletters BauBuche Newsletter Wir optimieren und erweitern unsere Produktpalette kontinuierlich. Seien Sie der Erste, der die neuesten Informationen\",\"breadcrumb\":{\"@id\":\"https:\\\/\\\/www.pollmeier.com\\\/de\\\/newsletter-abonnement\\\/baubuche-newsletter-abonnement\\\/#breadcrumb\"},\"inLanguage\":\"de\",\"potentialAction\":[{\"@type\":\"ReadAction\",\"target\":[\"https:\\\/\\\/www.pollmeier.com\\\/de\\\/newsletter-abonnement\\\/baubuche-newsletter-abonnement\\\/\"]}]},{\"@type\":\"BreadcrumbList\",\"@id\":\"https:\\\/\\\/www.pollmeier.com\\\/de\\\/newsletter-abonnement\\\/baubuche-newsletter-abonnement\\\/#breadcrumb\",\"itemListElement\":[{\"@type\":\"ListItem\",\"position\":1,\"name\":\"Home\",\"item\":\"https:\\\/\\\/www.pollmeier.com\\\/de\\\/\"},{\"@type\":\"ListItem\",\"position\":2,\"name\":\"Newsletter-Abonnement\",\"item\":\"https:\\\/\\\/www.pollmeier.com\\\/de\\\/newsletter-abonnement\\\/\"},{\"@type\":\"ListItem\",\"position\":3,\"name\":\"BauBuche-Newsletter-Abonnement\"}]},{\"@type\":\"WebSite\",\"@id\":\"https:\\\/\\\/www.pollmeier.com\\\/de\\\/#website\",\"url\":\"https:\\\/\\\/www.pollmeier.com\\\/de\\\/\",\"name\":\"Pollmeier\",\"description\":\"\",\"publisher\":{\"@id\":\"https:\\\/\\\/www.pollmeier.com\\\/de\\\/#organization\"},\"potentialAction\":[{\"@type\":\"SearchAction\",\"target\":{\"@type\":\"EntryPoint\",\"urlTemplate\":\"https:\\\/\\\/www.pollmeier.com\\\/de\\\/?s={search_term_string}\"},\"query-input\":{\"@type\":\"PropertyValueSpecification\",\"valueRequired\":true,\"valueName\":\"search_term_string\"}}],\"inLanguage\":\"de\"},{\"@type\":\"Organization\",\"@id\":\"https:\\\/\\\/www.pollmeier.com\\\/de\\\/#organization\",\"name\":\"Pollmeier\",\"url\":\"https:\\\/\\\/www.pollmeier.com\\\/de\\\/\",\"logo\":{\"@type\":\"ImageObject\",\"inLanguage\":\"de\",\"@id\":\"https:\\\/\\\/www.pollmeier.com\\\/de\\\/#\\\/schema\\\/logo\\\/image\\\/\",\"url\":\"https:\\\/\\\/www.pollmeier.com\\\/wp-content\\\/uploads\\\/2023\\\/01\\\/Pollmeier-Logo-RGB.png\",\"contentUrl\":\"https:\\\/\\\/www.pollmeier.com\\\/wp-content\\\/uploads\\\/2023\\\/01\\\/Pollmeier-Logo-RGB.png\",\"width\":7630,\"height\":1000,\"caption\":\"Pollmeier\"},\"image\":{\"@id\":\"https:\\\/\\\/www.pollmeier.com\\\/de\\\/#\\\/schema\\\/logo\\\/image\\\/\"},\"sameAs\":[\"https:\\\/\\\/www.facebook.com\\\/pollmeier.massivholz\\\/?fref=ts\",\"https:\\\/\\\/www.instagram.com\\\/pollmeier.massivholz\\\/\",\"https:\\\/\\\/www.youtube.com\\\/channel\\\/UCNEu1HAZzkMEb80QqPEkXig\",\"https:\\\/\\\/www.linkedin.com\\\/company\\\/13056550\\\/admin\\\/\"]}]}<\/script>\n<!-- \/ Yoast SEO plugin. -->","yoast_head_json":{"title":"BauBuche-Newsletter-Abonnement - Pollmeier","description":"Newsletters BauBuche Newsletter Wir optimieren und erweitern unsere Produktpalette kontinuierlich. Seien Sie der Erste, der die neuesten Informationen","robots":{"index":"index","follow":"follow","max-snippet":"max-snippet:-1","max-image-preview":"max-image-preview:large","max-video-preview":"max-video-preview:-1"},"canonical":"https:\/\/www.pollmeier.com\/de\/newsletter-abonnement\/baubuche-newsletter-abonnement\/","og_locale":"de_DE","og_type":"article","og_title":"BauBuche-Newsletter-Abonnement - Pollmeier","og_description":"Newsletters BauBuche Newsletter Wir optimieren und erweitern unsere Produktpalette kontinuierlich. Seien Sie der Erste, der die neuesten Informationen","og_url":"https:\/\/www.pollmeier.com\/de\/newsletter-abonnement\/baubuche-newsletter-abonnement\/","og_site_name":"Pollmeier","article_publisher":"https:\/\/www.facebook.com\/pollmeier.massivholz\/?fref=ts","article_modified_time":"2024-03-18T10:27:16+00:00","twitter_card":"summary_large_image","twitter_misc":{"Gesch\u00e4tzte Lesezeit":"2\u00a0Minuten"},"schema":{"@context":"https:\/\/schema.org","@graph":[{"@type":"WebPage","@id":"https:\/\/www.pollmeier.com\/de\/newsletter-abonnement\/baubuche-newsletter-abonnement\/","url":"https:\/\/www.pollmeier.com\/de\/newsletter-abonnement\/baubuche-newsletter-abonnement\/","name":"BauBuche-Newsletter-Abonnement - Pollmeier","isPartOf":{"@id":"https:\/\/www.pollmeier.com\/de\/#website"},"datePublished":"2023-08-27T09:27:36+00:00","dateModified":"2024-03-18T10:27:16+00:00","description":"Newsletters BauBuche Newsletter Wir optimieren und erweitern unsere Produktpalette kontinuierlich. Seien Sie der Erste, der die neuesten Informationen","breadcrumb":{"@id":"https:\/\/www.pollmeier.com\/de\/newsletter-abonnement\/baubuche-newsletter-abonnement\/#breadcrumb"},"inLanguage":"de","potentialAction":[{"@type":"ReadAction","target":["https:\/\/www.pollmeier.com\/de\/newsletter-abonnement\/baubuche-newsletter-abonnement\/"]}]},{"@type":"BreadcrumbList","@id":"https:\/\/www.pollmeier.com\/de\/newsletter-abonnement\/baubuche-newsletter-abonnement\/#breadcrumb","itemListElement":[{"@type":"ListItem","position":1,"name":"Home","item":"https:\/\/www.pollmeier.com\/de\/"},{"@type":"ListItem","position":2,"name":"Newsletter-Abonnement","item":"https:\/\/www.pollmeier.com\/de\/newsletter-abonnement\/"},{"@type":"ListItem","position":3,"name":"BauBuche-Newsletter-Abonnement"}]},{"@type":"WebSite","@id":"https:\/\/www.pollmeier.com\/de\/#website","url":"https:\/\/www.pollmeier.com\/de\/","name":"Pollmeier","description":"","publisher":{"@id":"https:\/\/www.pollmeier.com\/de\/#organization"},"potentialAction":[{"@type":"SearchAction","target":{"@type":"EntryPoint","urlTemplate":"https:\/\/www.pollmeier.com\/de\/?s={search_term_string}"},"query-input":{"@type":"PropertyValueSpecification","valueRequired":true,"valueName":"search_term_string"}}],"inLanguage":"de"},{"@type":"Organization","@id":"https:\/\/www.pollmeier.com\/de\/#organization","name":"Pollmeier","url":"https:\/\/www.pollmeier.com\/de\/","logo":{"@type":"ImageObject","inLanguage":"de","@id":"https:\/\/www.pollmeier.com\/de\/#\/schema\/logo\/image\/","url":"https:\/\/www.pollmeier.com\/wp-content\/uploads\/2023\/01\/Pollmeier-Logo-RGB.png","contentUrl":"https:\/\/www.pollmeier.com\/wp-content\/uploads\/2023\/01\/Pollmeier-Logo-RGB.png","width":7630,"height":1000,"caption":"Pollmeier"},"image":{"@id":"https:\/\/www.pollmeier.com\/de\/#\/schema\/logo\/image\/"},"sameAs":["https:\/\/www.facebook.com\/pollmeier.massivholz\/?fref=ts","https:\/\/www.instagram.com\/pollmeier.massivholz\/","https:\/\/www.youtube.com\/channel\/UCNEu1HAZzkMEb80QqPEkXig","https:\/\/www.linkedin.com\/company\/13056550\/admin\/"]}]}},"_links":{"self":[{"href":"https:\/\/www.pollmeier.com\/de\/wp-json\/wp\/v2\/pages\/147886","targetHints":{"allow":["GET"]}}],"collection":[{"href":"https:\/\/www.pollmeier.com\/de\/wp-json\/wp\/v2\/pages"}],"about":[{"href":"https:\/\/www.pollmeier.com\/de\/wp-json\/wp\/v2\/types\/page"}],"author":[{"embeddable":true,"href":"https:\/\/www.pollmeier.com\/de\/wp-json\/wp\/v2\/users\/12"}],"replies":[{"embeddable":true,"href":"https:\/\/www.pollmeier.com\/de\/wp-json\/wp\/v2\/comments?post=147886"}],"version-history":[{"count":3,"href":"https:\/\/www.pollmeier.com\/de\/wp-json\/wp\/v2\/pages\/147886\/revisions"}],"predecessor-version":[{"id":274494,"href":"https:\/\/www.pollmeier.com\/de\/wp-json\/wp\/v2\/pages\/147886\/revisions\/274494"}],"up":[{"embeddable":true,"href":"https:\/\/www.pollmeier.com\/de\/wp-json\/wp\/v2\/pages\/147882"}],"wp:attachment":[{"href":"https:\/\/www.pollmeier.com\/de\/wp-json\/wp\/v2\/media?parent=147886"}],"curies":[{"name":"wp","href":"https:\/\/api.w.org\/{rel}","templated":true}]}}