{"id":147890,"date":"2023-08-27T11:20:13","date_gmt":"2023-08-27T09:20:13","guid":{"rendered":"https:\/\/www.pollmeier.com\/newsletter-abonnement\/components-newsletter-abonnement\/"},"modified":"2023-09-01T15:11:31","modified_gmt":"2023-09-01T13:11:31","slug":"components-newsletter-abonnement","status":"publish","type":"page","link":"https:\/\/www.pollmeier.com\/de\/newsletter-abonnement\/components-newsletter-abonnement\/","title":{"rendered":"COMPONENTS Newsletter-Abonnement"},"content":{"rendered":"\t\t<div data-elementor-type=\"wp-page\" data-elementor-id=\"147890\" class=\"elementor elementor-147890 elementor-142555\" data-elementor-post-type=\"page\">\n\t\t\t\t\t\t<section class=\"elementor-section elementor-top-section elementor-element elementor-element-5292f58 elementor-section-boxed elementor-section-height-default elementor-section-height-default\" data-id=\"5292f58\" data-element_type=\"section\" data-e-type=\"section\">\n\t\t\t\t\t\t<div class=\"elementor-container elementor-column-gap-default\">\n\t\t\t\t\t<div class=\"elementor-column elementor-col-100 elementor-top-column elementor-element elementor-element-a2241de\" data-id=\"a2241de\" data-element_type=\"column\" data-e-type=\"column\">\n\t\t\t<div class=\"elementor-widget-wrap elementor-element-populated\">\n\t\t\t\t\t\t<div class=\"elementor-element elementor-element-1f3c5a8 elementor-align-left elementor-mobile-align-left arrow-btn elementor-widget elementor-widget-button\" data-id=\"1f3c5a8\" data-element_type=\"widget\" data-e-type=\"widget\" data-widget_type=\"button.default\">\n\t\t\t\t<div class=\"elementor-widget-container\">\n\t\t\t\t\t\t\t\t\t<div class=\"elementor-button-wrapper\">\n\t\t\t\t\t<a class=\"elementor-button elementor-button-link elementor-size-md\" href=\"https:\/\/www.pollmeier.com\/de\/newsletter-abonnement\/\">\n\t\t\t\t\t\t<span class=\"elementor-button-content-wrapper\">\n\t\t\t\t\t\t<span class=\"elementor-button-icon\">\n\t\t\t\t<svg xmlns=\"http:\/\/www.w3.org\/2000\/svg\" xmlns:xlink=\"http:\/\/www.w3.org\/1999\/xlink\" id=\"Ebene_1\" x=\"0px\" y=\"0px\" viewBox=\"0 0 115 16\" style=\"enable-background:new 0 0 115 16;\" xml:space=\"preserve\"><path d=\"M0.3,8.7l6.4,6.4c0.4,0.4,1,0.4,1.4,0c0.4-0.4,0.4-1,0-1.4L2.4,8l5.7-5.7c0.4-0.4,0.4-1,0-1.4c-0.4-0.4-1-0.4-1.4,0L0.3,7.3 C-0.1,7.7-0.1,8.3,0.3,8.7L0.3,8.7z M114.2,7H1v2h113.2V7z\"><\/path><\/svg>\t\t\t<\/span>\n\t\t\t\t\t\t\t\t\t<span class=\"elementor-button-text\">Newsletters<\/span>\n\t\t\t\t\t<\/span>\n\t\t\t\t\t<\/a>\n\t\t\t\t<\/div>\n\t\t\t\t\t\t\t\t<\/div>\n\t\t\t\t<\/div>\n\t\t\t\t<div class=\"elementor-element elementor-element-20fbcc6 elementor-widget elementor-widget-heading\" data-id=\"20fbcc6\" data-element_type=\"widget\" data-e-type=\"widget\" data-widget_type=\"heading.default\">\n\t\t\t\t<div class=\"elementor-widget-container\">\n\t\t\t\t\t<h2 class=\"elementor-heading-title elementor-size-default\">COMPONENTS Newsletter<\/h2>\t\t\t\t<\/div>\n\t\t\t\t<\/div>\n\t\t\t\t<div class=\"elementor-element elementor-element-fecbfa6 elementor-widget elementor-widget-text-editor\" data-id=\"fecbfa6\" data-element_type=\"widget\" data-e-type=\"widget\" data-widget_type=\"text-editor.default\">\n\t\t\t\t<div class=\"elementor-widget-container\">\n\t\t\t\t\t\t\t\t\t<p><strong>Abonnieren Sie jetzt<\/strong> die t\u00e4glich aktualisierte Bestandsliste unserer COMPONENTS Standardabmessungen!<\/p>\n<p>F\u00fcr Holzverarbeiter z.B. M\u00f6bel- Leimholzplatten, Leisten- und T\u00fcrenhersteller uvm., sowie f\u00fcr den Holzhandel.<\/p>\n\t\t\t\t\t\t\t\t<\/div>\n\t\t\t\t<\/div>\n\t\t\t\t\t<\/div>\n\t\t<\/div>\n\t\t\t\t\t<\/div>\n\t\t<\/section>\n\t\t\t\t<section class=\"elementor-section elementor-top-section elementor-element elementor-element-950e0e5 elementor-section-boxed elementor-section-height-default elementor-section-height-default\" data-id=\"950e0e5\" data-element_type=\"section\" data-e-type=\"section\">\n\t\t\t\t\t\t<div class=\"elementor-container elementor-column-gap-default\">\n\t\t\t\t\t<div class=\"elementor-column elementor-col-100 elementor-top-column elementor-element elementor-element-60c06c6\" data-id=\"60c06c6\" data-element_type=\"column\" data-e-type=\"column\">\n\t\t\t<div class=\"elementor-widget-wrap elementor-element-populated\">\n\t\t\t\t\t\t<div class=\"elementor-element elementor-element-1bb37f6 elementor-widget elementor-widget-template\" data-id=\"1bb37f6\" data-element_type=\"widget\" data-e-type=\"widget\" data-widget_type=\"template.default\">\n\t\t\t\t<div class=\"elementor-widget-container\">\n\t\t\t\t\t\t\t<div class=\"elementor-template\">\n\t\t\t\t\t<div data-elementor-type=\"section\" data-elementor-id=\"14804\" class=\"elementor elementor-14804 elementor-2493 elementor-2493\" data-elementor-post-type=\"elementor_library\">\n\t\t\t\t\t<section class=\"elementor-section elementor-top-section elementor-element elementor-element-3562e69e elementor-section-height-min-height elementor-section-items-stretch elementor-section-content-bottom newsletter-padding elementor-section-boxed elementor-section-height-default\" data-id=\"3562e69e\" data-element_type=\"section\" data-e-type=\"section\" data-settings=\"{&quot;background_background&quot;:&quot;classic&quot;}\">\n\t\t\t\t\t\t<div class=\"elementor-container elementor-column-gap-default\">\n\t\t\t\t\t<div data-dce-background-image-url=\"https:\/\/www.pollmeier.com\/wp-content\/uploads\/2023\/07\/components_newsletter.webp\" class=\"elementor-column elementor-col-100 elementor-top-column elementor-element elementor-element-382cef83\" data-id=\"382cef83\" data-element_type=\"column\" data-e-type=\"column\" data-settings=\"{&quot;background_background&quot;:&quot;classic&quot;}\">\n\t\t\t<div class=\"elementor-widget-wrap elementor-element-populated\">\n\t\t\t\t\t\t<section class=\"elementor-section elementor-inner-section elementor-element elementor-element-5a36bcd6 elementor-section-height-min-height elementor-section-full_width elementor-section-height-default\" data-id=\"5a36bcd6\" data-element_type=\"section\" data-e-type=\"section\">\n\t\t\t\t\t\t<div class=\"elementor-container elementor-column-gap-default\">\n\t\t\t\t\t<div data-dce-background-color=\"#FFFFFFB3\" class=\"elementor-column elementor-col-100 elementor-inner-column elementor-element elementor-element-50d92fa9\" data-id=\"50d92fa9\" data-element_type=\"column\" data-e-type=\"column\" data-settings=\"{&quot;background_background&quot;:&quot;classic&quot;}\">\n\t\t\t<div class=\"elementor-widget-wrap elementor-element-populated\">\n\t\t\t\t\t\t<div class=\"elementor-element elementor-element-48f31b6b elementor-widget elementor-widget-text-editor\" data-id=\"48f31b6b\" data-element_type=\"widget\" data-e-type=\"widget\" data-widget_type=\"text-editor.default\">\n\t\t\t\t<div class=\"elementor-widget-container\">\n\t\t\t\t\t\t\t\t\t<p>Melden Sie sich f\u00fcr unseren COMPONENTS Newsletter an, um Zugriff auf unsere t\u00e4glich aktualisierte Lagerbestandsliste zu erhalten.<\/p>\t\t\t\t\t\t\t\t<\/div>\n\t\t\t\t<\/div>\n\t\t\t\t<div class=\"elementor-element elementor-element-abca9e0 pm-newsletter elementor-widget elementor-widget-html\" data-id=\"abca9e0\" data-element_type=\"widget\" data-e-type=\"widget\" data-widget_type=\"html.default\">\n\t\t\t\t<div class=\"elementor-widget-container\">\n\t\t\t\t\t<script id=\"n2g_script\">!function(e,t,n,c,r,a,i){e.Newsletter2GoTrackingObject=r,e[r]=e[r]||function(){(e[r].q=e[r].q||[]).push(arguments)},e[r].l=1*new Date,a=t.createElement(n),i=t.getElementsByTagName(n)[0],a.async=1,a.src=c,i.parentNode.insertBefore(a,i)}(window,document,\"script\",\"https:\/\/static.newsletter2go.com\/utils.js\",\"n2g\");var config = {\n    \"form\": {\n        \"class\": \"\",\n        \"style\": \"\"\n    },\n    \"container\": {\n        \"type\": \"div\",\n        \"class\": \"\",\n        \"style\": \"width: 100%;\"\n    },\n    \"row\": {\n        \"type\": \"div\",\n        \"class\": \"\",\n        \"style\": \"\"\n    },\n    \"columnLeft\": {\n        \"type\": \"div\",\n        \"class\": \"\",\n        \"style\": \"width: 40%; padding: 10px 5px; visibility: hidden;\"\n    },\n    \"columnRight\": {\n        \"type\": \"div\",\n        \"class\": \"\",\n        \"style\": \"\"\n    },\n    \"checkbox\": {\n        \"type\": \"input\",\n        \"class\": \"\",\n        \"style\": \"\"\n    },\n    \"separator\": {\n        \"type\": \"br\",\n        \"class\": \"\",\n        \"style\": \"\"\n    },\n    \"input\": {\n        \"class\": \"pollmeier-newsletter-email-field\",\n        \"placeholder\": \"E-Mail\",\n        \"style\": \"padding: 5px 10px; border-radius: 0; border-bottom: 1px solid #d8dee4; border-left: 0; border-right: 0; border-top: 0;color:#252525;border-color:#252525; outline: none; background: transparent;\"\n    },\n    \"dropdown\": {\n        \"type\": \"select\",\n        \"class\": \"\",\n        \"style\": \"padding: 3px 5px; border-radius: 2px; border: 1px solid #d8dee4;\"\n    },\n    \"button\": {\n        \"type\": \"button\",\n        \"class\": \"pollmeier-newsletter-button-field\",\n        \"id\": \"\",\n        \"style\": \"background:none; border: none; xborder-radius: 5px; padding: 0; color: #888888; margin-top: -48px; cursor: pointer; position: absolute; right: 0; font-weight: 500;\"\n    },\n    \"label\": {\n        \"type\": \"label\",\n        \"class\": \"\",\n        \"style\": \"padding-left: 5px\"\n    },\n    \"loader\": {\n        \"type\": \"img\",\n        \"src\": \"\/\/www.newsletter2go.com\/images\/loader.svg\",\n        \"class\": \"\",\n        \"style\": \"margin: auto; display:block; width: auto;\"\n    },\n    \"message\": {\n        \"type\": \"h2\",\n        \"class\": \"\",\n        \"id\": \"\",\n        \"style\": \"text-align: center;\"\n    },\n    \"captchaImage\": {\n\t\"type\": \"img\",\n\t\"class\": \"\",\n\t\"style\": \"padding: 5px; border: 0px solid #fff; margin-top: 5px; width: 32px; height: 32px; cursor: pointer; display:inline;\",\n\t\"style:active\": \"padding: 5px; border: 3px solid #ccc; margin-top: 5px; width: 32px; height: 32px; cursor: pointer;\"\n    }\n };n2g('create', '3t9cl8mr-91p98fsn-13j7');n2g('subscribe:createForm', config);<\/script>\t\t\t\t<\/div>\n\t\t\t\t<\/div>\n\t\t\t\t\t<\/div>\n\t\t<\/div>\n\t\t\t\t\t<\/div>\n\t\t<\/section>\n\t\t\t\t\t<\/div>\n\t\t<\/div>\n\t\t\t\t\t<\/div>\n\t\t<\/section>\n\t\t\t\t<\/div>\n\t\t\t\t<\/div>\n\t\t\t\t\t\t<\/div>\n\t\t\t\t<\/div>\n\t\t\t\t\t<\/div>\n\t\t<\/div>\n\t\t\t\t\t<\/div>\n\t\t<\/section>\n\t\t\t\t<\/div>\n\t\t","protected":false},"excerpt":{"rendered":"<p>Newsletters COMPONENTS Newsletter Abonnieren Sie jetzt die t\u00e4glich aktualisierte Bestandsliste unserer COMPONENTS Standardabmessungen! F\u00fcr Holzverarbeiter z.B. M\u00f6bel- Leimholzplatten, Leisten- und T\u00fcrenhersteller uvm., sowie f\u00fcr den Holzhandel.<\/p>\n","protected":false},"author":12,"featured_media":0,"parent":147882,"menu_order":0,"comment_status":"closed","ping_status":"closed","template":"","meta":{"_acf_changed":false,"footnotes":""},"class_list":["post-147890","page","type-page","status-publish","hentry"],"acf":[],"yoast_head":"<!-- This site is optimized with the Yoast SEO plugin v27.4 - https:\/\/yoast.com\/product\/yoast-seo-wordpress\/ -->\n<title>COMPONENTS Newsletter-Abonnement - Pollmeier<\/title>\n<meta name=\"description\" content=\"Newsletters COMPONENTS Newsletter Abonnieren Sie jetzt die t\u00e4glich aktualisierte Bestandsliste unserer COMPONENTS Standardabmessungen! F\u00fcr Holzverarbeiter\" \/>\n<meta name=\"robots\" content=\"index, follow, max-snippet:-1, max-image-preview:large, max-video-preview:-1\" \/>\n<link rel=\"canonical\" href=\"https:\/\/www.pollmeier.com\/de\/newsletter-abonnement\/components-newsletter-abonnement\/\" \/>\n<meta property=\"og:locale\" content=\"de_DE\" \/>\n<meta property=\"og:type\" content=\"article\" \/>\n<meta property=\"og:title\" content=\"COMPONENTS Newsletter-Abonnement - Pollmeier\" \/>\n<meta property=\"og:description\" content=\"Newsletters COMPONENTS Newsletter Abonnieren Sie jetzt die t\u00e4glich aktualisierte Bestandsliste unserer COMPONENTS Standardabmessungen! F\u00fcr Holzverarbeiter\" \/>\n<meta property=\"og:url\" content=\"https:\/\/www.pollmeier.com\/de\/newsletter-abonnement\/components-newsletter-abonnement\/\" \/>\n<meta property=\"og:site_name\" content=\"Pollmeier\" \/>\n<meta property=\"article:publisher\" content=\"https:\/\/www.facebook.com\/pollmeier.massivholz\/?fref=ts\" \/>\n<meta property=\"article:modified_time\" content=\"2023-09-01T13:11:31+00:00\" \/>\n<meta name=\"twitter:card\" content=\"summary_large_image\" \/>\n<script type=\"application\/ld+json\" class=\"yoast-schema-graph\">{\"@context\":\"https:\\\/\\\/schema.org\",\"@graph\":[{\"@type\":\"WebPage\",\"@id\":\"https:\\\/\\\/www.pollmeier.com\\\/de\\\/newsletter-abonnement\\\/components-newsletter-abonnement\\\/\",\"url\":\"https:\\\/\\\/www.pollmeier.com\\\/de\\\/newsletter-abonnement\\\/components-newsletter-abonnement\\\/\",\"name\":\"COMPONENTS Newsletter-Abonnement - Pollmeier\",\"isPartOf\":{\"@id\":\"https:\\\/\\\/www.pollmeier.com\\\/de\\\/#website\"},\"datePublished\":\"2023-08-27T09:20:13+00:00\",\"dateModified\":\"2023-09-01T13:11:31+00:00\",\"description\":\"Newsletters COMPONENTS Newsletter Abonnieren Sie jetzt die t\u00e4glich aktualisierte Bestandsliste unserer COMPONENTS Standardabmessungen! F\u00fcr Holzverarbeiter\",\"breadcrumb\":{\"@id\":\"https:\\\/\\\/www.pollmeier.com\\\/de\\\/newsletter-abonnement\\\/components-newsletter-abonnement\\\/#breadcrumb\"},\"inLanguage\":\"de\",\"potentialAction\":[{\"@type\":\"ReadAction\",\"target\":[\"https:\\\/\\\/www.pollmeier.com\\\/de\\\/newsletter-abonnement\\\/components-newsletter-abonnement\\\/\"]}]},{\"@type\":\"BreadcrumbList\",\"@id\":\"https:\\\/\\\/www.pollmeier.com\\\/de\\\/newsletter-abonnement\\\/components-newsletter-abonnement\\\/#breadcrumb\",\"itemListElement\":[{\"@type\":\"ListItem\",\"position\":1,\"name\":\"Home\",\"item\":\"https:\\\/\\\/www.pollmeier.com\\\/de\\\/\"},{\"@type\":\"ListItem\",\"position\":2,\"name\":\"Newsletter-Abonnement\",\"item\":\"https:\\\/\\\/www.pollmeier.com\\\/de\\\/newsletter-abonnement\\\/\"},{\"@type\":\"ListItem\",\"position\":3,\"name\":\"COMPONENTS Newsletter-Abonnement\"}]},{\"@type\":\"WebSite\",\"@id\":\"https:\\\/\\\/www.pollmeier.com\\\/de\\\/#website\",\"url\":\"https:\\\/\\\/www.pollmeier.com\\\/de\\\/\",\"name\":\"Pollmeier\",\"description\":\"\",\"publisher\":{\"@id\":\"https:\\\/\\\/www.pollmeier.com\\\/de\\\/#organization\"},\"potentialAction\":[{\"@type\":\"SearchAction\",\"target\":{\"@type\":\"EntryPoint\",\"urlTemplate\":\"https:\\\/\\\/www.pollmeier.com\\\/de\\\/?s={search_term_string}\"},\"query-input\":{\"@type\":\"PropertyValueSpecification\",\"valueRequired\":true,\"valueName\":\"search_term_string\"}}],\"inLanguage\":\"de\"},{\"@type\":\"Organization\",\"@id\":\"https:\\\/\\\/www.pollmeier.com\\\/de\\\/#organization\",\"name\":\"Pollmeier\",\"url\":\"https:\\\/\\\/www.pollmeier.com\\\/de\\\/\",\"logo\":{\"@type\":\"ImageObject\",\"inLanguage\":\"de\",\"@id\":\"https:\\\/\\\/www.pollmeier.com\\\/de\\\/#\\\/schema\\\/logo\\\/image\\\/\",\"url\":\"https:\\\/\\\/www.pollmeier.com\\\/wp-content\\\/uploads\\\/2023\\\/01\\\/Pollmeier-Logo-RGB.png\",\"contentUrl\":\"https:\\\/\\\/www.pollmeier.com\\\/wp-content\\\/uploads\\\/2023\\\/01\\\/Pollmeier-Logo-RGB.png\",\"width\":7630,\"height\":1000,\"caption\":\"Pollmeier\"},\"image\":{\"@id\":\"https:\\\/\\\/www.pollmeier.com\\\/de\\\/#\\\/schema\\\/logo\\\/image\\\/\"},\"sameAs\":[\"https:\\\/\\\/www.facebook.com\\\/pollmeier.massivholz\\\/?fref=ts\",\"https:\\\/\\\/www.instagram.com\\\/pollmeier.massivholz\\\/\",\"https:\\\/\\\/www.youtube.com\\\/channel\\\/UCNEu1HAZzkMEb80QqPEkXig\",\"https:\\\/\\\/www.linkedin.com\\\/company\\\/13056550\\\/admin\\\/\"]}]}<\/script>\n<!-- \/ Yoast SEO plugin. -->","yoast_head_json":{"title":"COMPONENTS Newsletter-Abonnement - Pollmeier","description":"Newsletters COMPONENTS Newsletter Abonnieren Sie jetzt die t\u00e4glich aktualisierte Bestandsliste unserer COMPONENTS Standardabmessungen! F\u00fcr Holzverarbeiter","robots":{"index":"index","follow":"follow","max-snippet":"max-snippet:-1","max-image-preview":"max-image-preview:large","max-video-preview":"max-video-preview:-1"},"canonical":"https:\/\/www.pollmeier.com\/de\/newsletter-abonnement\/components-newsletter-abonnement\/","og_locale":"de_DE","og_type":"article","og_title":"COMPONENTS Newsletter-Abonnement - Pollmeier","og_description":"Newsletters COMPONENTS Newsletter Abonnieren Sie jetzt die t\u00e4glich aktualisierte Bestandsliste unserer COMPONENTS Standardabmessungen! F\u00fcr Holzverarbeiter","og_url":"https:\/\/www.pollmeier.com\/de\/newsletter-abonnement\/components-newsletter-abonnement\/","og_site_name":"Pollmeier","article_publisher":"https:\/\/www.facebook.com\/pollmeier.massivholz\/?fref=ts","article_modified_time":"2023-09-01T13:11:31+00:00","twitter_card":"summary_large_image","schema":{"@context":"https:\/\/schema.org","@graph":[{"@type":"WebPage","@id":"https:\/\/www.pollmeier.com\/de\/newsletter-abonnement\/components-newsletter-abonnement\/","url":"https:\/\/www.pollmeier.com\/de\/newsletter-abonnement\/components-newsletter-abonnement\/","name":"COMPONENTS Newsletter-Abonnement - Pollmeier","isPartOf":{"@id":"https:\/\/www.pollmeier.com\/de\/#website"},"datePublished":"2023-08-27T09:20:13+00:00","dateModified":"2023-09-01T13:11:31+00:00","description":"Newsletters COMPONENTS Newsletter Abonnieren Sie jetzt die t\u00e4glich aktualisierte Bestandsliste unserer COMPONENTS Standardabmessungen! F\u00fcr Holzverarbeiter","breadcrumb":{"@id":"https:\/\/www.pollmeier.com\/de\/newsletter-abonnement\/components-newsletter-abonnement\/#breadcrumb"},"inLanguage":"de","potentialAction":[{"@type":"ReadAction","target":["https:\/\/www.pollmeier.com\/de\/newsletter-abonnement\/components-newsletter-abonnement\/"]}]},{"@type":"BreadcrumbList","@id":"https:\/\/www.pollmeier.com\/de\/newsletter-abonnement\/components-newsletter-abonnement\/#breadcrumb","itemListElement":[{"@type":"ListItem","position":1,"name":"Home","item":"https:\/\/www.pollmeier.com\/de\/"},{"@type":"ListItem","position":2,"name":"Newsletter-Abonnement","item":"https:\/\/www.pollmeier.com\/de\/newsletter-abonnement\/"},{"@type":"ListItem","position":3,"name":"COMPONENTS Newsletter-Abonnement"}]},{"@type":"WebSite","@id":"https:\/\/www.pollmeier.com\/de\/#website","url":"https:\/\/www.pollmeier.com\/de\/","name":"Pollmeier","description":"","publisher":{"@id":"https:\/\/www.pollmeier.com\/de\/#organization"},"potentialAction":[{"@type":"SearchAction","target":{"@type":"EntryPoint","urlTemplate":"https:\/\/www.pollmeier.com\/de\/?s={search_term_string}"},"query-input":{"@type":"PropertyValueSpecification","valueRequired":true,"valueName":"search_term_string"}}],"inLanguage":"de"},{"@type":"Organization","@id":"https:\/\/www.pollmeier.com\/de\/#organization","name":"Pollmeier","url":"https:\/\/www.pollmeier.com\/de\/","logo":{"@type":"ImageObject","inLanguage":"de","@id":"https:\/\/www.pollmeier.com\/de\/#\/schema\/logo\/image\/","url":"https:\/\/www.pollmeier.com\/wp-content\/uploads\/2023\/01\/Pollmeier-Logo-RGB.png","contentUrl":"https:\/\/www.pollmeier.com\/wp-content\/uploads\/2023\/01\/Pollmeier-Logo-RGB.png","width":7630,"height":1000,"caption":"Pollmeier"},"image":{"@id":"https:\/\/www.pollmeier.com\/de\/#\/schema\/logo\/image\/"},"sameAs":["https:\/\/www.facebook.com\/pollmeier.massivholz\/?fref=ts","https:\/\/www.instagram.com\/pollmeier.massivholz\/","https:\/\/www.youtube.com\/channel\/UCNEu1HAZzkMEb80QqPEkXig","https:\/\/www.linkedin.com\/company\/13056550\/admin\/"]}]}},"_links":{"self":[{"href":"https:\/\/www.pollmeier.com\/de\/wp-json\/wp\/v2\/pages\/147890","targetHints":{"allow":["GET"]}}],"collection":[{"href":"https:\/\/www.pollmeier.com\/de\/wp-json\/wp\/v2\/pages"}],"about":[{"href":"https:\/\/www.pollmeier.com\/de\/wp-json\/wp\/v2\/types\/page"}],"author":[{"embeddable":true,"href":"https:\/\/www.pollmeier.com\/de\/wp-json\/wp\/v2\/users\/12"}],"replies":[{"embeddable":true,"href":"https:\/\/www.pollmeier.com\/de\/wp-json\/wp\/v2\/comments?post=147890"}],"version-history":[{"count":3,"href":"https:\/\/www.pollmeier.com\/de\/wp-json\/wp\/v2\/pages\/147890\/revisions"}],"predecessor-version":[{"id":147893,"href":"https:\/\/www.pollmeier.com\/de\/wp-json\/wp\/v2\/pages\/147890\/revisions\/147893"}],"up":[{"embeddable":true,"href":"https:\/\/www.pollmeier.com\/de\/wp-json\/wp\/v2\/pages\/147882"}],"wp:attachment":[{"href":"https:\/\/www.pollmeier.com\/de\/wp-json\/wp\/v2\/media?parent=147890"}],"curies":[{"name":"wp","href":"https:\/\/api.w.org\/{rel}","templated":true}]}}