{"id":328646,"date":"2024-06-13T13:06:56","date_gmt":"2024-06-13T11:06:56","guid":{"rendered":"https:\/\/www.pollmeier.com\/?page_id=328646"},"modified":"2024-09-11T14:42:11","modified_gmt":"2024-09-11T12:42:11","slug":"uber-uns","status":"publish","type":"page","link":"https:\/\/www.pollmeier.com\/de\/career\/uber-uns\/","title":{"rendered":"\u00dcber uns"},"content":{"rendered":"\t\t<div data-elementor-type=\"wp-page\" data-elementor-id=\"328646\" class=\"elementor elementor-328646\" data-elementor-post-type=\"page\">\n\t\t\t\t\t\t<section class=\"elementor-section elementor-top-section elementor-element elementor-element-6735a20 elementor-section-full_width elementor-section-height-default elementor-section-height-default\" data-id=\"6735a20\" data-element_type=\"section\" data-e-type=\"section\">\n\t\t\t\t\t\t<div class=\"elementor-container elementor-column-gap-default\">\n\t\t\t\t\t<div class=\"elementor-column elementor-col-100 elementor-top-column elementor-element elementor-element-5f4728d\" data-id=\"5f4728d\" data-element_type=\"column\" data-e-type=\"column\">\n\t\t\t<div class=\"elementor-widget-wrap elementor-element-populated\">\n\t\t\t\t\t\t<div class=\"elementor-element elementor-element-35cbd9b elementor-widget elementor-widget-heading\" data-id=\"35cbd9b\" data-element_type=\"widget\" data-e-type=\"widget\" data-widget_type=\"heading.default\">\n\t\t\t\t<div class=\"elementor-widget-container\">\n\t\t\t\t\t<h1 class=\"elementor-heading-title elementor-size-default\">\u00dcber uns<\/h1>\t\t\t\t<\/div>\n\t\t\t\t<\/div>\n\t\t\t\t\t<\/div>\n\t\t<\/div>\n\t\t\t\t\t<\/div>\n\t\t<\/section>\n\t\t\t\t<section class=\"elementor-section elementor-top-section elementor-element elementor-element-45998a7 elementor-section-boxed elementor-section-height-default elementor-section-height-default\" data-id=\"45998a7\" data-element_type=\"section\" data-e-type=\"section\">\n\t\t\t\t\t\t<div class=\"elementor-container elementor-column-gap-default\">\n\t\t\t\t\t<div class=\"elementor-column elementor-col-100 elementor-top-column elementor-element elementor-element-4b526f0\" data-id=\"4b526f0\" data-element_type=\"column\" data-e-type=\"column\">\n\t\t\t<div class=\"elementor-widget-wrap elementor-element-populated\">\n\t\t\t\t\t\t<div class=\"elementor-element elementor-element-d20401e elementor-cta--layout-image-right elementor-cta--laptop-layout-image-right elementor-cta--mobile-layout-image-above elementor-cta--valign-middle elementor-cta--skin-classic elementor-animated-content elementor-widget elementor-widget-call-to-action\" data-id=\"d20401e\" data-element_type=\"widget\" data-e-type=\"widget\" data-widget_type=\"call-to-action.default\">\n\t\t\t\t<div class=\"elementor-widget-container\">\n\t\t\t\t\t\t\t<a class=\"elementor-cta\" href=\"https:\/\/www.pollmeier.com\/de\/career\/uber-uns\/unsere-standorte\/\">\n\t\t\t\t\t<div class=\"elementor-cta__bg-wrapper\">\n\t\t\t\t<div class=\"elementor-cta__bg elementor-bg\" style=\"background-image: url(https:\/\/www.pollmeier.com\/wp-content\/uploads\/2023\/04\/jpeg-optimizer_creuzburg_site_01_notext-1024x532.jpg);\" role=\"img\" aria-label=\"jpeg-optimizer_creuzburg_site_01_notext\"><\/div>\n\t\t\t\t<div class=\"elementor-cta__bg-overlay\"><\/div>\n\t\t\t<\/div>\n\t\t\t\t\t\t\t<div class=\"elementor-cta__content\">\n\t\t\t\t\n\t\t\t\t\t\t\t\t\t<h2 class=\"elementor-cta__title elementor-cta__content-item elementor-content-item\">\n\t\t\t\t\t\tUnsere Standorte\t\t\t\t\t<\/h2>\n\t\t\t\t\n\t\t\t\t\n\t\t\t\t\t\t\t\t\t<div class=\"elementor-cta__button-wrapper elementor-cta__content-item elementor-content-item \">\n\t\t\t\t\t<span class=\"elementor-cta__button elementor-button elementor-size-\">\n\t\t\t\t\t\tMehr erfahren\t\t\t\t\t<\/span>\n\t\t\t\t\t<\/div>\n\t\t\t\t\t\t\t<\/div>\n\t\t\t\t\t\t<\/a>\n\t\t\t\t\t\t<\/div>\n\t\t\t\t<\/div>\n\t\t\t\t\t<\/div>\n\t\t<\/div>\n\t\t\t\t\t<\/div>\n\t\t<\/section>\n\t\t\t\t<section class=\"elementor-section elementor-top-section elementor-element elementor-element-0259212 elementor-section-boxed elementor-section-height-default elementor-section-height-default\" data-id=\"0259212\" data-element_type=\"section\" data-e-type=\"section\">\n\t\t\t\t\t\t<div class=\"elementor-container elementor-column-gap-default\">\n\t\t\t\t\t<div class=\"elementor-column elementor-col-100 elementor-top-column elementor-element elementor-element-65f4266\" data-id=\"65f4266\" data-element_type=\"column\" data-e-type=\"column\">\n\t\t\t<div class=\"elementor-widget-wrap elementor-element-populated\">\n\t\t\t\t\t\t<div class=\"elementor-element elementor-element-3912022 elementor-cta--layout-image-left elementor-cta--mobile-layout-image-above elementor-cta--skin-classic elementor-animated-content elementor-widget elementor-widget-call-to-action\" data-id=\"3912022\" data-element_type=\"widget\" data-e-type=\"widget\" data-widget_type=\"call-to-action.default\">\n\t\t\t\t<div class=\"elementor-widget-container\">\n\t\t\t\t\t\t\t<a class=\"elementor-cta\" href=\"https:\/\/www.pollmeier.com\/de\/career\/uber-uns\/unternehmenskultur\/\">\n\t\t\t\t\t<div class=\"elementor-cta__bg-wrapper\">\n\t\t\t\t<div class=\"elementor-cta__bg elementor-bg\" style=\"background-image: url(https:\/\/www.pollmeier.com\/wp-content\/uploads\/2024\/07\/RP-Bild-1024x1024.png);\" role=\"img\" aria-label=\"RP Bild\"><\/div>\n\t\t\t\t<div class=\"elementor-cta__bg-overlay\"><\/div>\n\t\t\t<\/div>\n\t\t\t\t\t\t\t<div class=\"elementor-cta__content\">\n\t\t\t\t\n\t\t\t\t\t\t\t\t\t<h2 class=\"elementor-cta__title elementor-cta__content-item elementor-content-item\">\n\t\t\t\t\t\tUnternehmenskultur\t\t\t\t\t<\/h2>\n\t\t\t\t\n\t\t\t\t\n\t\t\t\t\t\t\t\t\t<div class=\"elementor-cta__button-wrapper elementor-cta__content-item elementor-content-item \">\n\t\t\t\t\t<span class=\"elementor-cta__button elementor-button elementor-size-\">\n\t\t\t\t\t\tMehr erfahren\t\t\t\t\t<\/span>\n\t\t\t\t\t<\/div>\n\t\t\t\t\t\t\t<\/div>\n\t\t\t\t\t\t<\/a>\n\t\t\t\t\t\t<\/div>\n\t\t\t\t<\/div>\n\t\t\t\t\t<\/div>\n\t\t<\/div>\n\t\t\t\t\t<\/div>\n\t\t<\/section>\n\t\t\t\t<section class=\"elementor-section elementor-top-section elementor-element elementor-element-ae3ea0d elementor-section-boxed elementor-section-height-default elementor-section-height-default\" data-id=\"ae3ea0d\" data-element_type=\"section\" data-e-type=\"section\">\n\t\t\t\t\t\t<div class=\"elementor-container elementor-column-gap-default\">\n\t\t\t\t\t<div class=\"elementor-column elementor-col-100 elementor-top-column elementor-element elementor-element-e30dcbd\" data-id=\"e30dcbd\" data-element_type=\"column\" data-e-type=\"column\">\n\t\t\t<div class=\"elementor-widget-wrap elementor-element-populated\">\n\t\t\t\t\t\t<div class=\"elementor-element elementor-element-3a35542 elementor-cta--layout-image-right elementor-cta--mobile-layout-image-above elementor-cta--skin-classic elementor-animated-content elementor-widget elementor-widget-call-to-action\" data-id=\"3a35542\" data-element_type=\"widget\" data-e-type=\"widget\" data-widget_type=\"call-to-action.default\">\n\t\t\t\t<div class=\"elementor-widget-container\">\n\t\t\t\t\t\t\t<a class=\"elementor-cta\" href=\"https:\/\/www.pollmeier.com\/de\/career\/uber-uns\/fuhrungsverstandnis\/\">\n\t\t\t\t\t<div class=\"elementor-cta__bg-wrapper\">\n\t\t\t\t<div class=\"elementor-cta__bg elementor-bg\" style=\"background-image: url(https:\/\/www.pollmeier.com\/wp-content\/uploads\/2024\/09\/240419_JD_PeopleAtPollmeier-linksbundig-2-1024x1024.png);\" role=\"img\" aria-label=\"240419_JD_#PeopleAtPollmeier - linksb\u00fcndig-2\"><\/div>\n\t\t\t\t<div class=\"elementor-cta__bg-overlay\"><\/div>\n\t\t\t<\/div>\n\t\t\t\t\t\t\t<div class=\"elementor-cta__content\">\n\t\t\t\t\n\t\t\t\t\t\t\t\t\t<h2 class=\"elementor-cta__title elementor-cta__content-item elementor-content-item\">\n\t\t\t\t\t\tF\u00fchrungsverst\u00e4ndnis\t\t\t\t\t<\/h2>\n\t\t\t\t\n\t\t\t\t\n\t\t\t\t\t\t\t\t\t<div class=\"elementor-cta__button-wrapper elementor-cta__content-item elementor-content-item \">\n\t\t\t\t\t<span class=\"elementor-cta__button elementor-button elementor-size-\">\n\t\t\t\t\t\tMehr erfahren\t\t\t\t\t<\/span>\n\t\t\t\t\t<\/div>\n\t\t\t\t\t\t\t<\/div>\n\t\t\t\t\t\t<\/a>\n\t\t\t\t\t\t<\/div>\n\t\t\t\t<\/div>\n\t\t\t\t\t<\/div>\n\t\t<\/div>\n\t\t\t\t\t<\/div>\n\t\t<\/section>\n\t\t\t\t<section class=\"elementor-section elementor-top-section elementor-element elementor-element-075964c elementor-section-boxed elementor-section-height-default elementor-section-height-default\" data-id=\"075964c\" data-element_type=\"section\" data-e-type=\"section\">\n\t\t\t\t\t\t<div class=\"elementor-container elementor-column-gap-default\">\n\t\t\t\t\t<div class=\"elementor-column elementor-col-100 elementor-top-column elementor-element elementor-element-8a5a10a\" data-id=\"8a5a10a\" data-element_type=\"column\" data-e-type=\"column\">\n\t\t\t<div class=\"elementor-widget-wrap elementor-element-populated\">\n\t\t\t\t\t\t<div class=\"elementor-element elementor-element-40ad4fd elementor-cta--layout-image-left elementor-cta--mobile-layout-image-above elementor-cta--skin-classic elementor-animated-content elementor-widget elementor-widget-call-to-action\" data-id=\"40ad4fd\" data-element_type=\"widget\" data-e-type=\"widget\" data-widget_type=\"call-to-action.default\">\n\t\t\t\t<div class=\"elementor-widget-container\">\n\t\t\t\t\t\t\t<a class=\"elementor-cta\" href=\"https:\/\/www.pollmeier.com\/de\/career\/uber-uns\/personalentwicklung\/\">\n\t\t\t\t\t<div class=\"elementor-cta__bg-wrapper\">\n\t\t\t\t<div class=\"elementor-cta__bg elementor-bg\" style=\"background-image: url(https:\/\/www.pollmeier.com\/wp-content\/uploads\/2024\/08\/AdobeStock_187221118-1024x683.jpeg);\" role=\"img\" aria-label=\"Business people meeting at office and use post it notes to share idea. Brainstorming concept. Sticky note on glass wall.\"><\/div>\n\t\t\t\t<div class=\"elementor-cta__bg-overlay\"><\/div>\n\t\t\t<\/div>\n\t\t\t\t\t\t\t<div class=\"elementor-cta__content\">\n\t\t\t\t\n\t\t\t\t\t\t\t\t\t<h2 class=\"elementor-cta__title elementor-cta__content-item elementor-content-item\">\n\t\t\t\t\t\tPersonalentwicklung \t\t\t\t\t<\/h2>\n\t\t\t\t\n\t\t\t\t\n\t\t\t\t\t\t\t\t\t<div class=\"elementor-cta__button-wrapper elementor-cta__content-item elementor-content-item \">\n\t\t\t\t\t<span class=\"elementor-cta__button elementor-button elementor-size-\">\n\t\t\t\t\t\tMehr erfahren\t\t\t\t\t<\/span>\n\t\t\t\t\t<\/div>\n\t\t\t\t\t\t\t<\/div>\n\t\t\t\t\t\t<\/a>\n\t\t\t\t\t\t<\/div>\n\t\t\t\t<\/div>\n\t\t\t\t\t<\/div>\n\t\t<\/div>\n\t\t\t\t\t<\/div>\n\t\t<\/section>\n\t\t\t\t<\/div>\n\t\t","protected":false},"excerpt":{"rendered":"<p>Unsere Standorte Mehr erfahren Unternehmenskultur Mehr erfahren F\u00fchrungsverst\u00e4ndnis Mehr erfahren Personalentwicklung Mehr erfahren<\/p>\n","protected":false},"author":25,"featured_media":0,"parent":14647,"menu_order":0,"comment_status":"closed","ping_status":"closed","template":"","meta":{"_acf_changed":false,"footnotes":""},"class_list":["post-328646","page","type-page","status-publish","hentry"],"acf":[],"yoast_head":"<!-- This site is optimized with the Yoast SEO plugin v27.2 - https:\/\/yoast.com\/product\/yoast-seo-wordpress\/ -->\n<title>\u00dcber uns - Pollmeier<\/title>\n<meta name=\"description\" content=\"Unsere Standorte Mehr erfahren Unternehmenskultur Mehr erfahren F\u00fchrungsverst\u00e4ndnis Mehr erfahren Personalentwicklung Mehr\" \/>\n<meta name=\"robots\" content=\"index, follow, max-snippet:-1, max-image-preview:large, max-video-preview:-1\" \/>\n<link rel=\"canonical\" href=\"https:\/\/www.pollmeier.com\/de\/career\/uber-uns\/\" \/>\n<meta property=\"og:locale\" content=\"de_DE\" \/>\n<meta property=\"og:type\" content=\"article\" \/>\n<meta property=\"og:title\" content=\"\u00dcber uns - Pollmeier\" \/>\n<meta property=\"og:description\" content=\"Unsere Standorte Mehr erfahren Unternehmenskultur Mehr erfahren F\u00fchrungsverst\u00e4ndnis Mehr erfahren Personalentwicklung Mehr\" \/>\n<meta property=\"og:url\" content=\"https:\/\/www.pollmeier.com\/de\/career\/uber-uns\/\" \/>\n<meta property=\"og:site_name\" content=\"Pollmeier\" \/>\n<meta property=\"article:publisher\" content=\"https:\/\/www.facebook.com\/pollmeier.massivholz\/?fref=ts\" \/>\n<meta property=\"article:modified_time\" content=\"2024-09-11T12:42:11+00:00\" \/>\n<meta name=\"twitter:card\" content=\"summary_large_image\" \/>\n<meta name=\"twitter:label1\" content=\"Gesch\u00e4tzte Lesezeit\" \/>\n\t<meta name=\"twitter:data1\" content=\"1\u00a0Minute\" \/>\n<script type=\"application\/ld+json\" class=\"yoast-schema-graph\">{\"@context\":\"https:\/\/schema.org\",\"@graph\":[{\"@type\":\"WebPage\",\"@id\":\"https:\/\/www.pollmeier.com\/de\/career\/uber-uns\/\",\"url\":\"https:\/\/www.pollmeier.com\/de\/career\/uber-uns\/\",\"name\":\"\u00dcber uns - Pollmeier\",\"isPartOf\":{\"@id\":\"https:\/\/www.pollmeier.com\/de\/#website\"},\"datePublished\":\"2024-06-13T11:06:56+00:00\",\"dateModified\":\"2024-09-11T12:42:11+00:00\",\"description\":\"Unsere Standorte Mehr erfahren Unternehmenskultur Mehr erfahren F\u00fchrungsverst\u00e4ndnis Mehr erfahren Personalentwicklung Mehr\",\"breadcrumb\":{\"@id\":\"https:\/\/www.pollmeier.com\/de\/career\/uber-uns\/#breadcrumb\"},\"inLanguage\":\"de\",\"potentialAction\":[{\"@type\":\"ReadAction\",\"target\":[\"https:\/\/www.pollmeier.com\/de\/career\/uber-uns\/\"]}]},{\"@type\":\"BreadcrumbList\",\"@id\":\"https:\/\/www.pollmeier.com\/de\/career\/uber-uns\/#breadcrumb\",\"itemListElement\":[{\"@type\":\"ListItem\",\"position\":1,\"name\":\"Home\",\"item\":\"https:\/\/www.pollmeier.com\/de\/neues-design\/\"},{\"@type\":\"ListItem\",\"position\":2,\"name\":\"Karriere\",\"item\":\"https:\/\/www.pollmeier.com\/de\/career\/\"},{\"@type\":\"ListItem\",\"position\":3,\"name\":\"\u00dcber uns\"}]},{\"@type\":\"WebSite\",\"@id\":\"https:\/\/www.pollmeier.com\/de\/#website\",\"url\":\"https:\/\/www.pollmeier.com\/de\/\",\"name\":\"Pollmeier\",\"description\":\"\",\"publisher\":{\"@id\":\"https:\/\/www.pollmeier.com\/de\/#organization\"},\"potentialAction\":[{\"@type\":\"SearchAction\",\"target\":{\"@type\":\"EntryPoint\",\"urlTemplate\":\"https:\/\/www.pollmeier.com\/de\/?s={search_term_string}\"},\"query-input\":{\"@type\":\"PropertyValueSpecification\",\"valueRequired\":true,\"valueName\":\"search_term_string\"}}],\"inLanguage\":\"de\"},{\"@type\":\"Organization\",\"@id\":\"https:\/\/www.pollmeier.com\/de\/#organization\",\"name\":\"Pollmeier\",\"url\":\"https:\/\/www.pollmeier.com\/de\/\",\"logo\":{\"@type\":\"ImageObject\",\"inLanguage\":\"de\",\"@id\":\"https:\/\/www.pollmeier.com\/de\/#\/schema\/logo\/image\/\",\"url\":\"https:\/\/www.pollmeier.com\/wp-content\/uploads\/2023\/01\/Pollmeier-Logo-RGB.png\",\"contentUrl\":\"https:\/\/www.pollmeier.com\/wp-content\/uploads\/2023\/01\/Pollmeier-Logo-RGB.png\",\"width\":7630,\"height\":1000,\"caption\":\"Pollmeier\"},\"image\":{\"@id\":\"https:\/\/www.pollmeier.com\/de\/#\/schema\/logo\/image\/\"},\"sameAs\":[\"https:\/\/www.facebook.com\/pollmeier.massivholz\/?fref=ts\",\"https:\/\/www.instagram.com\/pollmeier.massivholz\/\",\"https:\/\/www.youtube.com\/channel\/UCNEu1HAZzkMEb80QqPEkXig\",\"https:\/\/www.linkedin.com\/company\/13056550\/admin\/\"]}]}<\/script>\n<!-- \/ Yoast SEO plugin. -->","yoast_head_json":{"title":"\u00dcber uns - Pollmeier","description":"Unsere Standorte Mehr erfahren Unternehmenskultur Mehr erfahren F\u00fchrungsverst\u00e4ndnis Mehr erfahren Personalentwicklung Mehr","robots":{"index":"index","follow":"follow","max-snippet":"max-snippet:-1","max-image-preview":"max-image-preview:large","max-video-preview":"max-video-preview:-1"},"canonical":"https:\/\/www.pollmeier.com\/de\/career\/uber-uns\/","og_locale":"de_DE","og_type":"article","og_title":"\u00dcber uns - Pollmeier","og_description":"Unsere Standorte Mehr erfahren Unternehmenskultur Mehr erfahren F\u00fchrungsverst\u00e4ndnis Mehr erfahren Personalentwicklung Mehr","og_url":"https:\/\/www.pollmeier.com\/de\/career\/uber-uns\/","og_site_name":"Pollmeier","article_publisher":"https:\/\/www.facebook.com\/pollmeier.massivholz\/?fref=ts","article_modified_time":"2024-09-11T12:42:11+00:00","twitter_card":"summary_large_image","twitter_misc":{"Gesch\u00e4tzte Lesezeit":"1\u00a0Minute"},"schema":{"@context":"https:\/\/schema.org","@graph":[{"@type":"WebPage","@id":"https:\/\/www.pollmeier.com\/de\/career\/uber-uns\/","url":"https:\/\/www.pollmeier.com\/de\/career\/uber-uns\/","name":"\u00dcber uns - Pollmeier","isPartOf":{"@id":"https:\/\/www.pollmeier.com\/de\/#website"},"datePublished":"2024-06-13T11:06:56+00:00","dateModified":"2024-09-11T12:42:11+00:00","description":"Unsere Standorte Mehr erfahren Unternehmenskultur Mehr erfahren F\u00fchrungsverst\u00e4ndnis Mehr erfahren Personalentwicklung Mehr","breadcrumb":{"@id":"https:\/\/www.pollmeier.com\/de\/career\/uber-uns\/#breadcrumb"},"inLanguage":"de","potentialAction":[{"@type":"ReadAction","target":["https:\/\/www.pollmeier.com\/de\/career\/uber-uns\/"]}]},{"@type":"BreadcrumbList","@id":"https:\/\/www.pollmeier.com\/de\/career\/uber-uns\/#breadcrumb","itemListElement":[{"@type":"ListItem","position":1,"name":"Home","item":"https:\/\/www.pollmeier.com\/de\/neues-design\/"},{"@type":"ListItem","position":2,"name":"Karriere","item":"https:\/\/www.pollmeier.com\/de\/career\/"},{"@type":"ListItem","position":3,"name":"\u00dcber uns"}]},{"@type":"WebSite","@id":"https:\/\/www.pollmeier.com\/de\/#website","url":"https:\/\/www.pollmeier.com\/de\/","name":"Pollmeier","description":"","publisher":{"@id":"https:\/\/www.pollmeier.com\/de\/#organization"},"potentialAction":[{"@type":"SearchAction","target":{"@type":"EntryPoint","urlTemplate":"https:\/\/www.pollmeier.com\/de\/?s={search_term_string}"},"query-input":{"@type":"PropertyValueSpecification","valueRequired":true,"valueName":"search_term_string"}}],"inLanguage":"de"},{"@type":"Organization","@id":"https:\/\/www.pollmeier.com\/de\/#organization","name":"Pollmeier","url":"https:\/\/www.pollmeier.com\/de\/","logo":{"@type":"ImageObject","inLanguage":"de","@id":"https:\/\/www.pollmeier.com\/de\/#\/schema\/logo\/image\/","url":"https:\/\/www.pollmeier.com\/wp-content\/uploads\/2023\/01\/Pollmeier-Logo-RGB.png","contentUrl":"https:\/\/www.pollmeier.com\/wp-content\/uploads\/2023\/01\/Pollmeier-Logo-RGB.png","width":7630,"height":1000,"caption":"Pollmeier"},"image":{"@id":"https:\/\/www.pollmeier.com\/de\/#\/schema\/logo\/image\/"},"sameAs":["https:\/\/www.facebook.com\/pollmeier.massivholz\/?fref=ts","https:\/\/www.instagram.com\/pollmeier.massivholz\/","https:\/\/www.youtube.com\/channel\/UCNEu1HAZzkMEb80QqPEkXig","https:\/\/www.linkedin.com\/company\/13056550\/admin\/"]}]}},"_links":{"self":[{"href":"https:\/\/www.pollmeier.com\/de\/wp-json\/wp\/v2\/pages\/328646","targetHints":{"allow":["GET"]}}],"collection":[{"href":"https:\/\/www.pollmeier.com\/de\/wp-json\/wp\/v2\/pages"}],"about":[{"href":"https:\/\/www.pollmeier.com\/de\/wp-json\/wp\/v2\/types\/page"}],"author":[{"embeddable":true,"href":"https:\/\/www.pollmeier.com\/de\/wp-json\/wp\/v2\/users\/25"}],"replies":[{"embeddable":true,"href":"https:\/\/www.pollmeier.com\/de\/wp-json\/wp\/v2\/comments?post=328646"}],"version-history":[{"count":3,"href":"https:\/\/www.pollmeier.com\/de\/wp-json\/wp\/v2\/pages\/328646\/revisions"}],"predecessor-version":[{"id":379943,"href":"https:\/\/www.pollmeier.com\/de\/wp-json\/wp\/v2\/pages\/328646\/revisions\/379943"}],"up":[{"embeddable":true,"href":"https:\/\/www.pollmeier.com\/de\/wp-json\/wp\/v2\/pages\/14647"}],"wp:attachment":[{"href":"https:\/\/www.pollmeier.com\/de\/wp-json\/wp\/v2\/media?parent=328646"}],"curies":[{"name":"wp","href":"https:\/\/api.w.org\/{rel}","templated":true}]}}