{"id":329873,"date":"2024-06-14T08:58:36","date_gmt":"2024-06-14T06:58:36","guid":{"rendered":"https:\/\/www.pollmeier.com\/?page_id=329873"},"modified":"2026-04-28T07:51:14","modified_gmt":"2026-04-28T05:51:14","slug":"ausbildung-duales-studium","status":"publish","type":"page","link":"https:\/\/www.pollmeier.com\/de\/career\/ausbildung-duales-studium\/","title":{"rendered":"Ausbildung &#038; Duales Studium"},"content":{"rendered":"\t\t<div data-elementor-type=\"wp-page\" data-elementor-id=\"329873\" class=\"elementor elementor-329873\" data-elementor-post-type=\"page\">\n\t\t\t\t\t\t<section class=\"elementor-section elementor-top-section elementor-element elementor-element-b3e01e5 elementor-section-full_width elementor-section-height-default elementor-section-height-default\" data-id=\"b3e01e5\" data-element_type=\"section\" data-e-type=\"section\">\n\t\t\t\t\t\t<div class=\"elementor-container elementor-column-gap-default\">\n\t\t\t\t\t<div class=\"elementor-column elementor-col-100 elementor-top-column elementor-element elementor-element-e620d6a\" data-id=\"e620d6a\" data-element_type=\"column\" data-e-type=\"column\">\n\t\t\t<div class=\"elementor-widget-wrap elementor-element-populated\">\n\t\t\t\t\t\t<div class=\"elementor-element elementor-element-bfa0dc5 elementor-widget elementor-widget-heading\" data-id=\"bfa0dc5\" data-element_type=\"widget\" data-e-type=\"widget\" data-widget_type=\"heading.default\">\n\t\t\t\t<div class=\"elementor-widget-container\">\n\t\t\t\t\t<h1 class=\"elementor-heading-title elementor-size-default\">Ausbildung &#038; Duales Studium<\/h1>\t\t\t\t<\/div>\n\t\t\t\t<\/div>\n\t\t\t\t\t<\/div>\n\t\t<\/div>\n\t\t\t\t\t<\/div>\n\t\t<\/section>\n\t\t\t\t<section class=\"elementor-section elementor-top-section elementor-element elementor-element-c068466 elementor-section-boxed elementor-section-height-default elementor-section-height-default\" data-id=\"c068466\" data-element_type=\"section\" data-e-type=\"section\">\n\t\t\t\t\t\t<div class=\"elementor-container elementor-column-gap-default\">\n\t\t\t\t\t<div class=\"elementor-column elementor-col-100 elementor-top-column elementor-element elementor-element-7f129d8\" data-id=\"7f129d8\" data-element_type=\"column\" data-e-type=\"column\">\n\t\t\t<div class=\"elementor-widget-wrap elementor-element-populated\">\n\t\t\t\t\t\t<div class=\"elementor-element elementor-element-ed04414 elementor-widget elementor-widget-ee-breadcrumbs\" data-id=\"ed04414\" data-element_type=\"widget\" data-e-type=\"widget\" data-widget_type=\"ee-breadcrumbs.default\">\n\t\t\t\t<div class=\"elementor-widget-container\">\n\t\t\t\t\t<ul class=\"ee-breadcrumbs\" itemscope=\"\" itemtype=\"http:\/\/schema.org\/BreadcrumbList\"><\/ul>\t\t\t\t<\/div>\n\t\t\t\t<\/div>\n\t\t\t\t\t<\/div>\n\t\t<\/div>\n\t\t\t\t\t<\/div>\n\t\t<\/section>\n\t\t\t\t<section class=\"elementor-section elementor-top-section elementor-element elementor-element-10dc46c elementor-section-boxed elementor-section-height-default elementor-section-height-default\" data-id=\"10dc46c\" data-element_type=\"section\" data-e-type=\"section\">\n\t\t\t\t\t\t<div class=\"elementor-container elementor-column-gap-default\">\n\t\t\t\t\t<div class=\"elementor-column elementor-col-100 elementor-top-column elementor-element elementor-element-17c8766\" data-id=\"17c8766\" data-element_type=\"column\" data-e-type=\"column\">\n\t\t\t<div class=\"elementor-widget-wrap elementor-element-populated\">\n\t\t\t\t\t\t<div class=\"elementor-element elementor-element-3d2d9cd elementor-widget elementor-widget-spacer\" data-id=\"3d2d9cd\" data-element_type=\"widget\" data-e-type=\"widget\" data-widget_type=\"spacer.default\">\n\t\t\t\t<div class=\"elementor-widget-container\">\n\t\t\t\t\t\t\t<div class=\"elementor-spacer\">\n\t\t\t<div class=\"elementor-spacer-inner\"><\/div>\n\t\t<\/div>\n\t\t\t\t\t\t<\/div>\n\t\t\t\t<\/div>\n\t\t\t\t<div class=\"elementor-element elementor-element-df8235e elementor-cta--layout-image-right elementor-cta--laptop-layout-image-right elementor-cta--mobile-layout-image-above elementor-cta--valign-middle elementor-cta--skin-classic elementor-animated-content elementor-widget elementor-widget-call-to-action\" data-id=\"df8235e\" data-element_type=\"widget\" data-e-type=\"widget\" data-widget_type=\"call-to-action.default\">\n\t\t\t\t<div class=\"elementor-widget-container\">\n\t\t\t\t\t\t\t<a class=\"elementor-cta\" href=\"https:\/\/www.pollmeier.com\/de\/?page_id=329875&#038;preview=true\">\n\t\t\t\t\t<div class=\"elementor-cta__bg-wrapper\">\n\t\t\t\t<div class=\"elementor-cta__bg elementor-bg\" style=\"background-image: url(https:\/\/www.pollmeier.com\/wp-content\/uploads\/2024\/08\/Holzbearbeitungsmechaniker-1024x1024.png);\" role=\"img\" aria-label=\"Holzbearbeitungsmechaniker\"><\/div>\n\t\t\t\t<div class=\"elementor-cta__bg-overlay\"><\/div>\n\t\t\t<\/div>\n\t\t\t\t\t\t\t<div class=\"elementor-cta__content\">\n\t\t\t\t\n\t\t\t\t\t\t\t\t\t<h2 class=\"elementor-cta__title elementor-cta__content-item elementor-content-item\">\n\t\t\t\t\t\tAusbildungsberufe\t\t\t\t\t<\/h2>\n\t\t\t\t\n\t\t\t\t\n\t\t\t\t\t\t\t\t\t<div class=\"elementor-cta__button-wrapper elementor-cta__content-item elementor-content-item \">\n\t\t\t\t\t<span class=\"elementor-cta__button elementor-button elementor-size-\">\n\t\t\t\t\t\tMehr erfahren\t\t\t\t\t<\/span>\n\t\t\t\t\t<\/div>\n\t\t\t\t\t\t\t<\/div>\n\t\t\t\t\t\t<\/a>\n\t\t\t\t\t\t<\/div>\n\t\t\t\t<\/div>\n\t\t\t\t<div class=\"elementor-element elementor-element-72cffb2 elementor-cta--layout-image-left elementor-cta--laptop-layout-image-right elementor-cta--mobile-layout-image-above elementor-cta--valign-middle elementor-cta--skin-classic elementor-animated-content elementor-widget elementor-widget-call-to-action\" data-id=\"72cffb2\" data-element_type=\"widget\" data-e-type=\"widget\" data-widget_type=\"call-to-action.default\">\n\t\t\t\t<div class=\"elementor-widget-container\">\n\t\t\t\t\t\t\t<a class=\"elementor-cta\" href=\"https:\/\/www.pollmeier.com\/de\/career\/ausbildung-duales-studium\/studiengange\/\">\n\t\t\t\t\t<div class=\"elementor-cta__bg-wrapper\">\n\t\t\t\t<div class=\"elementor-cta__bg elementor-bg\" style=\"background-image: url(https:\/\/www.pollmeier.com\/wp-content\/uploads\/2024\/09\/DSC05737-e1736761364732-1024x526.png);\" role=\"img\" aria-label=\"DSC05737\"><\/div>\n\t\t\t\t<div class=\"elementor-cta__bg-overlay\"><\/div>\n\t\t\t<\/div>\n\t\t\t\t\t\t\t<div class=\"elementor-cta__content\">\n\t\t\t\t\n\t\t\t\t\t\t\t\t\t<h2 class=\"elementor-cta__title elementor-cta__content-item elementor-content-item\">\n\t\t\t\t\t\tStudieng\u00e4nge\t\t\t\t\t<\/h2>\n\t\t\t\t\n\t\t\t\t\n\t\t\t\t\t\t\t\t\t<div class=\"elementor-cta__button-wrapper elementor-cta__content-item elementor-content-item \">\n\t\t\t\t\t<span class=\"elementor-cta__button elementor-button elementor-size-\">\n\t\t\t\t\t\tMehr erfahren\t\t\t\t\t<\/span>\n\t\t\t\t\t<\/div>\n\t\t\t\t\t\t\t<\/div>\n\t\t\t\t\t\t<\/a>\n\t\t\t\t\t\t<\/div>\n\t\t\t\t<\/div>\n\t\t\t\t<div class=\"elementor-element elementor-element-e91223f elementor-cta--layout-image-right elementor-cta--laptop-layout-image-right elementor-cta--mobile-layout-image-above elementor-cta--valign-middle elementor-cta--skin-classic elementor-animated-content elementor-widget elementor-widget-call-to-action\" data-id=\"e91223f\" data-element_type=\"widget\" data-e-type=\"widget\" data-widget_type=\"call-to-action.default\">\n\t\t\t\t<div class=\"elementor-widget-container\">\n\t\t\t\t\t\t\t<a class=\"elementor-cta\" href=\"https:\/\/www.pollmeier.com\/de\/?page_id=329881&#038;preview=true\">\n\t\t\t\t\t<div class=\"elementor-cta__bg-wrapper\">\n\t\t\t\t<div class=\"elementor-cta__bg elementor-bg\" style=\"background-image: url(https:\/\/www.pollmeier.com\/wp-content\/uploads\/2024\/08\/Header-Bilder-Karriereseite-15-1024x512.png);\" role=\"img\" aria-label=\"Header Bilder Karriereseite (15)\"><\/div>\n\t\t\t\t<div class=\"elementor-cta__bg-overlay\"><\/div>\n\t\t\t<\/div>\n\t\t\t\t\t\t\t<div class=\"elementor-cta__content\">\n\t\t\t\t\n\t\t\t\t\t\t\t\t\t<h2 class=\"elementor-cta__title elementor-cta__content-item elementor-content-item\">\n\t\t\t\t\t\tPraktikum bei uns\t\t\t\t\t<\/h2>\n\t\t\t\t\n\t\t\t\t\n\t\t\t\t\t\t\t\t\t<div class=\"elementor-cta__button-wrapper elementor-cta__content-item elementor-content-item \">\n\t\t\t\t\t<span class=\"elementor-cta__button elementor-button elementor-size-\">\n\t\t\t\t\t\tMehr erfahren\t\t\t\t\t<\/span>\n\t\t\t\t\t<\/div>\n\t\t\t\t\t\t\t<\/div>\n\t\t\t\t\t\t<\/a>\n\t\t\t\t\t\t<\/div>\n\t\t\t\t<\/div>\n\t\t\t\t<div class=\"elementor-element elementor-element-53a4710 elementor-cta--layout-image-left elementor-cta--laptop-layout-image-right elementor-cta--mobile-layout-image-above elementor-cta--valign-middle elementor-cta--skin-classic elementor-animated-content elementor-widget elementor-widget-call-to-action\" data-id=\"53a4710\" data-element_type=\"widget\" data-e-type=\"widget\" data-widget_type=\"call-to-action.default\">\n\t\t\t\t<div class=\"elementor-widget-container\">\n\t\t\t\t\t\t\t<a class=\"elementor-cta\" href=\"https:\/\/www.pollmeier.com\/de\/?page_id=329883&#038;preview=true\">\n\t\t\t\t\t<div class=\"elementor-cta__bg-wrapper\">\n\t\t\t\t<div class=\"elementor-cta__bg elementor-bg\" style=\"background-image: url(https:\/\/www.pollmeier.com\/wp-content\/uploads\/2024\/06\/AdobeStock_241988695-1024x341.jpeg);\" role=\"img\" aria-label=\"Young female teacher or a student writing math formula on blackboard in classroom.\"><\/div>\n\t\t\t\t<div class=\"elementor-cta__bg-overlay\"><\/div>\n\t\t\t<\/div>\n\t\t\t\t\t\t\t<div class=\"elementor-cta__content\">\n\t\t\t\t\n\t\t\t\t\t\t\t\t\t<h2 class=\"elementor-cta__title elementor-cta__content-item elementor-content-item\">\n\t\t\t\t\t\tF\u00fcr Schulen\t\t\t\t\t<\/h2>\n\t\t\t\t\n\t\t\t\t\n\t\t\t\t\t\t\t\t\t<div class=\"elementor-cta__button-wrapper elementor-cta__content-item elementor-content-item \">\n\t\t\t\t\t<span class=\"elementor-cta__button elementor-button elementor-size-\">\n\t\t\t\t\t\tMehr erfahren\t\t\t\t\t<\/span>\n\t\t\t\t\t<\/div>\n\t\t\t\t\t\t\t<\/div>\n\t\t\t\t\t\t<\/a>\n\t\t\t\t\t\t<\/div>\n\t\t\t\t<\/div>\n\t\t\t\t<div class=\"elementor-element elementor-element-be7c0e9 elementor-cta--layout-image-right elementor-cta--laptop-layout-image-right elementor-cta--mobile-layout-image-above elementor-cta--valign-middle elementor-cta--skin-classic elementor-animated-content elementor-widget elementor-widget-call-to-action\" data-id=\"be7c0e9\" data-element_type=\"widget\" data-e-type=\"widget\" data-widget_type=\"call-to-action.default\">\n\t\t\t\t<div class=\"elementor-widget-container\">\n\t\t\t\t\t\t\t<a class=\"elementor-cta\" href=\"https:\/\/www.pollmeier.com\/de\/?page_id=329885&#038;preview=true\">\n\t\t\t\t\t<div class=\"elementor-cta__bg-wrapper\">\n\t\t\t\t<div class=\"elementor-cta__bg elementor-bg\" style=\"background-image: url(https:\/\/www.pollmeier.com\/wp-content\/uploads\/2024\/08\/Header-Bilder-Karriereseite-4-1024x512.png);\" role=\"img\" aria-label=\"Header Bilder Karriereseite (4)\"><\/div>\n\t\t\t\t<div class=\"elementor-cta__bg-overlay\"><\/div>\n\t\t\t<\/div>\n\t\t\t\t\t\t\t<div class=\"elementor-cta__content\">\n\t\t\t\t\n\t\t\t\t\t\t\t\t\t<h2 class=\"elementor-cta__title elementor-cta__content-item elementor-content-item\">\n\t\t\t\t\t\tF\u00fcr Eltern\t\t\t\t\t<\/h2>\n\t\t\t\t\n\t\t\t\t\n\t\t\t\t\t\t\t\t\t<div class=\"elementor-cta__button-wrapper elementor-cta__content-item elementor-content-item \">\n\t\t\t\t\t<span class=\"elementor-cta__button elementor-button elementor-size-\">\n\t\t\t\t\t\tMehr erfahren\t\t\t\t\t<\/span>\n\t\t\t\t\t<\/div>\n\t\t\t\t\t\t\t<\/div>\n\t\t\t\t\t\t<\/a>\n\t\t\t\t\t\t<\/div>\n\t\t\t\t<\/div>\n\t\t\t\t\t<\/div>\n\t\t<\/div>\n\t\t\t\t\t<\/div>\n\t\t<\/section>\n\t\t\t\t<\/div>\n\t\t","protected":false},"excerpt":{"rendered":"<p>&nbsp; Ausbildungsberufe Mehr erfahren Studieng\u00e4nge Mehr erfahren Praktikum bei uns Mehr erfahren F\u00fcr Schulen Mehr erfahren F\u00fcr Eltern Mehr erfahren<\/p>\n","protected":false},"author":25,"featured_media":0,"parent":506399,"menu_order":0,"comment_status":"closed","ping_status":"closed","template":"","meta":{"_acf_changed":false,"footnotes":""},"class_list":["post-329873","page","type-page","status-publish","hentry"],"acf":[],"yoast_head":"<!-- This site is optimized with the Yoast SEO plugin v27.4 - https:\/\/yoast.com\/product\/yoast-seo-wordpress\/ -->\n<title>Ausbildung &amp; Duales Studium - Pollmeier<\/title>\n<meta name=\"description\" content=\"&nbsp; Ausbildungsberufe Mehr erfahren Studieng\u00e4nge Mehr erfahren Praktikum bei uns Mehr erfahren F\u00fcr Schulen Mehr erfahren F\u00fcr Eltern Mehr\" \/>\n<meta name=\"robots\" content=\"index, follow, max-snippet:-1, max-image-preview:large, max-video-preview:-1\" \/>\n<link rel=\"canonical\" href=\"https:\/\/www.pollmeier.com\/de\/career\/ausbildung-duales-studium\/\" \/>\n<meta property=\"og:locale\" content=\"de_DE\" \/>\n<meta property=\"og:type\" content=\"article\" \/>\n<meta property=\"og:title\" content=\"Ausbildung &amp; Duales Studium - Pollmeier\" \/>\n<meta property=\"og:description\" content=\"&nbsp; Ausbildungsberufe Mehr erfahren Studieng\u00e4nge Mehr erfahren Praktikum bei uns Mehr erfahren F\u00fcr Schulen Mehr erfahren F\u00fcr Eltern Mehr\" \/>\n<meta property=\"og:url\" content=\"https:\/\/www.pollmeier.com\/de\/career\/ausbildung-duales-studium\/\" \/>\n<meta property=\"og:site_name\" content=\"Pollmeier\" \/>\n<meta property=\"article:publisher\" content=\"https:\/\/www.facebook.com\/pollmeier.massivholz\/?fref=ts\" \/>\n<meta property=\"article:modified_time\" content=\"2026-04-28T05:51:14+00:00\" \/>\n<meta name=\"twitter:card\" content=\"summary_large_image\" \/>\n<meta name=\"twitter:label1\" content=\"Gesch\u00e4tzte Lesezeit\" \/>\n\t<meta name=\"twitter:data1\" content=\"1\u00a0Minute\" \/>\n<script type=\"application\/ld+json\" class=\"yoast-schema-graph\">{\"@context\":\"https:\\\/\\\/schema.org\",\"@graph\":[{\"@type\":\"WebPage\",\"@id\":\"https:\\\/\\\/www.pollmeier.com\\\/de\\\/career\\\/ausbildung-duales-studium\\\/\",\"url\":\"https:\\\/\\\/www.pollmeier.com\\\/de\\\/career\\\/ausbildung-duales-studium\\\/\",\"name\":\"Ausbildung & Duales Studium - Pollmeier\",\"isPartOf\":{\"@id\":\"https:\\\/\\\/www.pollmeier.com\\\/de\\\/#website\"},\"datePublished\":\"2024-06-14T06:58:36+00:00\",\"dateModified\":\"2026-04-28T05:51:14+00:00\",\"description\":\"&nbsp; Ausbildungsberufe Mehr erfahren Studieng\u00e4nge Mehr erfahren Praktikum bei uns Mehr erfahren F\u00fcr Schulen Mehr erfahren F\u00fcr Eltern Mehr\",\"breadcrumb\":{\"@id\":\"https:\\\/\\\/www.pollmeier.com\\\/de\\\/career\\\/ausbildung-duales-studium\\\/#breadcrumb\"},\"inLanguage\":\"de\",\"potentialAction\":[{\"@type\":\"ReadAction\",\"target\":[\"https:\\\/\\\/www.pollmeier.com\\\/de\\\/career\\\/ausbildung-duales-studium\\\/\"]}]},{\"@type\":\"BreadcrumbList\",\"@id\":\"https:\\\/\\\/www.pollmeier.com\\\/de\\\/career\\\/ausbildung-duales-studium\\\/#breadcrumb\",\"itemListElement\":[{\"@type\":\"ListItem\",\"position\":1,\"name\":\"Home\",\"item\":\"https:\\\/\\\/www.pollmeier.com\\\/de\\\/\"},{\"@type\":\"ListItem\",\"position\":2,\"name\":\"Karriere\",\"item\":\"https:\\\/\\\/www.pollmeier.com\\\/de\\\/career\\\/\"},{\"@type\":\"ListItem\",\"position\":3,\"name\":\"Ausbildung &#038; Duales Studium\"}]},{\"@type\":\"WebSite\",\"@id\":\"https:\\\/\\\/www.pollmeier.com\\\/de\\\/#website\",\"url\":\"https:\\\/\\\/www.pollmeier.com\\\/de\\\/\",\"name\":\"Pollmeier\",\"description\":\"\",\"publisher\":{\"@id\":\"https:\\\/\\\/www.pollmeier.com\\\/de\\\/#organization\"},\"potentialAction\":[{\"@type\":\"SearchAction\",\"target\":{\"@type\":\"EntryPoint\",\"urlTemplate\":\"https:\\\/\\\/www.pollmeier.com\\\/de\\\/?s={search_term_string}\"},\"query-input\":{\"@type\":\"PropertyValueSpecification\",\"valueRequired\":true,\"valueName\":\"search_term_string\"}}],\"inLanguage\":\"de\"},{\"@type\":\"Organization\",\"@id\":\"https:\\\/\\\/www.pollmeier.com\\\/de\\\/#organization\",\"name\":\"Pollmeier\",\"url\":\"https:\\\/\\\/www.pollmeier.com\\\/de\\\/\",\"logo\":{\"@type\":\"ImageObject\",\"inLanguage\":\"de\",\"@id\":\"https:\\\/\\\/www.pollmeier.com\\\/de\\\/#\\\/schema\\\/logo\\\/image\\\/\",\"url\":\"https:\\\/\\\/www.pollmeier.com\\\/wp-content\\\/uploads\\\/2023\\\/01\\\/Pollmeier-Logo-RGB.png\",\"contentUrl\":\"https:\\\/\\\/www.pollmeier.com\\\/wp-content\\\/uploads\\\/2023\\\/01\\\/Pollmeier-Logo-RGB.png\",\"width\":7630,\"height\":1000,\"caption\":\"Pollmeier\"},\"image\":{\"@id\":\"https:\\\/\\\/www.pollmeier.com\\\/de\\\/#\\\/schema\\\/logo\\\/image\\\/\"},\"sameAs\":[\"https:\\\/\\\/www.facebook.com\\\/pollmeier.massivholz\\\/?fref=ts\",\"https:\\\/\\\/www.instagram.com\\\/pollmeier.massivholz\\\/\",\"https:\\\/\\\/www.youtube.com\\\/channel\\\/UCNEu1HAZzkMEb80QqPEkXig\",\"https:\\\/\\\/www.linkedin.com\\\/company\\\/13056550\\\/admin\\\/\"]}]}<\/script>\n<!-- \/ Yoast SEO plugin. -->","yoast_head_json":{"title":"Ausbildung & Duales Studium - Pollmeier","description":"&nbsp; Ausbildungsberufe Mehr erfahren Studieng\u00e4nge Mehr erfahren Praktikum bei uns Mehr erfahren F\u00fcr Schulen Mehr erfahren F\u00fcr Eltern Mehr","robots":{"index":"index","follow":"follow","max-snippet":"max-snippet:-1","max-image-preview":"max-image-preview:large","max-video-preview":"max-video-preview:-1"},"canonical":"https:\/\/www.pollmeier.com\/de\/career\/ausbildung-duales-studium\/","og_locale":"de_DE","og_type":"article","og_title":"Ausbildung & Duales Studium - Pollmeier","og_description":"&nbsp; Ausbildungsberufe Mehr erfahren Studieng\u00e4nge Mehr erfahren Praktikum bei uns Mehr erfahren F\u00fcr Schulen Mehr erfahren F\u00fcr Eltern Mehr","og_url":"https:\/\/www.pollmeier.com\/de\/career\/ausbildung-duales-studium\/","og_site_name":"Pollmeier","article_publisher":"https:\/\/www.facebook.com\/pollmeier.massivholz\/?fref=ts","article_modified_time":"2026-04-28T05:51:14+00:00","twitter_card":"summary_large_image","twitter_misc":{"Gesch\u00e4tzte Lesezeit":"1\u00a0Minute"},"schema":{"@context":"https:\/\/schema.org","@graph":[{"@type":"WebPage","@id":"https:\/\/www.pollmeier.com\/de\/career\/ausbildung-duales-studium\/","url":"https:\/\/www.pollmeier.com\/de\/career\/ausbildung-duales-studium\/","name":"Ausbildung & Duales Studium - Pollmeier","isPartOf":{"@id":"https:\/\/www.pollmeier.com\/de\/#website"},"datePublished":"2024-06-14T06:58:36+00:00","dateModified":"2026-04-28T05:51:14+00:00","description":"&nbsp; Ausbildungsberufe Mehr erfahren Studieng\u00e4nge Mehr erfahren Praktikum bei uns Mehr erfahren F\u00fcr Schulen Mehr erfahren F\u00fcr Eltern Mehr","breadcrumb":{"@id":"https:\/\/www.pollmeier.com\/de\/career\/ausbildung-duales-studium\/#breadcrumb"},"inLanguage":"de","potentialAction":[{"@type":"ReadAction","target":["https:\/\/www.pollmeier.com\/de\/career\/ausbildung-duales-studium\/"]}]},{"@type":"BreadcrumbList","@id":"https:\/\/www.pollmeier.com\/de\/career\/ausbildung-duales-studium\/#breadcrumb","itemListElement":[{"@type":"ListItem","position":1,"name":"Home","item":"https:\/\/www.pollmeier.com\/de\/"},{"@type":"ListItem","position":2,"name":"Karriere","item":"https:\/\/www.pollmeier.com\/de\/career\/"},{"@type":"ListItem","position":3,"name":"Ausbildung &#038; Duales Studium"}]},{"@type":"WebSite","@id":"https:\/\/www.pollmeier.com\/de\/#website","url":"https:\/\/www.pollmeier.com\/de\/","name":"Pollmeier","description":"","publisher":{"@id":"https:\/\/www.pollmeier.com\/de\/#organization"},"potentialAction":[{"@type":"SearchAction","target":{"@type":"EntryPoint","urlTemplate":"https:\/\/www.pollmeier.com\/de\/?s={search_term_string}"},"query-input":{"@type":"PropertyValueSpecification","valueRequired":true,"valueName":"search_term_string"}}],"inLanguage":"de"},{"@type":"Organization","@id":"https:\/\/www.pollmeier.com\/de\/#organization","name":"Pollmeier","url":"https:\/\/www.pollmeier.com\/de\/","logo":{"@type":"ImageObject","inLanguage":"de","@id":"https:\/\/www.pollmeier.com\/de\/#\/schema\/logo\/image\/","url":"https:\/\/www.pollmeier.com\/wp-content\/uploads\/2023\/01\/Pollmeier-Logo-RGB.png","contentUrl":"https:\/\/www.pollmeier.com\/wp-content\/uploads\/2023\/01\/Pollmeier-Logo-RGB.png","width":7630,"height":1000,"caption":"Pollmeier"},"image":{"@id":"https:\/\/www.pollmeier.com\/de\/#\/schema\/logo\/image\/"},"sameAs":["https:\/\/www.facebook.com\/pollmeier.massivholz\/?fref=ts","https:\/\/www.instagram.com\/pollmeier.massivholz\/","https:\/\/www.youtube.com\/channel\/UCNEu1HAZzkMEb80QqPEkXig","https:\/\/www.linkedin.com\/company\/13056550\/admin\/"]}]}},"_links":{"self":[{"href":"https:\/\/www.pollmeier.com\/de\/wp-json\/wp\/v2\/pages\/329873","targetHints":{"allow":["GET"]}}],"collection":[{"href":"https:\/\/www.pollmeier.com\/de\/wp-json\/wp\/v2\/pages"}],"about":[{"href":"https:\/\/www.pollmeier.com\/de\/wp-json\/wp\/v2\/types\/page"}],"author":[{"embeddable":true,"href":"https:\/\/www.pollmeier.com\/de\/wp-json\/wp\/v2\/users\/25"}],"replies":[{"embeddable":true,"href":"https:\/\/www.pollmeier.com\/de\/wp-json\/wp\/v2\/comments?post=329873"}],"version-history":[{"count":3,"href":"https:\/\/www.pollmeier.com\/de\/wp-json\/wp\/v2\/pages\/329873\/revisions"}],"predecessor-version":[{"id":378861,"href":"https:\/\/www.pollmeier.com\/de\/wp-json\/wp\/v2\/pages\/329873\/revisions\/378861"}],"up":[{"embeddable":true,"href":"https:\/\/www.pollmeier.com\/de\/wp-json\/wp\/v2\/pages\/506399"}],"wp:attachment":[{"href":"https:\/\/www.pollmeier.com\/de\/wp-json\/wp\/v2\/media?parent=329873"}],"curies":[{"name":"wp","href":"https:\/\/api.w.org\/{rel}","templated":true}]}}