{"id":329875,"date":"2024-06-14T10:23:43","date_gmt":"2024-06-14T08:23:43","guid":{"rendered":"https:\/\/www.pollmeier.com\/?page_id=329875"},"modified":"2024-09-11T14:04:14","modified_gmt":"2024-09-11T12:04:14","slug":"ausbildungsberufe","status":"publish","type":"page","link":"https:\/\/www.pollmeier.com\/de\/career\/ausbildung-duales-studium\/ausbildungsberufe\/","title":{"rendered":"Ausbildungsberufe"},"content":{"rendered":"\t\t<div data-elementor-type=\"wp-page\" data-elementor-id=\"329875\" class=\"elementor elementor-329875\" data-elementor-post-type=\"page\">\n\t\t\t\t\t\t<section class=\"elementor-section elementor-top-section elementor-element elementor-element-0bcb8a3 elementor-section-full_width elementor-section-height-default elementor-section-height-default\" data-id=\"0bcb8a3\" data-element_type=\"section\" data-e-type=\"section\">\n\t\t\t\t\t\t<div class=\"elementor-container elementor-column-gap-default\">\n\t\t\t\t\t<div class=\"elementor-column elementor-col-100 elementor-top-column elementor-element elementor-element-82079f8\" data-id=\"82079f8\" data-element_type=\"column\" data-e-type=\"column\">\n\t\t\t<div class=\"elementor-widget-wrap elementor-element-populated\">\n\t\t\t\t\t\t<div class=\"elementor-element elementor-element-4c7b6d8 elementor-widget elementor-widget-heading\" data-id=\"4c7b6d8\" data-element_type=\"widget\" data-e-type=\"widget\" data-widget_type=\"heading.default\">\n\t\t\t\t<div class=\"elementor-widget-container\">\n\t\t\t\t\t<h1 class=\"elementor-heading-title elementor-size-default\">Ausbildungsberufe<\/h1>\t\t\t\t<\/div>\n\t\t\t\t<\/div>\n\t\t\t\t<div class=\"elementor-element elementor-element-20bf1df elementor-widget elementor-widget-ee-breadcrumbs\" data-id=\"20bf1df\" data-element_type=\"widget\" data-e-type=\"widget\" data-widget_type=\"ee-breadcrumbs.default\">\n\t\t\t\t<div class=\"elementor-widget-container\">\n\t\t\t\t\t<ul class=\"ee-breadcrumbs\" itemscope=\"\" itemtype=\"http:\/\/schema.org\/BreadcrumbList\"><\/ul>\t\t\t\t<\/div>\n\t\t\t\t<\/div>\n\t\t\t\t\t<\/div>\n\t\t<\/div>\n\t\t\t\t\t<\/div>\n\t\t<\/section>\n\t\t\t\t<section class=\"elementor-section elementor-top-section elementor-element elementor-element-7ade8ec elementor-section-boxed elementor-section-height-default elementor-section-height-default\" data-id=\"7ade8ec\" data-element_type=\"section\" data-e-type=\"section\">\n\t\t\t\t\t\t<div class=\"elementor-container elementor-column-gap-default\">\n\t\t\t\t\t<div class=\"elementor-column elementor-col-100 elementor-top-column elementor-element elementor-element-6bef421\" data-id=\"6bef421\" data-element_type=\"column\" data-e-type=\"column\">\n\t\t\t<div class=\"elementor-widget-wrap elementor-element-populated\">\n\t\t\t\t\t\t<div class=\"elementor-element elementor-element-3dd6632 elementor-widget elementor-widget-text-editor\" data-id=\"3dd6632\" data-element_type=\"widget\" data-e-type=\"widget\" data-widget_type=\"text-editor.default\">\n\t\t\t\t<div class=\"elementor-widget-container\">\n\t\t\t\t\t\t\t\t\t<p>Egal, ob du dich f\u00fcr eine wirtschaftliche, technische oder handwerkliche Ausbildung interessierst \u2013 bei uns findest du die passende Herausforderung und den idealen Start in deine berufliche Zukunft. Klicke einen Standort an und verschaffe dir einen \u00dcberblick \u00fcber unsere vielf\u00e4ltigen Ausbildungsm\u00f6glichkeiten!\u00a0<\/p>\t\t\t\t\t\t\t\t<\/div>\n\t\t\t\t<\/div>\n\t\t\t\t\t<\/div>\n\t\t<\/div>\n\t\t\t\t\t<\/div>\n\t\t<\/section>\n\t\t\t\t<section class=\"elementor-section elementor-top-section elementor-element elementor-element-84b786c elementor-section-boxed elementor-section-height-default elementor-section-height-default\" data-id=\"84b786c\" data-element_type=\"section\" data-e-type=\"section\">\n\t\t\t\t\t\t<div class=\"elementor-container elementor-column-gap-default\">\n\t\t\t\t\t<div class=\"elementor-column elementor-col-100 elementor-top-column elementor-element elementor-element-d8d6c47\" data-id=\"d8d6c47\" data-element_type=\"column\" data-e-type=\"column\">\n\t\t\t<div class=\"elementor-widget-wrap elementor-element-populated\">\n\t\t\t\t\t\t<div class=\"elementor-element elementor-element-8bbefae elementor-widget elementor-widget-spacer\" data-id=\"8bbefae\" data-element_type=\"widget\" data-e-type=\"widget\" data-widget_type=\"spacer.default\">\n\t\t\t\t<div class=\"elementor-widget-container\">\n\t\t\t\t\t\t\t<div class=\"elementor-spacer\">\n\t\t\t<div class=\"elementor-spacer-inner\"><\/div>\n\t\t<\/div>\n\t\t\t\t\t\t<\/div>\n\t\t\t\t<\/div>\n\t\t\t\t\t<\/div>\n\t\t<\/div>\n\t\t\t\t\t<\/div>\n\t\t<\/section>\n\t\t\t\t<section class=\"elementor-section elementor-top-section elementor-element elementor-element-6b8bfdf elementor-section-boxed elementor-section-height-default elementor-section-height-default\" data-id=\"6b8bfdf\" data-element_type=\"section\" data-e-type=\"section\">\n\t\t\t\t\t\t<div class=\"elementor-container elementor-column-gap-default\">\n\t\t\t\t\t<div class=\"elementor-column elementor-col-100 elementor-top-column elementor-element elementor-element-0e04086\" data-id=\"0e04086\" data-element_type=\"column\" data-e-type=\"column\">\n\t\t\t<div class=\"elementor-widget-wrap elementor-element-populated\">\n\t\t\t\t\t\t<div class=\"elementor-element elementor-element-d564421 elementor-widget elementor-widget-ucaddon_image_accodion\" data-id=\"d564421\" data-element_type=\"widget\" data-e-type=\"widget\" data-widget_type=\"ucaddon_image_accodion.default\">\n\t\t\t\t<div class=\"elementor-widget-container\">\n\t\t\t\t\t\n<!-- start Image Accordion -->\n\t\t<link id='font-awesome-css' href='https:\/\/www.pollmeier.com\/wp-content\/plugins\/unlimited-elements-for-elementor-premium\/assets_libraries\/font-awesome6\/fontawesome-all.min.css' type='text\/css' rel='stylesheet' >\n\t\t<link id='font-awesome-4-shim-css' href='https:\/\/www.pollmeier.com\/wp-content\/plugins\/unlimited-elements-for-elementor-premium\/assets_libraries\/font-awesome6\/fontawesome-v4-shims.min.css' type='text\/css' rel='stylesheet' >\n\n<style>\/* widget: Image Accordion *\/\n\n\n\n#uc_image_accodion_elementor_d564421 * { \n\tbox-sizing: border-box; \n}\n#uc_image_accodion_elementor_d564421.uc_image_accodion .uc_content .uc_image_accodion_holder{\n\n  \ttransition: 1s;\n}\n\n#uc_image_accodion_elementor_d564421  a.uc_more_btn\n{\n  display:inline-block;\n  text-decoration:none; \n}\n\n#uc_image_accodion_elementor_d564421 .uc_content{\n\tdisplay: flex;\n\tflex-wrap: wrap;\n    transform:rotate(0deg);\n}\n\n#uc_image_accodion_elementor_d564421 .uc_content .uc_image_accodion_holder{\n\tdisplay: block;\n\tbackground-repeat: no-repeat;\n\tflex: 1;\n\ttext-align: center;\n\tposition: relative;\n\ttext-decoration: none;\n\ttransition: 1s;\n    overflow:hidden;\n    transform:skew(0deg);\n}\n#uc_image_accodion_elementor_d564421 .uc_content .uc_image_accodion_holder.uc_hover{\n\tflex: 3;\n}\n\n\n#uc_image_accodion_elementor_d564421 .uc_content .uc_image_accodion_holder .uc_overlay > * {\n    transform:skew(-0deg) rotate(-0deg);\n\n\n}\n#uc_image_accodion_elementor_d564421 .uc_content .uc_image_accodion_holder .uc_overlay {\n    display: flex;\n    justify-content: center;\n    position: absolute;\n    top: 0;\n    right: 0;\n    bottom: 0;\n    left: 0;\n    transition:1s;\n\n}\n\n#uc_image_accodion_elementor_d564421 .uc_content .uc_overlay .uc_overlay_inner {\n    z-index: 1;\n}\n#uc_image_accodion_elementor_d564421 .uc_content .uc_overlay .uc_overlay_inner h2 {\n    transform: translate3d(0,-60px,0);\n\topacity: 0;\n    visibility: hidden;\n}\n\n#uc_image_accodion_elementor_d564421 .uc_content .uc_image_accodion_holder.uc_hover .uc_overlay .uc_overlay_inner h2 {\n    opacity: 1;\n    visibility: visible;\n    transform: none;\n    transition: 1s;\n}\n\n#uc_image_accodion_elementor_d564421 .uc_content .uc_overlay .uc_overlay_inner div.ue-content {\n\ttransform: translate3d(0,60px,0);\n\topacity: 0;\n    visibility: hidden;\n}\n\n#uc_image_accodion_elementor_d564421 .uc_content .uc_image_accodion_holder.uc_hover .uc_overlay .uc_overlay_inner div.ue-content {\n    opacity: 1;\n    visibility: visible;\n    transform: none;\n    transition: 1s;\n}\n\n\n\n@media only screen and (max-width:800px){\n  #uc_image_accodion_elementor_d564421 .uc_content {flex-direction: column;}\n}\n\n\n#uc_image_accodion_elementor_d564421 .ue_item_icon\n{\n  line-height:1em;\n}\n\n#uc_image_accodion_elementor_d564421 .ue_item_icon svg\n{\n  height:1em;\n  width:1em;\n}\n\n#uc_image_accodion_elementor_d564421 .ue_subtitle\n{\n  display:block;\n}\n\n<\/style>\n\n<div class=\"uc_image_accodion \" id=\"uc_image_accodion_elementor_d564421\" data-mobilestart=\"1\" >\n  <div class=\"uc_content\">\n\n     \n\n<div class=\"uc_image_accodion_holder uc_hover\"  style=\"overflow:hidden;background-image: url(https:\/\/www.pollmeier.com\/wp-content\/uploads\/2024\/07\/CB_Luft-scaled.jpg); background-position:center center; background-size:cover;\" >\n  <div class=\"uc_overlay\">\n    <div class=\"uc_overlay_inner\">\n                        <h2 class=\"ue_title\"> Ausbildung in Creuzburg <\/h2>\t\n             \n             \n                          <div class=\"ue-content\"> \n                          <a href=\"https:\/\/www.pollmeier.com\/de\/ausbildung-in-creuzburg\/\" class=\"uc_more_btn\" >Zur \u00dcbersicht<\/a>             <\/div>\n                           \n          \n                 \t\t\n    <\/div>\n  <\/div>\n<\/div>\n\n<div class=\"uc_image_accodion_holder \"  style=\"overflow:hidden;background-image: url(https:\/\/www.pollmeier.com\/wp-content\/uploads\/2023\/03\/aschaffenburg_factory_149.jpg); background-position:center center; background-size:cover;\" >\n  <div class=\"uc_overlay\">\n    <div class=\"uc_overlay_inner\">\n                        <h2 class=\"ue_title\"> Ausbildung in Aschaffenburg <\/h2>\t\n             \n             \n                          <div class=\"ue-content\"> \n                          <a href=\"https:\/\/www.pollmeier.com\/de\/ausbildung-in-aschaffenburg\/\" class=\"uc_more_btn\" >Zur \u00dcbersicht<\/a>             <\/div>\n                           \n          \n                 \t\t\n    <\/div>\n  <\/div>\n<\/div>\n\n<div class=\"uc_image_accodion_holder \"  style=\"overflow:hidden;background-image: url(https:\/\/www.pollmeier.com\/wp-content\/uploads\/2024\/06\/282708.webp); background-position:center center; background-size:cover;\" >\n  <div class=\"uc_overlay\">\n    <div class=\"uc_overlay_inner\">\n                        <h2 class=\"ue_title\"> Ausbildung in Meschede <\/h2>\t\n             \n             \n                          <div class=\"ue-content\"> \n                          <a href=\"https:\/\/pollmeier-maschinenbau.com\/karriere\" class=\"uc_more_btn\"  target='_blank'>Zur \u00dcbersicht<\/a>             <\/div>\n                           \n          \n                 \t\t\n    <\/div>\n  <\/div>\n<\/div>\n\n  <\/div>\n<\/div>\n<!-- end Image Accordion -->\t\t\t\t<\/div>\n\t\t\t\t<\/div>\n\t\t\t\t\t<\/div>\n\t\t<\/div>\n\t\t\t\t\t<\/div>\n\t\t<\/section>\n\t\t\t\t<section class=\"elementor-section elementor-top-section elementor-element elementor-element-784243f elementor-section-boxed elementor-section-height-default elementor-section-height-default\" data-id=\"784243f\" data-element_type=\"section\" data-e-type=\"section\">\n\t\t\t\t\t\t<div class=\"elementor-container elementor-column-gap-default\">\n\t\t\t\t\t<div class=\"elementor-column elementor-col-100 elementor-top-column elementor-element elementor-element-b5e564a\" data-id=\"b5e564a\" data-element_type=\"column\" data-e-type=\"column\">\n\t\t\t<div class=\"elementor-widget-wrap\">\n\t\t\t\t\t\t\t<\/div>\n\t\t<\/div>\n\t\t\t\t\t<\/div>\n\t\t<\/section>\n\t\t\t\t<\/div>\n\t\t","protected":false},"excerpt":{"rendered":"<p>Egal, ob du dich f\u00fcr eine wirtschaftliche, technische oder handwerkliche Ausbildung interessierst \u2013 bei uns findest du die passende Herausforderung und den idealen Start in deine berufliche Zukunft. Klicke einen Standort an und verschaffe dir einen \u00dcberblick \u00fcber unsere vielf\u00e4ltigen Ausbildungsm\u00f6glichkeiten! Ausbildung in Creuzburg Zur \u00dcbersicht Ausbildung in Aschaffenburg Zur \u00dcbersicht Ausbildung in Meschede Zur [&hellip;]<\/p>\n","protected":false},"author":25,"featured_media":0,"parent":329873,"menu_order":0,"comment_status":"closed","ping_status":"closed","template":"","meta":{"_acf_changed":false,"footnotes":""},"class_list":["post-329875","page","type-page","status-publish","hentry"],"acf":[],"yoast_head":"<!-- This site is optimized with the Yoast SEO plugin v27.2 - https:\/\/yoast.com\/product\/yoast-seo-wordpress\/ -->\n<title>Ausbildungsberufe - Pollmeier<\/title>\n<meta name=\"description\" content=\"Egal, ob du dich f\u00fcr eine wirtschaftliche, technische oder handwerkliche Ausbildung interessierst \u2013 bei uns findest du die passende Herausforderung und\" \/>\n<meta name=\"robots\" content=\"index, follow, max-snippet:-1, max-image-preview:large, max-video-preview:-1\" \/>\n<link rel=\"canonical\" href=\"https:\/\/www.pollmeier.com\/de\/career\/ausbildung-duales-studium\/ausbildungsberufe\/\" \/>\n<meta property=\"og:locale\" content=\"de_DE\" \/>\n<meta property=\"og:type\" content=\"article\" \/>\n<meta property=\"og:title\" content=\"Ausbildungsberufe - Pollmeier\" \/>\n<meta property=\"og:description\" content=\"Egal, ob du dich f\u00fcr eine wirtschaftliche, technische oder handwerkliche Ausbildung interessierst \u2013 bei uns findest du die passende Herausforderung und\" \/>\n<meta property=\"og:url\" content=\"https:\/\/www.pollmeier.com\/de\/career\/ausbildung-duales-studium\/ausbildungsberufe\/\" \/>\n<meta property=\"og:site_name\" content=\"Pollmeier\" \/>\n<meta property=\"article:publisher\" content=\"https:\/\/www.facebook.com\/pollmeier.massivholz\/?fref=ts\" \/>\n<meta property=\"article:modified_time\" content=\"2024-09-11T12:04:14+00:00\" \/>\n<meta name=\"twitter:card\" content=\"summary_large_image\" \/>\n<meta name=\"twitter:label1\" content=\"Gesch\u00e4tzte Lesezeit\" \/>\n\t<meta name=\"twitter:data1\" content=\"1\u00a0Minute\" \/>\n<script type=\"application\/ld+json\" class=\"yoast-schema-graph\">{\"@context\":\"https:\/\/schema.org\",\"@graph\":[{\"@type\":\"WebPage\",\"@id\":\"https:\/\/www.pollmeier.com\/de\/career\/ausbildung-duales-studium\/ausbildungsberufe\/\",\"url\":\"https:\/\/www.pollmeier.com\/de\/career\/ausbildung-duales-studium\/ausbildungsberufe\/\",\"name\":\"Ausbildungsberufe - Pollmeier\",\"isPartOf\":{\"@id\":\"https:\/\/www.pollmeier.com\/de\/#website\"},\"datePublished\":\"2024-06-14T08:23:43+00:00\",\"dateModified\":\"2024-09-11T12:04:14+00:00\",\"description\":\"Egal, ob du dich f\u00fcr eine wirtschaftliche, technische oder handwerkliche Ausbildung interessierst \u2013 bei uns findest du die passende Herausforderung und\",\"breadcrumb\":{\"@id\":\"https:\/\/www.pollmeier.com\/de\/career\/ausbildung-duales-studium\/ausbildungsberufe\/#breadcrumb\"},\"inLanguage\":\"de\",\"potentialAction\":[{\"@type\":\"ReadAction\",\"target\":[\"https:\/\/www.pollmeier.com\/de\/career\/ausbildung-duales-studium\/ausbildungsberufe\/\"]}]},{\"@type\":\"BreadcrumbList\",\"@id\":\"https:\/\/www.pollmeier.com\/de\/career\/ausbildung-duales-studium\/ausbildungsberufe\/#breadcrumb\",\"itemListElement\":[{\"@type\":\"ListItem\",\"position\":1,\"name\":\"Home\",\"item\":\"https:\/\/www.pollmeier.com\/de\/\"},{\"@type\":\"ListItem\",\"position\":2,\"name\":\"Karriere\",\"item\":\"https:\/\/www.pollmeier.com\/de\/career\/\"},{\"@type\":\"ListItem\",\"position\":3,\"name\":\"Ausbildung &#038; Duales Studium\",\"item\":\"https:\/\/www.pollmeier.com\/de\/career\/ausbildung-duales-studium\/\"},{\"@type\":\"ListItem\",\"position\":4,\"name\":\"Ausbildungsberufe\"}]},{\"@type\":\"WebSite\",\"@id\":\"https:\/\/www.pollmeier.com\/de\/#website\",\"url\":\"https:\/\/www.pollmeier.com\/de\/\",\"name\":\"Pollmeier\",\"description\":\"\",\"publisher\":{\"@id\":\"https:\/\/www.pollmeier.com\/de\/#organization\"},\"potentialAction\":[{\"@type\":\"SearchAction\",\"target\":{\"@type\":\"EntryPoint\",\"urlTemplate\":\"https:\/\/www.pollmeier.com\/de\/?s={search_term_string}\"},\"query-input\":{\"@type\":\"PropertyValueSpecification\",\"valueRequired\":true,\"valueName\":\"search_term_string\"}}],\"inLanguage\":\"de\"},{\"@type\":\"Organization\",\"@id\":\"https:\/\/www.pollmeier.com\/de\/#organization\",\"name\":\"Pollmeier\",\"url\":\"https:\/\/www.pollmeier.com\/de\/\",\"logo\":{\"@type\":\"ImageObject\",\"inLanguage\":\"de\",\"@id\":\"https:\/\/www.pollmeier.com\/de\/#\/schema\/logo\/image\/\",\"url\":\"https:\/\/www.pollmeier.com\/wp-content\/uploads\/2023\/01\/Pollmeier-Logo-RGB.png\",\"contentUrl\":\"https:\/\/www.pollmeier.com\/wp-content\/uploads\/2023\/01\/Pollmeier-Logo-RGB.png\",\"width\":7630,\"height\":1000,\"caption\":\"Pollmeier\"},\"image\":{\"@id\":\"https:\/\/www.pollmeier.com\/de\/#\/schema\/logo\/image\/\"},\"sameAs\":[\"https:\/\/www.facebook.com\/pollmeier.massivholz\/?fref=ts\",\"https:\/\/www.instagram.com\/pollmeier.massivholz\/\",\"https:\/\/www.youtube.com\/channel\/UCNEu1HAZzkMEb80QqPEkXig\",\"https:\/\/www.linkedin.com\/company\/13056550\/admin\/\"]}]}<\/script>\n<!-- \/ Yoast SEO plugin. -->","yoast_head_json":{"title":"Ausbildungsberufe - Pollmeier","description":"Egal, ob du dich f\u00fcr eine wirtschaftliche, technische oder handwerkliche Ausbildung interessierst \u2013 bei uns findest du die passende Herausforderung und","robots":{"index":"index","follow":"follow","max-snippet":"max-snippet:-1","max-image-preview":"max-image-preview:large","max-video-preview":"max-video-preview:-1"},"canonical":"https:\/\/www.pollmeier.com\/de\/career\/ausbildung-duales-studium\/ausbildungsberufe\/","og_locale":"de_DE","og_type":"article","og_title":"Ausbildungsberufe - Pollmeier","og_description":"Egal, ob du dich f\u00fcr eine wirtschaftliche, technische oder handwerkliche Ausbildung interessierst \u2013 bei uns findest du die passende Herausforderung und","og_url":"https:\/\/www.pollmeier.com\/de\/career\/ausbildung-duales-studium\/ausbildungsberufe\/","og_site_name":"Pollmeier","article_publisher":"https:\/\/www.facebook.com\/pollmeier.massivholz\/?fref=ts","article_modified_time":"2024-09-11T12:04:14+00:00","twitter_card":"summary_large_image","twitter_misc":{"Gesch\u00e4tzte Lesezeit":"1\u00a0Minute"},"schema":{"@context":"https:\/\/schema.org","@graph":[{"@type":"WebPage","@id":"https:\/\/www.pollmeier.com\/de\/career\/ausbildung-duales-studium\/ausbildungsberufe\/","url":"https:\/\/www.pollmeier.com\/de\/career\/ausbildung-duales-studium\/ausbildungsberufe\/","name":"Ausbildungsberufe - Pollmeier","isPartOf":{"@id":"https:\/\/www.pollmeier.com\/de\/#website"},"datePublished":"2024-06-14T08:23:43+00:00","dateModified":"2024-09-11T12:04:14+00:00","description":"Egal, ob du dich f\u00fcr eine wirtschaftliche, technische oder handwerkliche Ausbildung interessierst \u2013 bei uns findest du die passende Herausforderung und","breadcrumb":{"@id":"https:\/\/www.pollmeier.com\/de\/career\/ausbildung-duales-studium\/ausbildungsberufe\/#breadcrumb"},"inLanguage":"de","potentialAction":[{"@type":"ReadAction","target":["https:\/\/www.pollmeier.com\/de\/career\/ausbildung-duales-studium\/ausbildungsberufe\/"]}]},{"@type":"BreadcrumbList","@id":"https:\/\/www.pollmeier.com\/de\/career\/ausbildung-duales-studium\/ausbildungsberufe\/#breadcrumb","itemListElement":[{"@type":"ListItem","position":1,"name":"Home","item":"https:\/\/www.pollmeier.com\/de\/"},{"@type":"ListItem","position":2,"name":"Karriere","item":"https:\/\/www.pollmeier.com\/de\/career\/"},{"@type":"ListItem","position":3,"name":"Ausbildung &#038; Duales Studium","item":"https:\/\/www.pollmeier.com\/de\/career\/ausbildung-duales-studium\/"},{"@type":"ListItem","position":4,"name":"Ausbildungsberufe"}]},{"@type":"WebSite","@id":"https:\/\/www.pollmeier.com\/de\/#website","url":"https:\/\/www.pollmeier.com\/de\/","name":"Pollmeier","description":"","publisher":{"@id":"https:\/\/www.pollmeier.com\/de\/#organization"},"potentialAction":[{"@type":"SearchAction","target":{"@type":"EntryPoint","urlTemplate":"https:\/\/www.pollmeier.com\/de\/?s={search_term_string}"},"query-input":{"@type":"PropertyValueSpecification","valueRequired":true,"valueName":"search_term_string"}}],"inLanguage":"de"},{"@type":"Organization","@id":"https:\/\/www.pollmeier.com\/de\/#organization","name":"Pollmeier","url":"https:\/\/www.pollmeier.com\/de\/","logo":{"@type":"ImageObject","inLanguage":"de","@id":"https:\/\/www.pollmeier.com\/de\/#\/schema\/logo\/image\/","url":"https:\/\/www.pollmeier.com\/wp-content\/uploads\/2023\/01\/Pollmeier-Logo-RGB.png","contentUrl":"https:\/\/www.pollmeier.com\/wp-content\/uploads\/2023\/01\/Pollmeier-Logo-RGB.png","width":7630,"height":1000,"caption":"Pollmeier"},"image":{"@id":"https:\/\/www.pollmeier.com\/de\/#\/schema\/logo\/image\/"},"sameAs":["https:\/\/www.facebook.com\/pollmeier.massivholz\/?fref=ts","https:\/\/www.instagram.com\/pollmeier.massivholz\/","https:\/\/www.youtube.com\/channel\/UCNEu1HAZzkMEb80QqPEkXig","https:\/\/www.linkedin.com\/company\/13056550\/admin\/"]}]}},"_links":{"self":[{"href":"https:\/\/www.pollmeier.com\/de\/wp-json\/wp\/v2\/pages\/329875","targetHints":{"allow":["GET"]}}],"collection":[{"href":"https:\/\/www.pollmeier.com\/de\/wp-json\/wp\/v2\/pages"}],"about":[{"href":"https:\/\/www.pollmeier.com\/de\/wp-json\/wp\/v2\/types\/page"}],"author":[{"embeddable":true,"href":"https:\/\/www.pollmeier.com\/de\/wp-json\/wp\/v2\/users\/25"}],"replies":[{"embeddable":true,"href":"https:\/\/www.pollmeier.com\/de\/wp-json\/wp\/v2\/comments?post=329875"}],"version-history":[{"count":5,"href":"https:\/\/www.pollmeier.com\/de\/wp-json\/wp\/v2\/pages\/329875\/revisions"}],"predecessor-version":[{"id":378848,"href":"https:\/\/www.pollmeier.com\/de\/wp-json\/wp\/v2\/pages\/329875\/revisions\/378848"}],"up":[{"embeddable":true,"href":"https:\/\/www.pollmeier.com\/de\/wp-json\/wp\/v2\/pages\/329873"}],"wp:attachment":[{"href":"https:\/\/www.pollmeier.com\/de\/wp-json\/wp\/v2\/media?parent=329875"}],"curies":[{"name":"wp","href":"https:\/\/api.w.org\/{rel}","templated":true}]}}