{"id":347043,"date":"2024-09-11T13:47:49","date_gmt":"2024-09-11T11:47:49","guid":{"rendered":"https:\/\/www.pollmeier.com\/?page_id=347043"},"modified":"2026-04-13T08:59:55","modified_gmt":"2026-04-13T06:59:55","slug":"unser-recruiting-messekalender","status":"publish","type":"page","link":"https:\/\/www.pollmeier.com\/de\/unser-recruiting-messekalender\/","title":{"rendered":"Unser Recruiting-Messekalender"},"content":{"rendered":"\t\t<div data-elementor-type=\"wp-page\" data-elementor-id=\"347043\" class=\"elementor elementor-347043\" data-elementor-post-type=\"page\">\n\t\t\t\t\t\t<section class=\"elementor-section elementor-top-section elementor-element elementor-element-ede3fed elementor-section-boxed elementor-section-height-default elementor-section-height-default\" data-id=\"ede3fed\" data-element_type=\"section\" data-e-type=\"section\">\n\t\t\t\t\t\t<div class=\"elementor-container elementor-column-gap-default\">\n\t\t\t\t\t<div class=\"elementor-column elementor-col-100 elementor-top-column elementor-element elementor-element-9035200\" data-id=\"9035200\" data-element_type=\"column\" data-e-type=\"column\">\n\t\t\t<div class=\"elementor-widget-wrap elementor-element-populated\">\n\t\t\t\t\t\t<div class=\"elementor-element elementor-element-2fd29d7 elementor-widget elementor-widget-heading\" data-id=\"2fd29d7\" data-element_type=\"widget\" data-e-type=\"widget\" data-widget_type=\"heading.default\">\n\t\t\t\t<div class=\"elementor-widget-container\">\n\t\t\t\t\t<h1 class=\"elementor-heading-title elementor-size-default\">Unser Recruiting- Messekalender<\/h1>\t\t\t\t<\/div>\n\t\t\t\t<\/div>\n\t\t\t\t\t<\/div>\n\t\t<\/div>\n\t\t\t\t\t<\/div>\n\t\t<\/section>\n\t\t\t\t<section class=\"elementor-section elementor-top-section elementor-element elementor-element-4216128 elementor-section-boxed elementor-section-height-default elementor-section-height-default\" data-id=\"4216128\" data-element_type=\"section\" data-e-type=\"section\">\n\t\t\t\t\t\t<div class=\"elementor-container elementor-column-gap-default\">\n\t\t\t\t\t<div class=\"elementor-column elementor-col-100 elementor-top-column elementor-element elementor-element-ddb422c\" data-id=\"ddb422c\" data-element_type=\"column\" data-e-type=\"column\">\n\t\t\t<div class=\"elementor-widget-wrap elementor-element-populated\">\n\t\t\t\t\t\t<div class=\"elementor-element elementor-element-4e09fa9 elementor-widget elementor-widget-spacer\" data-id=\"4e09fa9\" data-element_type=\"widget\" data-e-type=\"widget\" data-widget_type=\"spacer.default\">\n\t\t\t\t<div class=\"elementor-widget-container\">\n\t\t\t\t\t\t\t<div class=\"elementor-spacer\">\n\t\t\t<div class=\"elementor-spacer-inner\"><\/div>\n\t\t<\/div>\n\t\t\t\t\t\t<\/div>\n\t\t\t\t<\/div>\n\t\t\t\t\t<\/div>\n\t\t<\/div>\n\t\t\t\t\t<\/div>\n\t\t<\/section>\n\t\t\t\t<section class=\"elementor-section elementor-top-section elementor-element elementor-element-56a479a elementor-section-boxed elementor-section-height-default elementor-section-height-default\" data-id=\"56a479a\" data-element_type=\"section\" data-e-type=\"section\">\n\t\t\t\t\t\t<div class=\"elementor-container elementor-column-gap-default\">\n\t\t\t\t\t<div class=\"elementor-column elementor-col-100 elementor-top-column elementor-element elementor-element-def57d5\" data-id=\"def57d5\" data-element_type=\"column\" data-e-type=\"column\">\n\t\t\t<div class=\"elementor-widget-wrap elementor-element-populated\">\n\t\t\t\t\t\t<div class=\"elementor-element elementor-element-1c89ec2 elementor-widget elementor-widget-text-editor\" data-id=\"1c89ec2\" data-element_type=\"widget\" data-e-type=\"widget\" data-widget_type=\"text-editor.default\">\n\t\t\t\t<div class=\"elementor-widget-container\">\n\t\t\t\t\t\t\t\t\t<p>Auf unserer \u00dcbersichtsseite zu den kommenden Messen und Veranstaltungen findest du alle Termine, an denen unser Recruitingteam pers\u00f6nlich vor Ort ist. Egal, ob du als potenzieller Auszubildender durchstarten m\u00f6chtest oder als erfahrene Fachkraft neue Perspektiven suchst \u2013 hier bist du genau richtig, um uns n\u00e4her kennenzulernen und deine Karrierem\u00f6glichkeiten auszuloten.<\/p>\t\t\t\t\t\t\t\t<\/div>\n\t\t\t\t<\/div>\n\t\t\t\t\t<\/div>\n\t\t<\/div>\n\t\t\t\t\t<\/div>\n\t\t<\/section>\n\t\t\t\t<section class=\"elementor-section elementor-top-section elementor-element elementor-element-bd8853c elementor-section-boxed elementor-section-height-default elementor-section-height-default\" data-id=\"bd8853c\" data-element_type=\"section\" data-e-type=\"section\">\n\t\t\t\t\t\t<div class=\"elementor-container elementor-column-gap-default\">\n\t\t\t\t\t<div class=\"elementor-column elementor-col-100 elementor-top-column elementor-element elementor-element-2c4185d\" data-id=\"2c4185d\" data-element_type=\"column\" data-e-type=\"column\">\n\t\t\t<div class=\"elementor-widget-wrap elementor-element-populated\">\n\t\t\t\t\t\t<div class=\"elementor-element elementor-element-9361fdd elementor-widget elementor-widget-spacer\" data-id=\"9361fdd\" data-element_type=\"widget\" data-e-type=\"widget\" data-widget_type=\"spacer.default\">\n\t\t\t\t<div class=\"elementor-widget-container\">\n\t\t\t\t\t\t\t<div class=\"elementor-spacer\">\n\t\t\t<div class=\"elementor-spacer-inner\"><\/div>\n\t\t<\/div>\n\t\t\t\t\t\t<\/div>\n\t\t\t\t<\/div>\n\t\t\t\t\t<\/div>\n\t\t<\/div>\n\t\t\t\t\t<\/div>\n\t\t<\/section>\n\t\t\t\t<section class=\"elementor-section elementor-top-section elementor-element elementor-element-4a9fd2b elementor-section-boxed elementor-section-height-default elementor-section-height-default\" data-id=\"4a9fd2b\" data-element_type=\"section\" data-e-type=\"section\">\n\t\t\t\t\t\t<div class=\"elementor-container elementor-column-gap-default\">\n\t\t\t\t\t<div class=\"elementor-column elementor-col-100 elementor-top-column elementor-element elementor-element-5b84af9\" data-id=\"5b84af9\" data-element_type=\"column\" data-e-type=\"column\">\n\t\t\t<div class=\"elementor-widget-wrap elementor-element-populated\">\n\t\t\t\t\t\t<div class=\"elementor-element elementor-element-c2d1861 ee-timeline-align--center ee-timeline-align-tablet--left ee-timeline-align-mobile--left ee-timeline-cards-align--top ee-timeline-cards-align-tablet--top ee-timeline-cards-align-mobile--top ee-timeline-animate elementor-widget elementor-widget-timeline\" data-id=\"c2d1861\" data-element_type=\"widget\" data-e-type=\"widget\" data-settings=\"{&quot;line_location&quot;:{&quot;unit&quot;:&quot;px&quot;,&quot;size&quot;:50,&quot;sizes&quot;:[]}}\" data-widget_type=\"timeline.default\">\n\t\t\t\t<div class=\"elementor-widget-container\">\n\t\t\t\t\t<section class=\"ee-timeline ee-timeline--vertical\"><div class=\"ee-timeline__line\">\n\t\t\t<div class=\"ee-timeline__line__inner\"><\/div>\n\t\t<\/div><div class=\"elementor-repeater-item-52b53ee ee-timeline__item timeline-item\">\n\t\t\t\t<div class=\"timeline-item__point\"><span class=\"ee-icon ee-icon-support--svg ee-timeline__item__icon\"><i aria-hidden=\"true\" class=\"fas fa-calendar-alt\"><\/i><\/span><\/div>\n\t\t\t\t<div class=\"timeline-item__card-wrapper\">\n\t\t\t\t\t<a class=\"timeline-item__card\" href=\"https:\/\/www.girls-day.de\/\">\n\n\t\t\t\t\t\t<div class=\"timeline-item__content-wrapper\"><div class=\"timeline-item__content\"><!-- meta -->\n\t\t<div class=\"timeline-item__meta meta\">\n\t\t\t23.04.2026\t\t<\/div><div class=\"timeline-item__content__wysiwyg\">\n\t\t\t\t<h2><span style=\"font-size: 18pt; color: #d9010a;\">Girls Day<\/span><\/h2><p>unsere Standorte Creuzburg, Aschaffenburg und Meschede sind mit dabei!<\/p>\t\t\t<\/div>\n\t\t<\/div><\/div><div class=\"timeline-item__card__arrow\"><\/div><\/a>\n\t\t\t\t<\/div>\n\t\t\t\t<div class=\"timeline-item__meta-wrapper\"><!-- meta -->\n\t\t<div class=\"timeline-item__meta meta timeline-item__meta meta\">\n\t\t\t23.04.2026\t\t<\/div><\/div>\n\t\t\t<\/div><div class=\"elementor-repeater-item-561d5a4 ee-timeline__item timeline-item\">\n\t\t\t\t<div class=\"timeline-item__point\"><span class=\"ee-icon ee-icon-support--svg ee-timeline__item__icon\"><i aria-hidden=\"true\" class=\"fas fa-calendar-alt\"><\/i><\/span><\/div>\n\t\t\t\t<div class=\"timeline-item__card-wrapper\">\n\t\t\t\t\t<a class=\"timeline-item__card\" href=\"https:\/\/www.karrieremesse-schmalkalden.de\/\">\n\n\t\t\t\t\t\t<div class=\"timeline-item__content-wrapper\"><div class=\"timeline-item__content\"><!-- meta -->\n\t\t<div class=\"timeline-item__meta meta\">\n\t\t\t19.05.2026\t\t<\/div><div class=\"timeline-item__content__wysiwyg\">\n\t\t\t\t<h2><span style=\"font-size: 18pt; color: #d9010a;\">Karrieremesse<\/span><\/h2><p>Hochschule Schmalkalden, Schmalkalden, Th\u00fcringen<\/p>\t\t\t<\/div>\n\t\t<\/div><\/div><div class=\"timeline-item__card__arrow\"><\/div><\/a>\n\t\t\t\t<\/div>\n\t\t\t\t<div class=\"timeline-item__meta-wrapper\"><!-- meta -->\n\t\t<div class=\"timeline-item__meta meta timeline-item__meta meta\">\n\t\t\t19.05.2026\t\t<\/div><\/div>\n\t\t\t<\/div><div class=\"elementor-repeater-item-a8a65ff ee-timeline__item timeline-item\">\n\t\t\t\t<div class=\"timeline-item__point\"><span class=\"ee-icon ee-icon-support--svg ee-timeline__item__icon\"><i aria-hidden=\"true\" class=\"fas fa-calendar-alt\"><\/i><\/span><\/div>\n\t\t\t\t<div class=\"timeline-item__card-wrapper\">\n\t\t\t\t\t<a class=\"timeline-item__card\" href=\"https:\/\/www.bbk-region.de\/\">\n\n\t\t\t\t\t\t<div class=\"timeline-item__content-wrapper\"><div class=\"timeline-item__content\"><!-- meta -->\n\t\t<div class=\"timeline-item__meta meta\">\n\t\t\t26.09.2026\t\t<\/div><div class=\"timeline-item__content__wysiwyg\">\n\t\t\t\t<h2><span style=\"font-size: 18pt; color: #d9010a;\">Beruf. Bildung. Karriere. Jobs in der Region.<\/span><\/h2><p>Berufsschulcampus Unstrut-Hainich, M\u00fchlhausen, Th\u00fcringen<\/p>\t\t\t<\/div>\n\t\t<\/div><\/div><div class=\"timeline-item__card__arrow\"><\/div><\/a>\n\t\t\t\t<\/div>\n\t\t\t\t<div class=\"timeline-item__meta-wrapper\"><!-- meta -->\n\t\t<div class=\"timeline-item__meta meta timeline-item__meta meta\">\n\t\t\t26.09.2026\t\t<\/div><\/div>\n\t\t\t<\/div><\/section>\t\t\t\t<\/div>\n\t\t\t\t<\/div>\n\t\t\t\t\t<\/div>\n\t\t<\/div>\n\t\t\t\t\t<\/div>\n\t\t<\/section>\n\t\t\t\t<\/div>\n\t\t","protected":false},"excerpt":{"rendered":"<p>Unser Recruiting- Messekalender Auf unserer \u00dcbersichtsseite zu den kommenden Messen und Veranstaltungen findest du alle Termine, an denen unser Recruitingteam pers\u00f6nlich vor Ort ist. Egal, ob du als potenzieller Auszubildender durchstarten m\u00f6chtest oder als erfahrene Fachkraft neue Perspektiven suchst \u2013 hier bist du genau richtig, um uns n\u00e4her kennenzulernen und deine Karrierem\u00f6glichkeiten auszuloten. 23.04.2026 Girls [&hellip;]<\/p>\n","protected":false},"author":19,"featured_media":0,"parent":0,"menu_order":0,"comment_status":"closed","ping_status":"closed","template":"","meta":{"_acf_changed":false,"footnotes":""},"class_list":["post-347043","page","type-page","status-publish","hentry"],"acf":[],"yoast_head":"<!-- This site is optimized with the Yoast SEO plugin v27.2 - https:\/\/yoast.com\/product\/yoast-seo-wordpress\/ -->\n<title>Unser Recruiting-Messekalender - Pollmeier<\/title>\n<meta name=\"description\" content=\"Unser Recruiting- Messekalender Auf unserer \u00dcbersichtsseite zu den kommenden Messen und Veranstaltungen findest du alle Termine, an denen unser\" \/>\n<meta name=\"robots\" content=\"index, follow, max-snippet:-1, max-image-preview:large, max-video-preview:-1\" \/>\n<link rel=\"canonical\" href=\"https:\/\/www.pollmeier.com\/de\/unser-recruiting-messekalender\/\" \/>\n<meta property=\"og:locale\" content=\"de_DE\" \/>\n<meta property=\"og:type\" content=\"article\" \/>\n<meta property=\"og:title\" content=\"Unser Recruiting-Messekalender - Pollmeier\" \/>\n<meta property=\"og:description\" content=\"Unser Recruiting- Messekalender Auf unserer \u00dcbersichtsseite zu den kommenden Messen und Veranstaltungen findest du alle Termine, an denen unser\" \/>\n<meta property=\"og:url\" content=\"https:\/\/www.pollmeier.com\/de\/unser-recruiting-messekalender\/\" \/>\n<meta property=\"og:site_name\" content=\"Pollmeier\" \/>\n<meta property=\"article:publisher\" content=\"https:\/\/www.facebook.com\/pollmeier.massivholz\/?fref=ts\" \/>\n<meta property=\"article:modified_time\" content=\"2026-04-13T06:59:55+00:00\" \/>\n<meta name=\"twitter:card\" content=\"summary_large_image\" \/>\n<meta name=\"twitter:label1\" content=\"Gesch\u00e4tzte Lesezeit\" \/>\n\t<meta name=\"twitter:data1\" content=\"1\u00a0Minute\" \/>\n<script type=\"application\/ld+json\" class=\"yoast-schema-graph\">{\"@context\":\"https:\/\/schema.org\",\"@graph\":[{\"@type\":\"WebPage\",\"@id\":\"https:\/\/www.pollmeier.com\/de\/unser-recruiting-messekalender\/\",\"url\":\"https:\/\/www.pollmeier.com\/de\/unser-recruiting-messekalender\/\",\"name\":\"Unser Recruiting-Messekalender - Pollmeier\",\"isPartOf\":{\"@id\":\"https:\/\/www.pollmeier.com\/de\/#website\"},\"datePublished\":\"2024-09-11T11:47:49+00:00\",\"dateModified\":\"2026-04-13T06:59:55+00:00\",\"description\":\"Unser Recruiting- Messekalender Auf unserer \u00dcbersichtsseite zu den kommenden Messen und Veranstaltungen findest du alle Termine, an denen unser\",\"breadcrumb\":{\"@id\":\"https:\/\/www.pollmeier.com\/de\/unser-recruiting-messekalender\/#breadcrumb\"},\"inLanguage\":\"de\",\"potentialAction\":[{\"@type\":\"ReadAction\",\"target\":[\"https:\/\/www.pollmeier.com\/de\/unser-recruiting-messekalender\/\"]}]},{\"@type\":\"BreadcrumbList\",\"@id\":\"https:\/\/www.pollmeier.com\/de\/unser-recruiting-messekalender\/#breadcrumb\",\"itemListElement\":[{\"@type\":\"ListItem\",\"position\":1,\"name\":\"Home\",\"item\":\"https:\/\/www.pollmeier.com\/de\/neues-design\/\"},{\"@type\":\"ListItem\",\"position\":2,\"name\":\"Unser Recruiting-Messekalender\"}]},{\"@type\":\"WebSite\",\"@id\":\"https:\/\/www.pollmeier.com\/de\/#website\",\"url\":\"https:\/\/www.pollmeier.com\/de\/\",\"name\":\"Pollmeier\",\"description\":\"\",\"publisher\":{\"@id\":\"https:\/\/www.pollmeier.com\/de\/#organization\"},\"potentialAction\":[{\"@type\":\"SearchAction\",\"target\":{\"@type\":\"EntryPoint\",\"urlTemplate\":\"https:\/\/www.pollmeier.com\/de\/?s={search_term_string}\"},\"query-input\":{\"@type\":\"PropertyValueSpecification\",\"valueRequired\":true,\"valueName\":\"search_term_string\"}}],\"inLanguage\":\"de\"},{\"@type\":\"Organization\",\"@id\":\"https:\/\/www.pollmeier.com\/de\/#organization\",\"name\":\"Pollmeier\",\"url\":\"https:\/\/www.pollmeier.com\/de\/\",\"logo\":{\"@type\":\"ImageObject\",\"inLanguage\":\"de\",\"@id\":\"https:\/\/www.pollmeier.com\/de\/#\/schema\/logo\/image\/\",\"url\":\"https:\/\/www.pollmeier.com\/wp-content\/uploads\/2023\/01\/Pollmeier-Logo-RGB.png\",\"contentUrl\":\"https:\/\/www.pollmeier.com\/wp-content\/uploads\/2023\/01\/Pollmeier-Logo-RGB.png\",\"width\":7630,\"height\":1000,\"caption\":\"Pollmeier\"},\"image\":{\"@id\":\"https:\/\/www.pollmeier.com\/de\/#\/schema\/logo\/image\/\"},\"sameAs\":[\"https:\/\/www.facebook.com\/pollmeier.massivholz\/?fref=ts\",\"https:\/\/www.instagram.com\/pollmeier.massivholz\/\",\"https:\/\/www.youtube.com\/channel\/UCNEu1HAZzkMEb80QqPEkXig\",\"https:\/\/www.linkedin.com\/company\/13056550\/admin\/\"]}]}<\/script>\n<!-- \/ Yoast SEO plugin. -->","yoast_head_json":{"title":"Unser Recruiting-Messekalender - Pollmeier","description":"Unser Recruiting- Messekalender Auf unserer \u00dcbersichtsseite zu den kommenden Messen und Veranstaltungen findest du alle Termine, an denen unser","robots":{"index":"index","follow":"follow","max-snippet":"max-snippet:-1","max-image-preview":"max-image-preview:large","max-video-preview":"max-video-preview:-1"},"canonical":"https:\/\/www.pollmeier.com\/de\/unser-recruiting-messekalender\/","og_locale":"de_DE","og_type":"article","og_title":"Unser Recruiting-Messekalender - Pollmeier","og_description":"Unser Recruiting- Messekalender Auf unserer \u00dcbersichtsseite zu den kommenden Messen und Veranstaltungen findest du alle Termine, an denen unser","og_url":"https:\/\/www.pollmeier.com\/de\/unser-recruiting-messekalender\/","og_site_name":"Pollmeier","article_publisher":"https:\/\/www.facebook.com\/pollmeier.massivholz\/?fref=ts","article_modified_time":"2026-04-13T06:59:55+00:00","twitter_card":"summary_large_image","twitter_misc":{"Gesch\u00e4tzte Lesezeit":"1\u00a0Minute"},"schema":{"@context":"https:\/\/schema.org","@graph":[{"@type":"WebPage","@id":"https:\/\/www.pollmeier.com\/de\/unser-recruiting-messekalender\/","url":"https:\/\/www.pollmeier.com\/de\/unser-recruiting-messekalender\/","name":"Unser Recruiting-Messekalender - Pollmeier","isPartOf":{"@id":"https:\/\/www.pollmeier.com\/de\/#website"},"datePublished":"2024-09-11T11:47:49+00:00","dateModified":"2026-04-13T06:59:55+00:00","description":"Unser Recruiting- Messekalender Auf unserer \u00dcbersichtsseite zu den kommenden Messen und Veranstaltungen findest du alle Termine, an denen unser","breadcrumb":{"@id":"https:\/\/www.pollmeier.com\/de\/unser-recruiting-messekalender\/#breadcrumb"},"inLanguage":"de","potentialAction":[{"@type":"ReadAction","target":["https:\/\/www.pollmeier.com\/de\/unser-recruiting-messekalender\/"]}]},{"@type":"BreadcrumbList","@id":"https:\/\/www.pollmeier.com\/de\/unser-recruiting-messekalender\/#breadcrumb","itemListElement":[{"@type":"ListItem","position":1,"name":"Home","item":"https:\/\/www.pollmeier.com\/de\/neues-design\/"},{"@type":"ListItem","position":2,"name":"Unser Recruiting-Messekalender"}]},{"@type":"WebSite","@id":"https:\/\/www.pollmeier.com\/de\/#website","url":"https:\/\/www.pollmeier.com\/de\/","name":"Pollmeier","description":"","publisher":{"@id":"https:\/\/www.pollmeier.com\/de\/#organization"},"potentialAction":[{"@type":"SearchAction","target":{"@type":"EntryPoint","urlTemplate":"https:\/\/www.pollmeier.com\/de\/?s={search_term_string}"},"query-input":{"@type":"PropertyValueSpecification","valueRequired":true,"valueName":"search_term_string"}}],"inLanguage":"de"},{"@type":"Organization","@id":"https:\/\/www.pollmeier.com\/de\/#organization","name":"Pollmeier","url":"https:\/\/www.pollmeier.com\/de\/","logo":{"@type":"ImageObject","inLanguage":"de","@id":"https:\/\/www.pollmeier.com\/de\/#\/schema\/logo\/image\/","url":"https:\/\/www.pollmeier.com\/wp-content\/uploads\/2023\/01\/Pollmeier-Logo-RGB.png","contentUrl":"https:\/\/www.pollmeier.com\/wp-content\/uploads\/2023\/01\/Pollmeier-Logo-RGB.png","width":7630,"height":1000,"caption":"Pollmeier"},"image":{"@id":"https:\/\/www.pollmeier.com\/de\/#\/schema\/logo\/image\/"},"sameAs":["https:\/\/www.facebook.com\/pollmeier.massivholz\/?fref=ts","https:\/\/www.instagram.com\/pollmeier.massivholz\/","https:\/\/www.youtube.com\/channel\/UCNEu1HAZzkMEb80QqPEkXig","https:\/\/www.linkedin.com\/company\/13056550\/admin\/"]}]}},"_links":{"self":[{"href":"https:\/\/www.pollmeier.com\/de\/wp-json\/wp\/v2\/pages\/347043","targetHints":{"allow":["GET"]}}],"collection":[{"href":"https:\/\/www.pollmeier.com\/de\/wp-json\/wp\/v2\/pages"}],"about":[{"href":"https:\/\/www.pollmeier.com\/de\/wp-json\/wp\/v2\/types\/page"}],"author":[{"embeddable":true,"href":"https:\/\/www.pollmeier.com\/de\/wp-json\/wp\/v2\/users\/19"}],"replies":[{"embeddable":true,"href":"https:\/\/www.pollmeier.com\/de\/wp-json\/wp\/v2\/comments?post=347043"}],"version-history":[{"count":3,"href":"https:\/\/www.pollmeier.com\/de\/wp-json\/wp\/v2\/pages\/347043\/revisions"}],"predecessor-version":[{"id":506349,"href":"https:\/\/www.pollmeier.com\/de\/wp-json\/wp\/v2\/pages\/347043\/revisions\/506349"}],"wp:attachment":[{"href":"https:\/\/www.pollmeier.com\/de\/wp-json\/wp\/v2\/media?parent=347043"}],"curies":[{"name":"wp","href":"https:\/\/api.w.org\/{rel}","templated":true}]}}