{"id":477754,"date":"2025-10-17T10:07:37","date_gmt":"2025-10-17T08:07:37","guid":{"rendered":"https:\/\/www.pollmeier.com\/?page_id=477754"},"modified":"2025-10-17T13:35:05","modified_gmt":"2025-10-17T11:35:05","slug":"10-jahre-baubuche","status":"publish","type":"page","link":"https:\/\/www.pollmeier.com\/de\/10-jahre-baubuche\/","title":{"rendered":"Holzbaupotenziale in Th\u00fcringen \u2013 10 Jahre BauBuche im Spiegel von Architektur, nachhaltiger Forstwirtschaft und Gesellschaft"},"content":{"rendered":"\t\t<div data-elementor-type=\"wp-page\" data-elementor-id=\"477754\" class=\"elementor elementor-477754\" data-elementor-post-type=\"page\">\n\t\t\t\t\t\t<section class=\"elementor-section elementor-top-section elementor-element elementor-element-cdd18eb elementor-section-boxed elementor-section-height-default elementor-section-height-default\" data-id=\"cdd18eb\" data-element_type=\"section\" data-e-type=\"section\">\n\t\t\t\t\t\t<div class=\"elementor-container elementor-column-gap-default\">\n\t\t\t\t\t<div class=\"elementor-column elementor-col-100 elementor-top-column elementor-element elementor-element-700b346\" data-id=\"700b346\" data-element_type=\"column\" data-e-type=\"column\">\n\t\t\t<div class=\"elementor-widget-wrap\">\n\t\t\t\t\t\t\t<\/div>\n\t\t<\/div>\n\t\t\t\t\t<\/div>\n\t\t<\/section>\n\t\t\t\t<section class=\"elementor-section elementor-top-section elementor-element elementor-element-9579799 elementor-section-full_width baubesuche elementor-section-height-default elementor-section-height-default\" data-id=\"9579799\" data-element_type=\"section\" data-e-type=\"section\">\n\t\t\t\t\t\t<div class=\"elementor-container elementor-column-gap-default\">\n\t\t\t\t\t<div class=\"elementor-column elementor-col-100 elementor-top-column elementor-element elementor-element-831e1f5\" data-id=\"831e1f5\" data-element_type=\"column\" data-e-type=\"column\" data-settings=\"{&quot;background_background&quot;:&quot;slideshow&quot;,&quot;background_slideshow_gallery&quot;:[],&quot;background_slideshow_loop&quot;:&quot;yes&quot;,&quot;background_slideshow_slide_duration&quot;:5000,&quot;background_slideshow_slide_transition&quot;:&quot;fade&quot;,&quot;background_slideshow_transition_duration&quot;:500}\">\n\t\t\t<div class=\"elementor-widget-wrap elementor-element-populated\">\n\t\t\t\t\t\t<div class=\"elementor-element elementor-element-868f9e9 elementor-hidden-tablet elementor-hidden-mobile elementor-widget elementor-widget-text-editor\" data-id=\"868f9e9\" data-element_type=\"widget\" data-e-type=\"widget\" data-widget_type=\"text-editor.default\">\n\t\t\t\t<div class=\"elementor-widget-container\">\n\t\t\t\t\t\t\t\t\t<p class=\"x_MsoNormal\"><span style=\"font-size: 36pt;\"><b data-olk-copy-source=\"MessageBody\">Holzbaupotenziale in Th\u00fcringen \u2013 10 Jahre BauBuche im Spiegel von Architektur, nachhaltiger Forstwirtschaft und Gesellschaft<\/b><\/span><\/p><p><span style=\"font-size: 18pt;\" data-olk-copy-source=\"MessageBody\">Ein Fachdialog auf Einladung von Pollmeier und PEFC Deutschland<\/span><\/p>\t\t\t\t\t\t\t\t<\/div>\n\t\t\t\t<\/div>\n\t\t\t\t<div class=\"elementor-element elementor-element-65aa919 elementor-hidden-desktop elementor-hidden-laptop elementor-widget elementor-widget-text-editor\" data-id=\"65aa919\" data-element_type=\"widget\" data-e-type=\"widget\" data-widget_type=\"text-editor.default\">\n\t\t\t\t<div class=\"elementor-widget-container\">\n\t\t\t\t\t\t\t\t\t<p class=\"x_MsoNormal\"><span style=\"font-size: 18pt;\"><b data-olk-copy-source=\"MessageBody\">Holzbaupotenziale in Th\u00fcringen \u2013 10 Jahre BauBuche im Spiegel von Architektur, nachhaltiger Forstwirtschaft und Gesellschaft<\/b><\/span><\/p><p><span style=\"font-size: 14pt;\" data-olk-copy-source=\"MessageBody\">Ein Fachdialog auf Einladung von Pollmeier und PEFC Deutschland<\/span><\/p>\t\t\t\t\t\t\t\t<\/div>\n\t\t\t\t<\/div>\n\t\t\t\t<div class=\"elementor-element elementor-element-3403c5c elementor-widget-laptop__width-initial elementor-widget elementor-widget-text-editor\" data-id=\"3403c5c\" data-element_type=\"widget\" data-e-type=\"widget\" data-widget_type=\"text-editor.default\">\n\t\t\t\t<div class=\"elementor-widget-container\">\n\t\t\t\t\t\t\t\t\t<p><span style=\"letter-spacing: 0px;\">25. November 2025<\/span><strong>\u00a0<\/strong><br \/><span class=\"gray-text\">Pollmeier Massivholz GmbH &amp; Co. KG,\u00a0<\/span><span class=\"gray-text\">Pferdsdorfer Weg 6, 99831 Amt Creuzburg\u00a0<\/span><\/p>\t\t\t\t\t\t\t\t<\/div>\n\t\t\t\t<\/div>\n\t\t\t\t<div data-dce-advanced-background-image-url=\"https:\/\/www.pollmeier.com\/wp-content\/uploads\/2025\/10\/38_RS_i8-iCampus_YZ-e1760686750665.jpg\" class=\"elementor-element elementor-element-9010c96 elementor-widget elementor-widget-spacer\" data-id=\"9010c96\" data-element_type=\"widget\" data-e-type=\"widget\" data-widget_type=\"spacer.default\">\n\t\t\t\t<div class=\"elementor-widget-container\">\n\t\t\t\t\t\t\t<div class=\"elementor-spacer\">\n\t\t\t<div class=\"elementor-spacer-inner\"><\/div>\n\t\t<\/div>\n\t\t\t\t\t\t<\/div>\n\t\t\t\t<\/div>\n\t\t\t\t<div class=\"elementor-element elementor-element-7f934d8 elementor-widget elementor-widget-text-editor\" data-id=\"7f934d8\" data-element_type=\"widget\" data-e-type=\"widget\" data-widget_type=\"text-editor.default\">\n\t\t\t\t<div class=\"elementor-widget-container\">\n\t\t\t\t\t\t\t\t\t<p><span data-olk-copy-source=\"MessageBody\">Die Pollmeier Massivholz GmbH &amp; Co. KG \u2013 Betreiber von Europas modernsten Laubholzs\u00e4gewerken \u2013 und PEFC Deutschland e.V. laden Sie zum Fachdialog nach Amt Creuzburg ein.&nbsp;<\/span><span style=\"letter-spacing: 0px;\">Die Veranstaltung verbindet Fachvortr\u00e4ge aus den Bereichen Forst und Holz, Architektur und Bauausf\u00fchrung mit einer exklusiven Werksf\u00fchrung. Dar\u00fcber hinaus bieten sich vielf\u00e4ltige Gelegenheiten zum Austausch und Netzwerken.<\/span><\/p>\t\t\t\t\t\t\t\t<\/div>\n\t\t\t\t<\/div>\n\t\t\t\t\t<\/div>\n\t\t<\/div>\n\t\t\t\t\t<\/div>\n\t\t<\/section>\n\t\t\t\t<section class=\"elementor-section elementor-top-section elementor-element elementor-element-5ddaffb elementor-section-full_width baubesuche elementor-section-height-default elementor-section-height-default\" data-id=\"5ddaffb\" data-element_type=\"section\" data-e-type=\"section\">\n\t\t\t\t\t\t<div class=\"elementor-container elementor-column-gap-default\">\n\t\t\t\t\t<div class=\"elementor-column elementor-col-100 elementor-top-column elementor-element elementor-element-bc68ffc\" data-id=\"bc68ffc\" data-element_type=\"column\" data-e-type=\"column\">\n\t\t\t<div class=\"elementor-widget-wrap elementor-element-populated\">\n\t\t\t\t\t\t<div class=\"elementor-element elementor-element-639cffb elementor-widget elementor-widget-text-editor\" data-id=\"639cffb\" data-element_type=\"widget\" data-e-type=\"widget\" data-widget_type=\"text-editor.default\">\n\t\t\t\t<div class=\"elementor-widget-container\">\n\t\t\t\t\t\t\t\t\t<p><span data-olk-copy-source=\"MessageBody\">Programmablauf<\/span><\/p>\t\t\t\t\t\t\t\t<\/div>\n\t\t\t\t<\/div>\n\t\t\t\t<div class=\"elementor-element elementor-element-ea68868 elementor-hidden-tablet elementor-hidden-mobile elementor-widget elementor-widget-text-editor\" data-id=\"ea68868\" data-element_type=\"widget\" data-e-type=\"widget\" data-widget_type=\"text-editor.default\">\n\t\t\t\t<div class=\"elementor-widget-container\">\n\t\t\t\t\t\t\t\t\t<p><strong>25.11.2025, ab 11:30 Uhr\u00a0<\/strong><br \/><span class=\"gray-text\">Pollmeier Massivholz GmbH &amp; Co. KG<br \/>Pferdsdorfer Weg 6, 99831 Amt Creuzburg<\/span><\/p>\t\t\t\t\t\t\t\t<\/div>\n\t\t\t\t<\/div>\n\t\t\t\t<div class=\"elementor-element elementor-element-9240d94 elementor-widget-mobile__width-initial elementor-hidden-desktop elementor-hidden-laptop elementor-widget elementor-widget-text-editor\" data-id=\"9240d94\" data-element_type=\"widget\" data-e-type=\"widget\" data-widget_type=\"text-editor.default\">\n\t\t\t\t<div class=\"elementor-widget-container\">\n\t\t\t\t\t\t\t\t\t<p><strong>25.11.2025, ab 11:30 Uhr\u00a0<\/strong><br \/><span class=\"gray-text\">Pollmeier Massivholz GmbH &amp; Co. KG<br \/>Pferdsdorfer Weg 6, 99831 Amt Creuzburg<\/span><\/p>\t\t\t\t\t\t\t\t<\/div>\n\t\t\t\t<\/div>\n\t\t\t\t<div class=\"elementor-element elementor-element-e89aa4c elementor-hidden-desktop elementor-hidden-laptop elementor-widget elementor-widget-text-editor\" data-id=\"e89aa4c\" data-element_type=\"widget\" data-e-type=\"widget\" data-widget_type=\"text-editor.default\">\n\t\t\t\t<div class=\"elementor-widget-container\">\n\t\t\t\t\t\t\t\t\t<table style=\"width: 103.223%; height: 577px;\">\n<tbody>\n<tr style=\"height: 37px;\">\n<td style=\"width: 16.2233%; height: 52px;\">11:30 &#8211; 11:45<\/td>\n<td style=\"width: 69.333%; height: 52px;\">\n<p><strong>Begr\u00fc\u00dfung<\/strong><\/p>\n<p class=\"x_MsoNormal\" data-olk-copy-source=\"MessageBody\"><b>Ralf Pollmeier<\/b>, Gesch\u00e4ftsf\u00fchrer Pollmeier Massivholz GmbH &amp; Co. KG<\/p>\n<p class=\"x_MsoNormal\" data-olk-copy-source=\"MessageBody\"><b>Peter Gaffert<\/b>, Vorsitzender PEFC Deutschland e.V.<\/p>\n<p class=\"x_MsoNormal\" data-olk-copy-source=\"MessageBody\"><b>Gru\u00dfwort <\/b>des Landes Th\u00fcringen<\/p>\n<p data-olk-copy-source=\"MessageBody\">\n<\/p><\/td>\n<\/tr>\n<tr style=\"height: 24px;\">\n<td style=\"width: 16.2233%; height: 76px;\"><span data-olk-copy-source=\"MessageBody\">11:45 \u2013 12:00&nbsp;<\/span><\/td>\n<td style=\"width: 69.333%; height: 76px;\">\n<p><strong>Impulsvortrag \u201eTh\u00fcringen als Holzland ohne Holzbau?\u201c<\/strong><br>Sascha Lummitsch, Th\u00fcringer Kompetenzzentrum Holz \/ Vorsitzender Landesbeirat Forst und Holz<\/p>\n<\/td>\n<\/tr>\n<tr style=\"height: 72px;\">\n<td style=\"width: 16.2233%; height: 78px;\"><span data-olk-copy-source=\"MessageBody\">12:00 \u2013 12:30 <\/span><\/td>\n<td style=\"width: 69.333%; height: 78px;\">\n<p><strong>BauBuche im konstruktiven Holzbau<\/strong><br>Christian Ahrens, Technischer Berater BauBuche, Pollmeier Massivholz GmbH &amp; Co. KG<\/p><p><br><\/p>\n<\/td>\n<\/tr>\n<tr style=\"height: 41px;\">\n<td style=\"width: 16.2233%; height: 27px;\">12:30 &#8211; 13:15<br><br><\/td>\n<td style=\"width: 69.333%; height: 27px;\">\n<p><b>Mittagspause<\/b><\/p>\n<\/td>\n<\/tr>\n<tr style=\"height: 66px;\">\n<td style=\"width: 16.2233%; height: 113px;\">13:15 &#8211; 14:45<\/td>\n<td style=\"width: 69.333%; height: 113px;\">\n<p><strong>Werksf\u00fchrung \u201eVom Stamm zum Hochleistungsbaustoff \u2013 nachhaltige Holzverarbeitung live erleben\u201c<\/strong><br><span data-olk-copy-source=\"MessageBody\">Regionale Wertsch\u00f6pfungsketten | PEFC-zertifizierte Rohstoffe | Ressourceneffizienz &amp; Hightech-Prozesse<\/span><\/p>\n<\/td>\n<\/tr>\n<tr style=\"height: 268px;\">\n<td style=\"width: 16.2233%; height: 179px;\">15:00 &#8211; 17:00<\/td>\n<td style=\"width: 69.333%; height: 179px;\">\n<p><strong><span data-olk-copy-source=\"MessageBody\">Fachprogramm: Architektur &amp; Holz-Hybrid im Dialog Das Projekt i8 \u2013 Chancen f\u00fcr den Holzbau in Th\u00fcringen<br><\/span><\/strong><\/p>\n<p class=\"x_MsoNormal\" data-olk-copy-source=\"MessageBody\">Am Beispiel des B\u00fcrogeb\u00e4udes i8 zeigen Architektur und Tragwerksplanung, wie moderner Holz-Hybridbau in der Praxis funktioniert. Im Fokus stehen Entwurfsidee, Strukturprinzip und der Einsatz von BauBuche als leistungsf\u00e4higem Laubholzprodukt.<\/p>\n<p><strong>Katharina Erfurt<\/strong>, Projektzeit bei C.F. M\u00f8ller GmbH<\/p>\n<p><strong>Konrad Merz<\/strong>, merz kley partner GmbH<\/p>\n<\/td>\n<\/tr>\n<tr style=\"height: 52px;\">\n<td style=\"width: 16.2233%; height: 52px;\">ab 17:00<\/td>\n<td style=\"width: 69.333%; height: 52px;\"><strong><span data-olk-copy-source=\"MessageBody\"><b data-olk-copy-source=\"MessageBody\">Get-together &amp; Ausklang<br><\/b><\/span><\/strong>Austausch bei Getr\u00e4nken und Imbiss<strong><span data-olk-copy-source=\"MessageBody\"><b data-olk-copy-source=\"MessageBody\"><br><\/b><\/span><\/strong><\/td>\n<\/tr>\n<\/tbody>\n<\/table>\t\t\t\t\t\t\t\t<\/div>\n\t\t\t\t<\/div>\n\t\t\t\t<div class=\"elementor-element elementor-element-1925e79 elementor-hidden-tablet elementor-hidden-mobile elementor-widget elementor-widget-text-editor\" data-id=\"1925e79\" data-element_type=\"widget\" data-e-type=\"widget\" data-widget_type=\"text-editor.default\">\n\t\t\t\t<div class=\"elementor-widget-container\">\n\t\t\t\t\t\t\t\t\t<table style=\"width: 103.223%; height: 577px;\"><tbody><tr style=\"height: 37px;\"><td style=\"width: 16.2233%; height: 52px;\">11:30 &#8211; 11:45<\/td><td style=\"width: 69.333%; height: 52px;\"><p><strong>Begr\u00fc\u00dfung<\/strong><\/p><p class=\"x_MsoNormal\" data-olk-copy-source=\"MessageBody\"><b>Ralf Pollmeier<\/b>, Gesch\u00e4ftsf\u00fchrer Pollmeier Massivholz GmbH &amp; Co. KG<\/p><p class=\"x_MsoNormal\" data-olk-copy-source=\"MessageBody\"><b>Peter Gaffert<\/b>, Vorsitzender PEFC Deutschland e.V.<\/p><p class=\"x_MsoNormal\" data-olk-copy-source=\"MessageBody\"><b>Gru\u00dfwort <\/b>des Landes Th\u00fcringen<\/p><p data-olk-copy-source=\"MessageBody\">\u00a0<\/p><\/td><\/tr><tr style=\"height: 24px;\"><td style=\"width: 16.2233%; height: 76px;\"><span data-olk-copy-source=\"MessageBody\">11:45 \u2013 12:00\u00a0<\/span><\/td><td style=\"width: 69.333%; height: 76px;\"><p><strong>Impulsvortrag \u201eTh\u00fcringen als Holzland ohne Holzbau?\u201c<\/strong><br \/>Sascha Lummitsch, Th\u00fcringer Kompetenzzentrum Holz \/ Vorsitzender Landesbeirat Forst und Holz<\/p><\/td><\/tr><tr style=\"height: 72px;\"><td style=\"width: 16.2233%; height: 78px;\"><span data-olk-copy-source=\"MessageBody\">12:00 \u2013 12:30 <\/span><\/td><td style=\"width: 69.333%; height: 78px;\"><p><strong>BauBuche im konstruktiven Holzbau<\/strong><br \/>Christian Ahrens, Technischer Berater BauBuche, Pollmeier Massivholz GmbH &amp; Co. KG<\/p><\/td><\/tr><tr style=\"height: 41px;\"><td style=\"width: 16.2233%; height: 27px;\">12:30 &#8211; 13:15<\/td><td style=\"width: 69.333%; height: 27px;\"><p><b>Mittagspause<\/b><\/p><\/td><\/tr><tr style=\"height: 66px;\"><td style=\"width: 16.2233%; height: 113px;\">13:15 &#8211; 14:45<\/td><td style=\"width: 69.333%; height: 113px;\"><p><strong>Werksf\u00fchrung \u201eVom Stamm zum Hochleistungsbaustoff \u2013 nachhaltige Holzverarbeitung live erleben\u201c<\/strong><br \/><span data-olk-copy-source=\"MessageBody\">Regionale Wertsch\u00f6pfungsketten | PEFC-zertifizierte Rohstoffe | Ressourceneffizienz &amp; Hightech-Prozesse<\/span><\/p><\/td><\/tr><tr style=\"height: 268px;\"><td style=\"width: 16.2233%; height: 179px;\">15:00 &#8211; 17:00<\/td><td style=\"width: 69.333%; height: 179px;\"><p><strong><span data-olk-copy-source=\"MessageBody\">Fachprogramm: Architektur &amp; Holz-Hybrid im Dialog Das Projekt i8 \u2013 Chancen f\u00fcr den Holzbau in Th\u00fcringen<br \/><\/span><\/strong><\/p><p class=\"x_MsoNormal\" data-olk-copy-source=\"MessageBody\">Am Beispiel des B\u00fcrogeb\u00e4udes i8 zeigen Architektur und Tragwerksplanung, wie moderner Holz-Hybridbau in der Praxis funktioniert. Im Fokus stehen Entwurfsidee, Strukturprinzip und der Einsatz von BauBuche als leistungsf\u00e4higem Laubholzprodukt.<\/p><p><strong>Katharina Erfurt<\/strong>, Projektzeit bei C.F. M\u00f8ller GmbH<\/p><p><strong>Konrad Merz<\/strong>, merz kley partner GmbH<\/p><\/td><\/tr><tr style=\"height: 52px;\"><td style=\"width: 16.2233%; height: 52px;\">ab 17:00<\/td><td style=\"width: 69.333%; height: 52px;\"><strong><span data-olk-copy-source=\"MessageBody\"><b data-olk-copy-source=\"MessageBody\">Get-together &amp; Ausklang<br \/><\/b><\/span><\/strong>Austausch bei Getr\u00e4nken und Imbiss<strong><span data-olk-copy-source=\"MessageBody\"><b data-olk-copy-source=\"MessageBody\"><br \/><\/b><\/span><\/strong><\/td><\/tr><\/tbody><\/table>\t\t\t\t\t\t\t\t<\/div>\n\t\t\t\t<\/div>\n\t\t\t\t<div class=\"elementor-element elementor-element-27588d8 elementor-align-center elementor-widget elementor-widget-button\" data-id=\"27588d8\" data-element_type=\"widget\" data-e-type=\"widget\" data-widget_type=\"button.default\">\n\t\t\t\t<div class=\"elementor-widget-container\">\n\t\t\t\t\t\t\t\t\t<div class=\"elementor-button-wrapper\">\n\t\t\t\t\t<a class=\"elementor-button elementor-button-link elementor-size-sm\" href=\"https:\/\/podio.com\/webforms\/30493106\/2575453\">\n\t\t\t\t\t\t<span class=\"elementor-button-content-wrapper\">\n\t\t\t\t\t\t\t\t\t<span class=\"elementor-button-text\">Zur Anmeldung<\/span>\n\t\t\t\t\t<\/span>\n\t\t\t\t\t<\/a>\n\t\t\t\t<\/div>\n\t\t\t\t\t\t\t\t<\/div>\n\t\t\t\t<\/div>\n\t\t\t\t\t<\/div>\n\t\t<\/div>\n\t\t\t\t\t<\/div>\n\t\t<\/section>\n\t\t\t\t<\/div>\n\t\t","protected":false},"excerpt":{"rendered":"<p>Holzbaupotenziale in Th\u00fcringen \u2013 10 Jahre BauBuche im Spiegel von Architektur, nachhaltiger Forstwirtschaft und Gesellschaft Ein Fachdialog auf Einladung von Pollmeier und PEFC Deutschland Holzbaupotenziale in Th\u00fcringen \u2013 10 Jahre BauBuche im Spiegel von Architektur, nachhaltiger Forstwirtschaft und Gesellschaft Ein Fachdialog auf Einladung von Pollmeier und PEFC Deutschland 25. November 2025\u00a0Pollmeier Massivholz GmbH &amp; Co. [&hellip;]<\/p>\n","protected":false},"author":17,"featured_media":0,"parent":0,"menu_order":0,"comment_status":"closed","ping_status":"closed","template":"","meta":{"_acf_changed":false,"footnotes":""},"class_list":["post-477754","page","type-page","status-publish","hentry"],"acf":[],"yoast_head":"<!-- This site is optimized with the Yoast SEO plugin v27.2 - https:\/\/yoast.com\/product\/yoast-seo-wordpress\/ -->\n<title>Holzbaupotenziale in Th\u00fcringen \u2013 10 Jahre BauBuche im Spiegel von Architektur, nachhaltiger Forstwirtschaft und Gesellschaft - Pollmeier<\/title>\n<meta name=\"description\" content=\"Holzbaupotenziale in Th\u00fcringen \u2013 10 Jahre BauBuche im Spiegel von Architektur, nachhaltiger Forstwirtschaft und GesellschaftEin Fachdialog auf Einladung\" \/>\n<meta name=\"robots\" content=\"index, follow, max-snippet:-1, max-image-preview:large, max-video-preview:-1\" \/>\n<link rel=\"canonical\" href=\"https:\/\/www.pollmeier.com\/de\/10-jahre-baubuche\/\" \/>\n<meta property=\"og:locale\" content=\"de_DE\" \/>\n<meta property=\"og:type\" content=\"article\" \/>\n<meta property=\"og:title\" content=\"Holzbaupotenziale in Th\u00fcringen \u2013 10 Jahre BauBuche im Spiegel von Architektur, nachhaltiger Forstwirtschaft und Gesellschaft - Pollmeier\" \/>\n<meta property=\"og:description\" content=\"Holzbaupotenziale in Th\u00fcringen \u2013 10 Jahre BauBuche im Spiegel von Architektur, nachhaltiger Forstwirtschaft und GesellschaftEin Fachdialog auf Einladung\" \/>\n<meta property=\"og:url\" content=\"https:\/\/www.pollmeier.com\/de\/10-jahre-baubuche\/\" \/>\n<meta property=\"og:site_name\" content=\"Pollmeier\" \/>\n<meta property=\"article:publisher\" content=\"https:\/\/www.facebook.com\/pollmeier.massivholz\/?fref=ts\" \/>\n<meta property=\"article:modified_time\" content=\"2025-10-17T11:35:05+00:00\" \/>\n<meta name=\"twitter:card\" content=\"summary_large_image\" \/>\n<meta name=\"twitter:label1\" content=\"Gesch\u00e4tzte Lesezeit\" \/>\n\t<meta name=\"twitter:data1\" content=\"3\u00a0Minuten\" \/>\n<script type=\"application\/ld+json\" class=\"yoast-schema-graph\">{\"@context\":\"https:\/\/schema.org\",\"@graph\":[{\"@type\":\"WebPage\",\"@id\":\"https:\/\/www.pollmeier.com\/de\/10-jahre-baubuche\/\",\"url\":\"https:\/\/www.pollmeier.com\/de\/10-jahre-baubuche\/\",\"name\":\"Holzbaupotenziale in Th\u00fcringen \u2013 10 Jahre BauBuche im Spiegel von Architektur, nachhaltiger Forstwirtschaft und Gesellschaft - Pollmeier\",\"isPartOf\":{\"@id\":\"https:\/\/www.pollmeier.com\/de\/#website\"},\"datePublished\":\"2025-10-17T08:07:37+00:00\",\"dateModified\":\"2025-10-17T11:35:05+00:00\",\"description\":\"Holzbaupotenziale in Th\u00fcringen \u2013 10 Jahre BauBuche im Spiegel von Architektur, nachhaltiger Forstwirtschaft und GesellschaftEin Fachdialog auf Einladung\",\"breadcrumb\":{\"@id\":\"https:\/\/www.pollmeier.com\/de\/10-jahre-baubuche\/#breadcrumb\"},\"inLanguage\":\"de\",\"potentialAction\":[{\"@type\":\"ReadAction\",\"target\":[\"https:\/\/www.pollmeier.com\/de\/10-jahre-baubuche\/\"]}]},{\"@type\":\"BreadcrumbList\",\"@id\":\"https:\/\/www.pollmeier.com\/de\/10-jahre-baubuche\/#breadcrumb\",\"itemListElement\":[{\"@type\":\"ListItem\",\"position\":1,\"name\":\"Home\",\"item\":\"https:\/\/www.pollmeier.com\/de\/neues-design\/\"},{\"@type\":\"ListItem\",\"position\":2,\"name\":\"Holzbaupotenziale in Th\u00fcringen \u2013 10 Jahre BauBuche im Spiegel von Architektur, nachhaltiger Forstwirtschaft und Gesellschaft\"}]},{\"@type\":\"WebSite\",\"@id\":\"https:\/\/www.pollmeier.com\/de\/#website\",\"url\":\"https:\/\/www.pollmeier.com\/de\/\",\"name\":\"Pollmeier\",\"description\":\"\",\"publisher\":{\"@id\":\"https:\/\/www.pollmeier.com\/de\/#organization\"},\"potentialAction\":[{\"@type\":\"SearchAction\",\"target\":{\"@type\":\"EntryPoint\",\"urlTemplate\":\"https:\/\/www.pollmeier.com\/de\/?s={search_term_string}\"},\"query-input\":{\"@type\":\"PropertyValueSpecification\",\"valueRequired\":true,\"valueName\":\"search_term_string\"}}],\"inLanguage\":\"de\"},{\"@type\":\"Organization\",\"@id\":\"https:\/\/www.pollmeier.com\/de\/#organization\",\"name\":\"Pollmeier\",\"url\":\"https:\/\/www.pollmeier.com\/de\/\",\"logo\":{\"@type\":\"ImageObject\",\"inLanguage\":\"de\",\"@id\":\"https:\/\/www.pollmeier.com\/de\/#\/schema\/logo\/image\/\",\"url\":\"https:\/\/www.pollmeier.com\/wp-content\/uploads\/2023\/01\/Pollmeier-Logo-RGB.png\",\"contentUrl\":\"https:\/\/www.pollmeier.com\/wp-content\/uploads\/2023\/01\/Pollmeier-Logo-RGB.png\",\"width\":7630,\"height\":1000,\"caption\":\"Pollmeier\"},\"image\":{\"@id\":\"https:\/\/www.pollmeier.com\/de\/#\/schema\/logo\/image\/\"},\"sameAs\":[\"https:\/\/www.facebook.com\/pollmeier.massivholz\/?fref=ts\",\"https:\/\/www.instagram.com\/pollmeier.massivholz\/\",\"https:\/\/www.youtube.com\/channel\/UCNEu1HAZzkMEb80QqPEkXig\",\"https:\/\/www.linkedin.com\/company\/13056550\/admin\/\"]}]}<\/script>\n<!-- \/ Yoast SEO plugin. -->","yoast_head_json":{"title":"Holzbaupotenziale in Th\u00fcringen \u2013 10 Jahre BauBuche im Spiegel von Architektur, nachhaltiger Forstwirtschaft und Gesellschaft - Pollmeier","description":"Holzbaupotenziale in Th\u00fcringen \u2013 10 Jahre BauBuche im Spiegel von Architektur, nachhaltiger Forstwirtschaft und GesellschaftEin Fachdialog auf Einladung","robots":{"index":"index","follow":"follow","max-snippet":"max-snippet:-1","max-image-preview":"max-image-preview:large","max-video-preview":"max-video-preview:-1"},"canonical":"https:\/\/www.pollmeier.com\/de\/10-jahre-baubuche\/","og_locale":"de_DE","og_type":"article","og_title":"Holzbaupotenziale in Th\u00fcringen \u2013 10 Jahre BauBuche im Spiegel von Architektur, nachhaltiger Forstwirtschaft und Gesellschaft - Pollmeier","og_description":"Holzbaupotenziale in Th\u00fcringen \u2013 10 Jahre BauBuche im Spiegel von Architektur, nachhaltiger Forstwirtschaft und GesellschaftEin Fachdialog auf Einladung","og_url":"https:\/\/www.pollmeier.com\/de\/10-jahre-baubuche\/","og_site_name":"Pollmeier","article_publisher":"https:\/\/www.facebook.com\/pollmeier.massivholz\/?fref=ts","article_modified_time":"2025-10-17T11:35:05+00:00","twitter_card":"summary_large_image","twitter_misc":{"Gesch\u00e4tzte Lesezeit":"3\u00a0Minuten"},"schema":{"@context":"https:\/\/schema.org","@graph":[{"@type":"WebPage","@id":"https:\/\/www.pollmeier.com\/de\/10-jahre-baubuche\/","url":"https:\/\/www.pollmeier.com\/de\/10-jahre-baubuche\/","name":"Holzbaupotenziale in Th\u00fcringen \u2013 10 Jahre BauBuche im Spiegel von Architektur, nachhaltiger Forstwirtschaft und Gesellschaft - Pollmeier","isPartOf":{"@id":"https:\/\/www.pollmeier.com\/de\/#website"},"datePublished":"2025-10-17T08:07:37+00:00","dateModified":"2025-10-17T11:35:05+00:00","description":"Holzbaupotenziale in Th\u00fcringen \u2013 10 Jahre BauBuche im Spiegel von Architektur, nachhaltiger Forstwirtschaft und GesellschaftEin Fachdialog auf Einladung","breadcrumb":{"@id":"https:\/\/www.pollmeier.com\/de\/10-jahre-baubuche\/#breadcrumb"},"inLanguage":"de","potentialAction":[{"@type":"ReadAction","target":["https:\/\/www.pollmeier.com\/de\/10-jahre-baubuche\/"]}]},{"@type":"BreadcrumbList","@id":"https:\/\/www.pollmeier.com\/de\/10-jahre-baubuche\/#breadcrumb","itemListElement":[{"@type":"ListItem","position":1,"name":"Home","item":"https:\/\/www.pollmeier.com\/de\/neues-design\/"},{"@type":"ListItem","position":2,"name":"Holzbaupotenziale in Th\u00fcringen \u2013 10 Jahre BauBuche im Spiegel von Architektur, nachhaltiger Forstwirtschaft und Gesellschaft"}]},{"@type":"WebSite","@id":"https:\/\/www.pollmeier.com\/de\/#website","url":"https:\/\/www.pollmeier.com\/de\/","name":"Pollmeier","description":"","publisher":{"@id":"https:\/\/www.pollmeier.com\/de\/#organization"},"potentialAction":[{"@type":"SearchAction","target":{"@type":"EntryPoint","urlTemplate":"https:\/\/www.pollmeier.com\/de\/?s={search_term_string}"},"query-input":{"@type":"PropertyValueSpecification","valueRequired":true,"valueName":"search_term_string"}}],"inLanguage":"de"},{"@type":"Organization","@id":"https:\/\/www.pollmeier.com\/de\/#organization","name":"Pollmeier","url":"https:\/\/www.pollmeier.com\/de\/","logo":{"@type":"ImageObject","inLanguage":"de","@id":"https:\/\/www.pollmeier.com\/de\/#\/schema\/logo\/image\/","url":"https:\/\/www.pollmeier.com\/wp-content\/uploads\/2023\/01\/Pollmeier-Logo-RGB.png","contentUrl":"https:\/\/www.pollmeier.com\/wp-content\/uploads\/2023\/01\/Pollmeier-Logo-RGB.png","width":7630,"height":1000,"caption":"Pollmeier"},"image":{"@id":"https:\/\/www.pollmeier.com\/de\/#\/schema\/logo\/image\/"},"sameAs":["https:\/\/www.facebook.com\/pollmeier.massivholz\/?fref=ts","https:\/\/www.instagram.com\/pollmeier.massivholz\/","https:\/\/www.youtube.com\/channel\/UCNEu1HAZzkMEb80QqPEkXig","https:\/\/www.linkedin.com\/company\/13056550\/admin\/"]}]}},"_links":{"self":[{"href":"https:\/\/www.pollmeier.com\/de\/wp-json\/wp\/v2\/pages\/477754","targetHints":{"allow":["GET"]}}],"collection":[{"href":"https:\/\/www.pollmeier.com\/de\/wp-json\/wp\/v2\/pages"}],"about":[{"href":"https:\/\/www.pollmeier.com\/de\/wp-json\/wp\/v2\/types\/page"}],"author":[{"embeddable":true,"href":"https:\/\/www.pollmeier.com\/de\/wp-json\/wp\/v2\/users\/17"}],"replies":[{"embeddable":true,"href":"https:\/\/www.pollmeier.com\/de\/wp-json\/wp\/v2\/comments?post=477754"}],"version-history":[{"count":3,"href":"https:\/\/www.pollmeier.com\/de\/wp-json\/wp\/v2\/pages\/477754\/revisions"}],"predecessor-version":[{"id":477879,"href":"https:\/\/www.pollmeier.com\/de\/wp-json\/wp\/v2\/pages\/477754\/revisions\/477879"}],"wp:attachment":[{"href":"https:\/\/www.pollmeier.com\/de\/wp-json\/wp\/v2\/media?parent=477754"}],"curies":[{"name":"wp","href":"https:\/\/api.w.org\/{rel}","templated":true}]}}