{"id":207312,"date":"2023-12-07T16:48:17","date_gmt":"2023-12-07T15:48:17","guid":{"rendered":"https:\/\/www.pollmeier.com\/?page_id=207312"},"modified":"2025-02-20T08:22:32","modified_gmt":"2025-02-20T07:22:32","slug":"dossier-de-presse","status":"publish","type":"page","link":"https:\/\/www.pollmeier.com\/fr\/downloads\/dossier-de-presse\/","title":{"rendered":"Dossier de presse"},"content":{"rendered":"\t\t<div data-elementor-type=\"wp-page\" data-elementor-id=\"207312\" class=\"elementor elementor-207312 elementor-207309\" data-elementor-post-type=\"page\">\n\t\t\t\t\t\t<section class=\"elementor-section elementor-top-section elementor-element elementor-element-5acae6d elementor-hidden-mobile elementor-section-boxed elementor-section-height-default elementor-section-height-default\" data-id=\"5acae6d\" data-element_type=\"section\" data-e-type=\"section\" data-settings=\"{&quot;background_background&quot;:&quot;classic&quot;,&quot;sticky&quot;:&quot;top&quot;,&quot;sticky_offset&quot;:52,&quot;sticky_on&quot;:[&quot;desktop&quot;,&quot;laptop&quot;,&quot;tablet&quot;,&quot;mobile&quot;],&quot;sticky_effects_offset&quot;:0,&quot;sticky_anchor_link_offset&quot;:0}\">\n\t\t\t\t\t\t<div class=\"elementor-container elementor-column-gap-default\">\n\t\t\t\t\t<div class=\"elementor-column elementor-col-100 elementor-top-column elementor-element elementor-element-f23a8dd\" data-id=\"f23a8dd\" data-element_type=\"column\" data-e-type=\"column\">\n\t\t\t<div class=\"elementor-widget-wrap elementor-element-populated\">\n\t\t\t\t\t\t<div class=\"elementor-element elementor-element-ecebb06 elementor-widget__width-auto elementor-mobile-align-justify elementor-widget-mobile__width-inherit elementor-widget elementor-widget-button\" data-id=\"ecebb06\" data-element_type=\"widget\" data-e-type=\"widget\" data-widget_type=\"button.default\">\n\t\t\t\t<div class=\"elementor-widget-container\">\n\t\t\t\t\t\t\t\t\t<div class=\"elementor-button-wrapper\">\n\t\t\t\t\t<a class=\"elementor-button elementor-button-link elementor-size-sm\" href=\"https:\/\/www.pollmeier.com\/fr\/downloads\/\">\n\t\t\t\t\t\t<span class=\"elementor-button-content-wrapper\">\n\t\t\t\t\t\t\t\t\t<span class=\"elementor-button-text\">Brochures<\/span>\n\t\t\t\t\t<\/span>\n\t\t\t\t\t<\/a>\n\t\t\t\t<\/div>\n\t\t\t\t\t\t\t\t<\/div>\n\t\t\t\t<\/div>\n\t\t\t\t<div class=\"elementor-element elementor-element-125bcce elementor-widget__width-auto elementor-mobile-align-justify elementor-widget-mobile__width-inherit elementor-widget elementor-widget-button\" data-id=\"125bcce\" data-element_type=\"widget\" data-e-type=\"widget\" data-widget_type=\"button.default\">\n\t\t\t\t<div class=\"elementor-widget-container\">\n\t\t\t\t\t\t\t\t\t<div class=\"elementor-button-wrapper\">\n\t\t\t\t\t<a class=\"elementor-button elementor-button-link elementor-size-sm\" href=\"https:\/\/www.pollmeier.com\/fr\/?page_id=206009\">\n\t\t\t\t\t\t<span class=\"elementor-button-content-wrapper\">\n\t\t\t\t\t\t\t\t\t<span class=\"elementor-button-text\">Aviv\u00e9 de h\u00eatre Plaquette Grading<\/span>\n\t\t\t\t\t<\/span>\n\t\t\t\t\t<\/a>\n\t\t\t\t<\/div>\n\t\t\t\t\t\t\t\t<\/div>\n\t\t\t\t<\/div>\n\t\t\t\t<div class=\"elementor-element elementor-element-2c78b53 elementor-widget__width-auto elementor-mobile-align-justify elementor-widget-mobile__width-inherit elementor-widget elementor-widget-button\" data-id=\"2c78b53\" data-element_type=\"widget\" data-e-type=\"widget\" data-widget_type=\"button.default\">\n\t\t\t\t<div class=\"elementor-widget-container\">\n\t\t\t\t\t\t\t\t\t<div class=\"elementor-button-wrapper\">\n\t\t\t\t\t<a class=\"elementor-button elementor-button-link elementor-size-sm\" href=\"https:\/\/www.pollmeier.com\/fr\/?page_id=81615\">\n\t\t\t\t\t\t<span class=\"elementor-button-content-wrapper\">\n\t\t\t\t\t\t\t\t\t<span class=\"elementor-button-text\">Brochures BauBuche<\/span>\n\t\t\t\t\t<\/span>\n\t\t\t\t\t<\/a>\n\t\t\t\t<\/div>\n\t\t\t\t\t\t\t\t<\/div>\n\t\t\t\t<\/div>\n\t\t\t\t<div class=\"elementor-element elementor-element-dee7e73 elementor-widget__width-auto elementor-mobile-align-justify elementor-widget-mobile__width-inherit elementor-widget elementor-widget-button\" data-id=\"dee7e73\" data-element_type=\"widget\" data-e-type=\"widget\" data-widget_type=\"button.default\">\n\t\t\t\t<div class=\"elementor-widget-container\">\n\t\t\t\t\t\t\t\t\t<div class=\"elementor-button-wrapper\">\n\t\t\t\t\t<a class=\"elementor-button elementor-button-link elementor-size-sm\" href=\"https:\/\/www.pollmeier.com\/fr\/?page_id=206046\">\n\t\t\t\t\t\t<span class=\"elementor-button-content-wrapper\">\n\t\t\t\t\t\t\t\t\t<span class=\"elementor-button-text\">Brochure Pollmeier LVL<\/span>\n\t\t\t\t\t<\/span>\n\t\t\t\t\t<\/a>\n\t\t\t\t<\/div>\n\t\t\t\t\t\t\t\t<\/div>\n\t\t\t\t<\/div>\n\t\t\t\t<div class=\"elementor-element elementor-element-04260fa elementor-widget__width-auto elementor-mobile-align-justify elementor-widget-mobile__width-inherit elementor-widget elementor-widget-button\" data-id=\"04260fa\" data-element_type=\"widget\" data-e-type=\"widget\" data-widget_type=\"button.default\">\n\t\t\t\t<div class=\"elementor-widget-container\">\n\t\t\t\t\t\t\t\t\t<div class=\"elementor-button-wrapper\">\n\t\t\t\t\t<a class=\"elementor-button elementor-button-link elementor-size-sm\" href=\"https:\/\/www.pollmeier.com\/fr\/?page_id=207177\">\n\t\t\t\t\t\t<span class=\"elementor-button-content-wrapper\">\n\t\t\t\t\t\t\t\t\t<span class=\"elementor-button-text\">Documents fournisseur<\/span>\n\t\t\t\t\t<\/span>\n\t\t\t\t\t<\/a>\n\t\t\t\t<\/div>\n\t\t\t\t\t\t\t\t<\/div>\n\t\t\t\t<\/div>\n\t\t\t\t<div class=\"elementor-element elementor-element-4a0bb48 elementor-widget__width-auto elementor-mobile-align-justify elementor-widget-mobile__width-inherit elementor-widget elementor-widget-button\" data-id=\"4a0bb48\" data-element_type=\"widget\" data-e-type=\"widget\" data-widget_type=\"button.default\">\n\t\t\t\t<div class=\"elementor-widget-container\">\n\t\t\t\t\t\t\t\t\t<div class=\"elementor-button-wrapper\">\n\t\t\t\t\t<a class=\"elementor-button elementor-button-link elementor-size-sm\" href=\"https:\/\/www.pollmeier.com\/fr\/?page_id=207312\">\n\t\t\t\t\t\t<span class=\"elementor-button-content-wrapper\">\n\t\t\t\t\t\t\t\t\t<span class=\"elementor-button-text\">Dossier de presse<\/span>\n\t\t\t\t\t<\/span>\n\t\t\t\t\t<\/a>\n\t\t\t\t<\/div>\n\t\t\t\t\t\t\t\t<\/div>\n\t\t\t\t<\/div>\n\t\t\t\t\t<\/div>\n\t\t<\/div>\n\t\t\t\t\t<\/div>\n\t\t<\/section>\n\t\t\t\t<section class=\"elementor-section elementor-top-section elementor-element elementor-element-70066a9 elementor-section-boxed elementor-section-height-default elementor-section-height-default\" data-id=\"70066a9\" data-element_type=\"section\" data-e-type=\"section\">\n\t\t\t\t\t\t<div class=\"elementor-container elementor-column-gap-default\">\n\t\t\t\t\t<div class=\"elementor-column elementor-col-100 elementor-top-column elementor-element elementor-element-e29d81e\" data-id=\"e29d81e\" data-element_type=\"column\" data-e-type=\"column\">\n\t\t\t<div class=\"elementor-widget-wrap elementor-element-populated\">\n\t\t\t\t\t\t<div class=\"elementor-element elementor-element-4fab1aa elementor-widget elementor-widget-heading\" data-id=\"4fab1aa\" data-element_type=\"widget\" data-e-type=\"widget\" id=\"baubuchebrochures\" data-widget_type=\"heading.default\">\n\t\t\t\t<div class=\"elementor-widget-container\">\n\t\t\t\t\t<h2 class=\"elementor-heading-title elementor-size-default\">Dossier de presse<\/h2>\t\t\t\t<\/div>\n\t\t\t\t<\/div>\n\t\t\t\t\t<\/div>\n\t\t<\/div>\n\t\t\t\t\t<\/div>\n\t\t<\/section>\n\t\t\t\t<section class=\"elementor-section elementor-top-section elementor-element elementor-element-b80a719 elementor-section-boxed elementor-section-height-default elementor-section-height-default\" data-id=\"b80a719\" data-element_type=\"section\" data-e-type=\"section\">\n\t\t\t\t\t\t<div class=\"elementor-container elementor-column-gap-default\">\n\t\t\t\t\t<div class=\"elementor-column elementor-col-50 elementor-top-column elementor-element elementor-element-ea0be6d\" data-id=\"ea0be6d\" data-element_type=\"column\" data-e-type=\"column\">\n\t\t\t<div class=\"elementor-widget-wrap elementor-element-populated\">\n\t\t\t\t\t\t<div class=\"elementor-element elementor-element-c6bdaa4 elementor-cta--layout-image-left elementor-cta--skin-classic elementor-bg-transform elementor-bg-transform-zoom-in elementor-widget elementor-widget-call-to-action\" data-id=\"c6bdaa4\" data-element_type=\"widget\" data-e-type=\"widget\" data-widget_type=\"call-to-action.default\">\n\t\t\t\t<div class=\"elementor-widget-container\">\n\t\t\t\t\t\t\t<a class=\"elementor-cta\" href=\"https:\/\/www.pollmeier.com\/wp-content\/uploads\/2023\/04\/Pollmeier-company-images.zip\" target=\"_blank\">\n\t\t\t\t\t\t\t<div class=\"elementor-cta__content\">\n\t\t\t\t\t\t\t\t\t<div class=\"elementor-content-item elementor-cta__content-item elementor-icon-wrapper elementor-cta__icon elementor-view-default\">\n\t\t\t\t\t\t<div class=\"elementor-icon\">\n\t\t\t\t\t\t\t<i aria-hidden=\"true\" class=\"far fa-file-archive\"><\/i>\t\t\t\t\t\t<\/div>\n\t\t\t\t\t<\/div>\n\t\t\t\t\n\t\t\t\t\n\t\t\t\t\t\t\t\t\t<div class=\"elementor-cta__description elementor-cta__content-item elementor-content-item\">\n\t\t\t\t\t\t<p>Images de l'entreprise Pollmeier<\/p>\n\t\t\t\t\t<\/div>\n\t\t\t\t\n\t\t\t\t\t\t\t\t\t<div class=\"elementor-cta__button-wrapper elementor-cta__content-item elementor-content-item \">\n\t\t\t\t\t<span class=\"elementor-cta__button elementor-button elementor-size-\">\n\t\t\t\t\t\tT\u00e9l\u00e9charger\t\t\t\t\t<\/span>\n\t\t\t\t\t<\/div>\n\t\t\t\t\t\t\t<\/div>\n\t\t\t\t\t\t<\/a>\n\t\t\t\t\t\t<\/div>\n\t\t\t\t<\/div>\n\t\t\t\t\t<\/div>\n\t\t<\/div>\n\t\t\t\t<div class=\"elementor-column elementor-col-50 elementor-top-column elementor-element elementor-element-a79c167\" data-id=\"a79c167\" data-element_type=\"column\" data-e-type=\"column\">\n\t\t\t<div class=\"elementor-widget-wrap\">\n\t\t\t\t\t\t\t<\/div>\n\t\t<\/div>\n\t\t\t\t\t<\/div>\n\t\t<\/section>\n\t\t\t\t<section class=\"elementor-section elementor-top-section elementor-element elementor-element-66f08347 elementor-section-boxed elementor-section-height-default elementor-section-height-default\" data-id=\"66f08347\" data-element_type=\"section\" data-e-type=\"section\">\n\t\t\t\t\t\t<div class=\"elementor-container elementor-column-gap-default\">\n\t\t\t\t\t<div class=\"elementor-column elementor-col-100 elementor-top-column elementor-element elementor-element-5cbe16fe\" data-id=\"5cbe16fe\" data-element_type=\"column\" data-e-type=\"column\">\n\t\t\t<div class=\"elementor-widget-wrap elementor-element-populated\">\n\t\t\t\t\t\t<div class=\"elementor-element elementor-element-6abc27a1 elementor-widget elementor-widget-template\" data-id=\"6abc27a1\" data-element_type=\"widget\" data-e-type=\"widget\" data-widget_type=\"template.default\">\n\t\t\t\t<div class=\"elementor-widget-container\">\n\t\t\t\t\t\t\t<div class=\"elementor-template\">\n\t\t\t\t\t<div data-elementor-type=\"section\" data-elementor-id=\"438666\" class=\"elementor elementor-438666 elementor-2026\" data-elementor-post-type=\"elementor_library\">\n\t\t\t\t\t<section class=\"elementor-section elementor-top-section elementor-element elementor-element-7af021c6 elementor-section-boxed elementor-section-height-default elementor-section-height-default\" data-id=\"7af021c6\" data-element_type=\"section\" data-e-type=\"section\">\n\t\t\t\t\t\t<div class=\"elementor-container elementor-column-gap-default\">\n\t\t\t\t\t<div class=\"elementor-column elementor-col-50 elementor-top-column elementor-element elementor-element-3cbcd1d6\" data-id=\"3cbcd1d6\" data-element_type=\"column\" data-e-type=\"column\">\n\t\t\t<div class=\"elementor-widget-wrap elementor-element-populated\">\n\t\t\t\t\t\t<div class=\"elementor-element elementor-element-4492bb3b elementor-widget elementor-widget-heading\" data-id=\"4492bb3b\" data-element_type=\"widget\" data-e-type=\"widget\" data-widget_type=\"heading.default\">\n\t\t\t\t<div class=\"elementor-widget-container\">\n\t\t\t\t\t<h5 class=\"elementor-heading-title elementor-size-default\">Contact<\/h5>\t\t\t\t<\/div>\n\t\t\t\t<\/div>\n\t\t\t\t<div class=\"elementor-element elementor-element-2896f384 elementor-nav-menu__align-start elementor-nav-menu--dropdown-none elementor-widget elementor-widget-nav-menu\" data-id=\"2896f384\" data-element_type=\"widget\" data-e-type=\"widget\" data-settings=\"{&quot;layout&quot;:&quot;vertical&quot;,&quot;submenu_icon&quot;:{&quot;value&quot;:&quot;&lt;i class=\\&quot;fas fa-caret-down\\&quot; aria-hidden=\\&quot;true\\&quot;&gt;&lt;\\\/i&gt;&quot;,&quot;library&quot;:&quot;fa-solid&quot;}}\" data-widget_type=\"nav-menu.default\">\n\t\t\t\t<div class=\"elementor-widget-container\">\n\t\t\t\t\t\t\t\t<nav aria-label=\"Menu\" class=\"elementor-nav-menu--main elementor-nav-menu__container elementor-nav-menu--layout-vertical e--pointer-none\">\n\t\t\t\t<ul id=\"menu-1-2896f384\" class=\"elementor-nav-menu sm-vertical\"><li class=\"menu-item menu-item-type-post_type menu-item-object-page menu-item-2016\"><a href=\"https:\/\/www.pollmeier.com\/contact\/\" class=\"elementor-item\">Contact<\/a><\/li>\n<li class=\"menu-item menu-item-type-post_type menu-item-object-page menu-item-2019\"><a href=\"https:\/\/www.pollmeier.com\/dealer-locator\/\" class=\"elementor-item\">Localisateur de concessionnaires<\/a><\/li>\n<\/ul>\t\t\t<\/nav>\n\t\t\t\t\t\t<nav class=\"elementor-nav-menu--dropdown elementor-nav-menu__container\" aria-hidden=\"true\">\n\t\t\t\t<ul id=\"menu-2-2896f384\" class=\"elementor-nav-menu sm-vertical\"><li class=\"menu-item menu-item-type-post_type menu-item-object-page menu-item-2016\"><a href=\"https:\/\/www.pollmeier.com\/contact\/\" class=\"elementor-item\" tabindex=\"-1\">Contact<\/a><\/li>\n<li class=\"menu-item menu-item-type-post_type menu-item-object-page menu-item-2019\"><a href=\"https:\/\/www.pollmeier.com\/dealer-locator\/\" class=\"elementor-item\" tabindex=\"-1\">Localisateur de concessionnaires<\/a><\/li>\n<\/ul>\t\t\t<\/nav>\n\t\t\t\t\t\t<\/div>\n\t\t\t\t<\/div>\n\t\t\t\t\t<\/div>\n\t\t<\/div>\n\t\t\t\t<div class=\"elementor-column elementor-col-50 elementor-top-column elementor-element elementor-element-219a6a5b\" data-id=\"219a6a5b\" data-element_type=\"column\" data-e-type=\"column\">\n\t\t\t<div class=\"elementor-widget-wrap elementor-element-populated\">\n\t\t\t\t\t\t<div class=\"elementor-element elementor-element-18abf654 elementor-widget elementor-widget-text-editor\" data-id=\"18abf654\" data-element_type=\"widget\" data-e-type=\"widget\" data-widget_type=\"text-editor.default\">\n\t\t\t\t<div class=\"elementor-widget-container\">\n\t\t\t\t\t\t\t\t\t<p>Service \u00e0 l&rsquo;intention des ma\u00eetres d&rsquo;ouvrage, architectes, planificateurs et ing\u00e9nieurs:<\/p>\n\t\t\t\t\t\t\t\t<\/div>\n\t\t\t\t<\/div>\n\t\t\t\t<div class=\"elementor-element elementor-element-6ef0a4c3 elementor-widget elementor-widget-text-editor\" data-id=\"6ef0a4c3\" data-element_type=\"widget\" data-e-type=\"widget\" data-widget_type=\"text-editor.default\">\n\t\t\t\t<div class=\"elementor-widget-container\">\n\t\t\t\t\t\t\t\t\t+49 (0)36926 945-560\n<span style=\"text-decoration: underline;\">baubuche@pollmeier.com<\/span>\t\t\t\t\t\t\t\t<\/div>\n\t\t\t\t<\/div>\n\t\t\t\t<div class=\"elementor-element elementor-element-3c11c38e elementor-widget elementor-widget-text-editor\" data-id=\"3c11c38e\" data-element_type=\"widget\" data-e-type=\"widget\" data-widget_type=\"text-editor.default\">\n\t\t\t\t<div class=\"elementor-widget-container\">\n\t\t\t\t\t\t\t\t\t<p>Service conseil pour l&rsquo;aviv\u00e9, le BauBuche et Pollmeier LVL :<\/p>\n\t\t\t\t\t\t\t\t<\/div>\n\t\t\t\t<\/div>\n\t\t\t\t<div class=\"elementor-element elementor-element-5a4cf504 elementor-widget elementor-widget-text-editor\" data-id=\"5a4cf504\" data-element_type=\"widget\" data-e-type=\"widget\" data-widget_type=\"text-editor.default\">\n\t\t\t\t<div class=\"elementor-widget-container\">\n\t\t\t\t\t\t\t\t\t<p>+49 (0)36926 945-163<br \/><span style=\"text-decoration: underline;\">sales@pollmeier.com<\/span><\/p>\n\t\t\t\t\t\t\t\t<\/div>\n\t\t\t\t<\/div>\n\t\t\t\t\t<\/div>\n\t\t<\/div>\n\t\t\t\t\t<\/div>\n\t\t<\/section>\n\t\t\t\t<\/div>\n\t\t\t\t<\/div>\n\t\t\t\t\t\t<\/div>\n\t\t\t\t<\/div>\n\t\t\t\t\t<\/div>\n\t\t<\/div>\n\t\t\t\t\t<\/div>\n\t\t<\/section>\n\t\t\t\t<\/div>\n\t\t","protected":false},"excerpt":{"rendered":"<p>Brochures Aviv\u00e9 de h\u00eatre Plaquette Grading Brochures BauBuche Brochure Pollmeier LVL Documents fournisseur dossier de presse dossier de presse &nbsp; Images de l&rsquo;entreprise Pollmeier T\u00e9l\u00e9charger<\/p>\n","protected":false},"author":12,"featured_media":0,"parent":32866,"menu_order":0,"comment_status":"closed","ping_status":"closed","template":"","meta":{"_acf_changed":false,"footnotes":""},"class_list":["post-207312","page","type-page","status-publish","hentry"],"acf":[],"yoast_head":"<!-- This site is optimized with the Yoast SEO plugin v27.2 - https:\/\/yoast.com\/product\/yoast-seo-wordpress\/ -->\n<title>Dossier de presse - Pollmeier<\/title>\n<meta name=\"description\" content=\"Brochures Aviv\u00e9 de h\u00eatre Plaquette Grading Brochures BauBuche Brochure Pollmeier LVL Documents fournisseur dossier de presse dossier de presse &nbsp;\" \/>\n<meta name=\"robots\" content=\"index, follow, max-snippet:-1, max-image-preview:large, max-video-preview:-1\" \/>\n<link rel=\"canonical\" href=\"https:\/\/www.pollmeier.com\/fr\/downloads\/dossier-de-presse\/\" \/>\n<meta property=\"og:locale\" content=\"fr_FR\" \/>\n<meta property=\"og:type\" content=\"article\" \/>\n<meta property=\"og:title\" content=\"Dossier de presse - Pollmeier\" \/>\n<meta property=\"og:description\" content=\"Brochures Aviv\u00e9 de h\u00eatre Plaquette Grading Brochures BauBuche Brochure Pollmeier LVL Documents fournisseur dossier de presse dossier de presse &nbsp;\" \/>\n<meta property=\"og:url\" content=\"https:\/\/www.pollmeier.com\/fr\/downloads\/dossier-de-presse\/\" \/>\n<meta property=\"og:site_name\" content=\"Pollmeier\" \/>\n<meta property=\"article:publisher\" content=\"https:\/\/www.facebook.com\/pollmeier.massivholz\/?fref=ts\" \/>\n<meta property=\"article:modified_time\" content=\"2025-02-20T07:22:32+00:00\" \/>\n<meta name=\"twitter:card\" content=\"summary_large_image\" \/>\n<meta name=\"twitter:label1\" content=\"Dur\u00e9e de lecture estim\u00e9e\" \/>\n\t<meta name=\"twitter:data1\" content=\"1 minute\" \/>\n<script type=\"application\/ld+json\" class=\"yoast-schema-graph\">{\"@context\":\"https:\/\/schema.org\",\"@graph\":[{\"@type\":\"WebPage\",\"@id\":\"https:\/\/www.pollmeier.com\/fr\/downloads\/dossier-de-presse\/\",\"url\":\"https:\/\/www.pollmeier.com\/fr\/downloads\/dossier-de-presse\/\",\"name\":\"Dossier de presse - Pollmeier\",\"isPartOf\":{\"@id\":\"https:\/\/www.pollmeier.com\/fr\/#website\"},\"datePublished\":\"2023-12-07T15:48:17+00:00\",\"dateModified\":\"2025-02-20T07:22:32+00:00\",\"description\":\"Brochures Aviv\u00e9 de h\u00eatre Plaquette Grading Brochures BauBuche Brochure Pollmeier LVL Documents fournisseur dossier de presse dossier de presse &nbsp;\",\"breadcrumb\":{\"@id\":\"https:\/\/www.pollmeier.com\/fr\/downloads\/dossier-de-presse\/#breadcrumb\"},\"inLanguage\":\"fr-FR\",\"potentialAction\":[{\"@type\":\"ReadAction\",\"target\":[\"https:\/\/www.pollmeier.com\/fr\/downloads\/dossier-de-presse\/\"]}]},{\"@type\":\"BreadcrumbList\",\"@id\":\"https:\/\/www.pollmeier.com\/fr\/downloads\/dossier-de-presse\/#breadcrumb\",\"itemListElement\":[{\"@type\":\"ListItem\",\"position\":1,\"name\":\"Home\",\"item\":\"https:\/\/www.pollmeier.com\/fr\/homepage\/\"},{\"@type\":\"ListItem\",\"position\":2,\"name\":\"T\u00e9l\u00e9chargements\",\"item\":\"https:\/\/www.pollmeier.com\/fr\/downloads\/\"},{\"@type\":\"ListItem\",\"position\":3,\"name\":\"Dossier de presse\"}]},{\"@type\":\"WebSite\",\"@id\":\"https:\/\/www.pollmeier.com\/fr\/#website\",\"url\":\"https:\/\/www.pollmeier.com\/fr\/\",\"name\":\"Pollmeier\",\"description\":\"\",\"publisher\":{\"@id\":\"https:\/\/www.pollmeier.com\/fr\/#organization\"},\"potentialAction\":[{\"@type\":\"SearchAction\",\"target\":{\"@type\":\"EntryPoint\",\"urlTemplate\":\"https:\/\/www.pollmeier.com\/fr\/?s={search_term_string}\"},\"query-input\":{\"@type\":\"PropertyValueSpecification\",\"valueRequired\":true,\"valueName\":\"search_term_string\"}}],\"inLanguage\":\"fr-FR\"},{\"@type\":\"Organization\",\"@id\":\"https:\/\/www.pollmeier.com\/fr\/#organization\",\"name\":\"Pollmeier\",\"url\":\"https:\/\/www.pollmeier.com\/fr\/\",\"logo\":{\"@type\":\"ImageObject\",\"inLanguage\":\"fr-FR\",\"@id\":\"https:\/\/www.pollmeier.com\/fr\/#\/schema\/logo\/image\/\",\"url\":\"https:\/\/www.pollmeier.com\/wp-content\/uploads\/2023\/01\/Pollmeier-Logo-RGB.png\",\"contentUrl\":\"https:\/\/www.pollmeier.com\/wp-content\/uploads\/2023\/01\/Pollmeier-Logo-RGB.png\",\"width\":7630,\"height\":1000,\"caption\":\"Pollmeier\"},\"image\":{\"@id\":\"https:\/\/www.pollmeier.com\/fr\/#\/schema\/logo\/image\/\"},\"sameAs\":[\"https:\/\/www.facebook.com\/pollmeier.massivholz\/?fref=ts\",\"https:\/\/www.instagram.com\/pollmeier.massivholz\/\",\"https:\/\/www.youtube.com\/channel\/UCNEu1HAZzkMEb80QqPEkXig\",\"https:\/\/www.linkedin.com\/company\/13056550\/admin\/\"]}]}<\/script>\n<!-- \/ Yoast SEO plugin. -->","yoast_head_json":{"title":"Dossier de presse - Pollmeier","description":"Brochures Aviv\u00e9 de h\u00eatre Plaquette Grading Brochures BauBuche Brochure Pollmeier LVL Documents fournisseur dossier de presse dossier de presse &nbsp;","robots":{"index":"index","follow":"follow","max-snippet":"max-snippet:-1","max-image-preview":"max-image-preview:large","max-video-preview":"max-video-preview:-1"},"canonical":"https:\/\/www.pollmeier.com\/fr\/downloads\/dossier-de-presse\/","og_locale":"fr_FR","og_type":"article","og_title":"Dossier de presse - Pollmeier","og_description":"Brochures Aviv\u00e9 de h\u00eatre Plaquette Grading Brochures BauBuche Brochure Pollmeier LVL Documents fournisseur dossier de presse dossier de presse &nbsp;","og_url":"https:\/\/www.pollmeier.com\/fr\/downloads\/dossier-de-presse\/","og_site_name":"Pollmeier","article_publisher":"https:\/\/www.facebook.com\/pollmeier.massivholz\/?fref=ts","article_modified_time":"2025-02-20T07:22:32+00:00","twitter_card":"summary_large_image","twitter_misc":{"Dur\u00e9e de lecture estim\u00e9e":"1 minute"},"schema":{"@context":"https:\/\/schema.org","@graph":[{"@type":"WebPage","@id":"https:\/\/www.pollmeier.com\/fr\/downloads\/dossier-de-presse\/","url":"https:\/\/www.pollmeier.com\/fr\/downloads\/dossier-de-presse\/","name":"Dossier de presse - Pollmeier","isPartOf":{"@id":"https:\/\/www.pollmeier.com\/fr\/#website"},"datePublished":"2023-12-07T15:48:17+00:00","dateModified":"2025-02-20T07:22:32+00:00","description":"Brochures Aviv\u00e9 de h\u00eatre Plaquette Grading Brochures BauBuche Brochure Pollmeier LVL Documents fournisseur dossier de presse dossier de presse &nbsp;","breadcrumb":{"@id":"https:\/\/www.pollmeier.com\/fr\/downloads\/dossier-de-presse\/#breadcrumb"},"inLanguage":"fr-FR","potentialAction":[{"@type":"ReadAction","target":["https:\/\/www.pollmeier.com\/fr\/downloads\/dossier-de-presse\/"]}]},{"@type":"BreadcrumbList","@id":"https:\/\/www.pollmeier.com\/fr\/downloads\/dossier-de-presse\/#breadcrumb","itemListElement":[{"@type":"ListItem","position":1,"name":"Home","item":"https:\/\/www.pollmeier.com\/fr\/homepage\/"},{"@type":"ListItem","position":2,"name":"T\u00e9l\u00e9chargements","item":"https:\/\/www.pollmeier.com\/fr\/downloads\/"},{"@type":"ListItem","position":3,"name":"Dossier de presse"}]},{"@type":"WebSite","@id":"https:\/\/www.pollmeier.com\/fr\/#website","url":"https:\/\/www.pollmeier.com\/fr\/","name":"Pollmeier","description":"","publisher":{"@id":"https:\/\/www.pollmeier.com\/fr\/#organization"},"potentialAction":[{"@type":"SearchAction","target":{"@type":"EntryPoint","urlTemplate":"https:\/\/www.pollmeier.com\/fr\/?s={search_term_string}"},"query-input":{"@type":"PropertyValueSpecification","valueRequired":true,"valueName":"search_term_string"}}],"inLanguage":"fr-FR"},{"@type":"Organization","@id":"https:\/\/www.pollmeier.com\/fr\/#organization","name":"Pollmeier","url":"https:\/\/www.pollmeier.com\/fr\/","logo":{"@type":"ImageObject","inLanguage":"fr-FR","@id":"https:\/\/www.pollmeier.com\/fr\/#\/schema\/logo\/image\/","url":"https:\/\/www.pollmeier.com\/wp-content\/uploads\/2023\/01\/Pollmeier-Logo-RGB.png","contentUrl":"https:\/\/www.pollmeier.com\/wp-content\/uploads\/2023\/01\/Pollmeier-Logo-RGB.png","width":7630,"height":1000,"caption":"Pollmeier"},"image":{"@id":"https:\/\/www.pollmeier.com\/fr\/#\/schema\/logo\/image\/"},"sameAs":["https:\/\/www.facebook.com\/pollmeier.massivholz\/?fref=ts","https:\/\/www.instagram.com\/pollmeier.massivholz\/","https:\/\/www.youtube.com\/channel\/UCNEu1HAZzkMEb80QqPEkXig","https:\/\/www.linkedin.com\/company\/13056550\/admin\/"]}]}},"_links":{"self":[{"href":"https:\/\/www.pollmeier.com\/fr\/wp-json\/wp\/v2\/pages\/207312","targetHints":{"allow":["GET"]}}],"collection":[{"href":"https:\/\/www.pollmeier.com\/fr\/wp-json\/wp\/v2\/pages"}],"about":[{"href":"https:\/\/www.pollmeier.com\/fr\/wp-json\/wp\/v2\/types\/page"}],"author":[{"embeddable":true,"href":"https:\/\/www.pollmeier.com\/fr\/wp-json\/wp\/v2\/users\/12"}],"replies":[{"embeddable":true,"href":"https:\/\/www.pollmeier.com\/fr\/wp-json\/wp\/v2\/comments?post=207312"}],"version-history":[{"count":3,"href":"https:\/\/www.pollmeier.com\/fr\/wp-json\/wp\/v2\/pages\/207312\/revisions"}],"predecessor-version":[{"id":438599,"href":"https:\/\/www.pollmeier.com\/fr\/wp-json\/wp\/v2\/pages\/207312\/revisions\/438599"}],"up":[{"embeddable":true,"href":"https:\/\/www.pollmeier.com\/fr\/wp-json\/wp\/v2\/pages\/32866"}],"wp:attachment":[{"href":"https:\/\/www.pollmeier.com\/fr\/wp-json\/wp\/v2\/media?parent=207312"}],"curies":[{"name":"wp","href":"https:\/\/api.w.org\/{rel}","templated":true}]}}