{"id":502083,"date":"2026-03-02T14:40:35","date_gmt":"2026-03-02T13:40:35","guid":{"rendered":"https:\/\/www.pollmeier.com\/?page_id=502083"},"modified":"2026-03-17T18:44:19","modified_gmt":"2026-03-17T17:44:19","slug":"cases","status":"publish","type":"page","link":"https:\/\/www.pollmeier.com\/fr\/cases\/","title":{"rendered":"R\u00e9f\u00e9rences"},"content":{"rendered":"\t\t<div data-elementor-type=\"wp-page\" data-elementor-id=\"502083\" class=\"elementor elementor-502083 elementor-502078\" data-elementor-post-type=\"page\">\n\t\t\t\t\t\t<section class=\"elementor-section elementor-top-section elementor-element elementor-element-5292f58 elementor-section-boxed elementor-section-height-default elementor-section-height-default\" data-id=\"5292f58\" data-element_type=\"section\" data-e-type=\"section\">\n\t\t\t\t\t\t<div class=\"elementor-container elementor-column-gap-default\">\n\t\t\t\t\t<div class=\"elementor-column elementor-col-100 elementor-top-column elementor-element elementor-element-a2241de\" data-id=\"a2241de\" data-element_type=\"column\" data-e-type=\"column\">\n\t\t\t<div class=\"elementor-widget-wrap elementor-element-populated\">\n\t\t\t\t\t\t<div class=\"elementor-element elementor-element-20fbcc6 elementor-widget elementor-widget-heading\" data-id=\"20fbcc6\" data-element_type=\"widget\" data-e-type=\"widget\" data-widget_type=\"heading.default\">\n\t\t\t\t<div class=\"elementor-widget-container\">\n\t\t\t\t\t<h2 class=\"elementor-heading-title elementor-size-default\">Pollmeier r\u00e9f\u00e9rences<\/h2>\t\t\t\t<\/div>\n\t\t\t\t<\/div>\n\t\t\t\t<div class=\"elementor-element elementor-element-fecbfa6 elementor-widget elementor-widget-text-editor\" data-id=\"fecbfa6\" data-element_type=\"widget\" data-e-type=\"widget\" data-widget_type=\"text-editor.default\">\n\t\t\t\t<div class=\"elementor-widget-container\">\n\t\t\t\t\t\t\t\t\t<p>Vous trouverez ci-dessous diff\u00e9rentes utilisations des produits Pollmeier.<\/p>\t\t\t\t\t\t\t\t<\/div>\n\t\t\t\t<\/div>\n\t\t\t\t\t<\/div>\n\t\t<\/div>\n\t\t\t\t\t<\/div>\n\t\t<\/section>\n\t\t\t\t<section class=\"elementor-section elementor-top-section elementor-element elementor-element-d2e5007 elementor-section-boxed elementor-section-height-default elementor-section-height-default\" data-id=\"d2e5007\" data-element_type=\"section\" data-e-type=\"section\">\n\t\t\t\t\t\t<div class=\"elementor-container elementor-column-gap-default\">\n\t\t\t\t\t<div class=\"elementor-column elementor-col-33 elementor-top-column elementor-element elementor-element-cceb941\" data-id=\"cceb941\" data-element_type=\"column\" data-e-type=\"column\">\n\t\t\t<div class=\"elementor-widget-wrap elementor-element-populated\">\n\t\t\t\t\t\t<div class=\"elementor-element elementor-element-867a2f4 elementor-widget elementor-widget-text-editor\" data-id=\"867a2f4\" data-element_type=\"widget\" data-e-type=\"widget\" data-widget_type=\"text-editor.default\">\n\t\t\t\t<div class=\"elementor-widget-container\">\n\t\t\t\t\t\t\t\t\t<p><a href=\"https:\/\/www.pollmeier.com\/fr\/references-des-composants\/\"><strong>R\u00e9f\u00e9rences COMPOSANTS<\/strong><\/a><\/p>\t\t\t\t\t\t\t\t<\/div>\n\t\t\t\t<\/div>\n\t\t\t\t<div class=\"elementor-element elementor-element-7506f7d elementor-widget elementor-widget-image\" data-id=\"7506f7d\" data-element_type=\"widget\" data-e-type=\"widget\" data-widget_type=\"image.default\">\n\t\t\t\t<div class=\"elementor-widget-container\">\n\t\t\t\t\t\t\t\t\t\t\t\t\t\t\t\t<a href=\"https:\/\/www.pollmeier.com\/fr\/references-des-composants\/\">\n\t\t\t\t\t\t\t<img decoding=\"async\" src=\"https:\/\/www.pollmeier.com\/wp-content\/uploads\/elementor\/thumbs\/PRODUC_3-e1726573987837-qu8nh260hcns8v4v8v5bjai2p9hykkr2ixheroktcw.jpg\" title=\"PRODUC_3\" alt=\"PRODUC_3\" loading=\"lazy\" \/>\t\t\t\t\t\t\t\t<\/a>\n\t\t\t\t\t\t\t\t\t\t\t\t\t\t\t<\/div>\n\t\t\t\t<\/div>\n\t\t\t\t<div class=\"elementor-element elementor-element-17b02d7 elementor-align-center elementor-widget elementor-widget-button\" data-id=\"17b02d7\" data-element_type=\"widget\" data-e-type=\"widget\" data-widget_type=\"button.default\">\n\t\t\t\t<div class=\"elementor-widget-container\">\n\t\t\t\t\t\t\t\t\t<div class=\"elementor-button-wrapper\">\n\t\t\t\t\t<a class=\"elementor-button elementor-button-link elementor-size-sm\" href=\"https:\/\/www.pollmeier.com\/fr\/references-des-composants\/\">\n\t\t\t\t\t\t<span class=\"elementor-button-content-wrapper\">\n\t\t\t\t\t\t\t\t\t<span class=\"elementor-button-text\">D\u00e9couvrez les projets r\u00e9alis\u00e9s par nos clients \u00e0 partir des COMPOSANTS.<\/span>\n\t\t\t\t\t<\/span>\n\t\t\t\t\t<\/a>\n\t\t\t\t<\/div>\n\t\t\t\t\t\t\t\t<\/div>\n\t\t\t\t<\/div>\n\t\t\t\t\t<\/div>\n\t\t<\/div>\n\t\t\t\t<div class=\"elementor-column elementor-col-33 elementor-top-column elementor-element elementor-element-2bf3b83\" data-id=\"2bf3b83\" data-element_type=\"column\" data-e-type=\"column\">\n\t\t\t<div class=\"elementor-widget-wrap elementor-element-populated\">\n\t\t\t\t\t\t<div class=\"elementor-element elementor-element-131079c elementor-widget elementor-widget-text-editor\" data-id=\"131079c\" data-element_type=\"widget\" data-e-type=\"widget\" data-widget_type=\"text-editor.default\">\n\t\t\t\t<div class=\"elementor-widget-container\">\n\t\t\t\t\t\t\t\t\t<p><a href=\"https:\/\/www.pollmeier.com\/fr\/cases\/\"><strong>R\u00e9f\u00e9rences BauBuche<\/strong><\/a><\/p>\t\t\t\t\t\t\t\t<\/div>\n\t\t\t\t<\/div>\n\t\t\t\t<div class=\"elementor-element elementor-element-edba9f2 elementor-widget elementor-widget-image\" data-id=\"edba9f2\" data-element_type=\"widget\" data-e-type=\"widget\" data-widget_type=\"image.default\">\n\t\t\t\t<div class=\"elementor-widget-container\">\n\t\t\t\t\t\t\t\t\t\t\t\t\t\t\t\t<a href=\"https:\/\/www.pollmeier.com\/fr\/cases\/\">\n\t\t\t\t\t\t\t<img decoding=\"async\" src=\"https:\/\/www.pollmeier.com\/wp-content\/uploads\/elementor\/thumbs\/ZB797-21-\u00a9Zooey-Braun-rhnby1t86p0ft430fpounds14zkvefmc4cvhv5rezk.jpg\" title=\"ZB797-21, \u00a9Zooey Braun\" alt=\"Architekten: Birk Heilmeyer und Frenzel Ges. f\u00fcr Architektur - Fotografie: \u00a9Zooey Braun - Veroeffentlichung nur gegen Honorar, Urhebervermerk und Beleg \/ permission required for reproduction, mention of copyright, complimentary copy, FUER WERBENUTZUNG RUECKSPRACHE ERFORDERLICH! \/ PERMISSION REQUIRED FOR ADVERTISING!\" loading=\"lazy\" \/>\t\t\t\t\t\t\t\t<\/a>\n\t\t\t\t\t\t\t\t\t\t\t\t\t\t\t<\/div>\n\t\t\t\t<\/div>\n\t\t\t\t<div class=\"elementor-element elementor-element-5e29d48 elementor-align-center elementor-widget elementor-widget-button\" data-id=\"5e29d48\" data-element_type=\"widget\" data-e-type=\"widget\" data-widget_type=\"button.default\">\n\t\t\t\t<div class=\"elementor-widget-container\">\n\t\t\t\t\t\t\t\t\t<div class=\"elementor-button-wrapper\">\n\t\t\t\t\t<a class=\"elementor-button elementor-button-link elementor-size-sm\" href=\"https:\/\/www.pollmeier.com\/fr\/cases\/\">\n\t\t\t\t\t\t<span class=\"elementor-button-content-wrapper\">\n\t\t\t\t\t\t\t\t\t<span class=\"elementor-button-text\">D\u00e9couvrez les projets r\u00e9alis\u00e9s avec Pollmeier BauBuche.<\/span>\n\t\t\t\t\t<\/span>\n\t\t\t\t\t<\/a>\n\t\t\t\t<\/div>\n\t\t\t\t\t\t\t\t<\/div>\n\t\t\t\t<\/div>\n\t\t\t\t\t<\/div>\n\t\t<\/div>\n\t\t\t\t<div class=\"elementor-column elementor-col-33 elementor-top-column elementor-element elementor-element-426c514\" data-id=\"426c514\" data-element_type=\"column\" data-e-type=\"column\">\n\t\t\t<div class=\"elementor-widget-wrap elementor-element-populated\">\n\t\t\t\t\t\t<div class=\"elementor-element elementor-element-2f64ebc elementor-widget elementor-widget-text-editor\" data-id=\"2f64ebc\" data-element_type=\"widget\" data-e-type=\"widget\" data-widget_type=\"text-editor.default\">\n\t\t\t\t<div class=\"elementor-widget-container\">\n\t\t\t\t\t\t\t\t\t<p><a href=\"https:\/\/www.pollmeier.com\/fr\/submit-customer-projects\/\"><b>Soumettez vos projets<\/b><\/a><\/p>\t\t\t\t\t\t\t\t<\/div>\n\t\t\t\t<\/div>\n\t\t\t\t<div class=\"elementor-element elementor-element-b0055f1 elementor-widget elementor-widget-image\" data-id=\"b0055f1\" data-element_type=\"widget\" data-e-type=\"widget\" data-widget_type=\"image.default\">\n\t\t\t\t<div class=\"elementor-widget-container\">\n\t\t\t\t\t\t\t\t\t\t\t\t\t\t\t\t<a href=\"https:\/\/www.pollmeier.com\/fr\/submit-customer-projects\/\">\n\t\t\t\t\t\t\t<img decoding=\"async\" src=\"https:\/\/www.pollmeier.com\/wp-content\/uploads\/elementor\/thumbs\/ChatGPT-Image-11.-Maerz-2026-11_25_47-rkcibyru42007mfa3ss6jdn7rrwp5qamuypcwufelc.png\" title=\"ChatGPT Image 11. M\u00e4rz 2026, 11_25_47\" alt=\"ChatGPT Image 11. M\u00e4rz 2026, 11_25_47\" loading=\"lazy\" \/>\t\t\t\t\t\t\t\t<\/a>\n\t\t\t\t\t\t\t\t\t\t\t\t\t\t\t<\/div>\n\t\t\t\t<\/div>\n\t\t\t\t<div class=\"elementor-element elementor-element-549056b elementor-align-center elementor-widget elementor-widget-button\" data-id=\"549056b\" data-element_type=\"widget\" data-e-type=\"widget\" data-widget_type=\"button.default\">\n\t\t\t\t<div class=\"elementor-widget-container\">\n\t\t\t\t\t\t\t\t\t<div class=\"elementor-button-wrapper\">\n\t\t\t\t\t<a class=\"elementor-button elementor-button-link elementor-size-sm\" href=\"https:\/\/www.pollmeier.com\/fr\/submit-customer-projects\/\">\n\t\t\t\t\t\t<span class=\"elementor-button-content-wrapper\">\n\t\t\t\t\t\t\t\t\t<span class=\"elementor-button-text\">Soumettez vos projets r\u00e9alis\u00e9s avec des mat\u00e9riaux Pollmeier.<\/span>\n\t\t\t\t\t<\/span>\n\t\t\t\t\t<\/a>\n\t\t\t\t<\/div>\n\t\t\t\t\t\t\t\t<\/div>\n\t\t\t\t<\/div>\n\t\t\t\t\t<\/div>\n\t\t<\/div>\n\t\t\t\t\t<\/div>\n\t\t<\/section>\n\t\t\t\t<\/div>\n\t\t","protected":false},"excerpt":{"rendered":"<p>Pollmeier r\u00e9f\u00e9rences Vous trouverez ci-dessous diff\u00e9rentes utilisations des produits Pollmeier. R\u00e9f\u00e9rences COMPOSANTS D\u00e9couvrez les projets r\u00e9alis\u00e9s par nos clients \u00e0 partir des COMPOSANTS. R\u00e9f\u00e9rences BauBuche D\u00e9couvrez les projets r\u00e9alis\u00e9s avec Pollmeier BauBuche. Soumettez vos projets Soumettez vos projets r\u00e9alis\u00e9s avec des mat\u00e9riaux Pollmeier.<\/p>\n","protected":false},"author":17,"featured_media":0,"parent":0,"menu_order":0,"comment_status":"closed","ping_status":"closed","template":"","meta":{"_acf_changed":false,"footnotes":""},"class_list":["post-502083","page","type-page","status-publish","hentry"],"acf":[],"yoast_head":"<!-- This site is optimized with the Yoast SEO plugin v27.2 - https:\/\/yoast.com\/product\/yoast-seo-wordpress\/ -->\n<title>R\u00e9f\u00e9rences - Pollmeier<\/title>\n<meta name=\"description\" content=\"Pollmeier r\u00e9f\u00e9rences Vous trouverez ci-dessous diff\u00e9rentes utilisations des produits Pollmeier. R\u00e9f\u00e9rences COMPOSANTS D\u00e9couvrez les projets r\u00e9alis\u00e9s par\" \/>\n<meta name=\"robots\" content=\"index, follow, max-snippet:-1, max-image-preview:large, max-video-preview:-1\" \/>\n<link rel=\"canonical\" href=\"https:\/\/www.pollmeier.com\/fr\/cases\/\" \/>\n<meta property=\"og:locale\" content=\"fr_FR\" \/>\n<meta property=\"og:type\" content=\"article\" \/>\n<meta property=\"og:title\" content=\"R\u00e9f\u00e9rences - Pollmeier\" \/>\n<meta property=\"og:description\" content=\"Pollmeier r\u00e9f\u00e9rences Vous trouverez ci-dessous diff\u00e9rentes utilisations des produits Pollmeier. R\u00e9f\u00e9rences COMPOSANTS D\u00e9couvrez les projets r\u00e9alis\u00e9s par\" \/>\n<meta property=\"og:url\" content=\"https:\/\/www.pollmeier.com\/fr\/cases\/\" \/>\n<meta property=\"og:site_name\" content=\"Pollmeier\" \/>\n<meta property=\"article:publisher\" content=\"https:\/\/www.facebook.com\/pollmeier.massivholz\/?fref=ts\" \/>\n<meta property=\"article:modified_time\" content=\"2026-03-17T17:44:19+00:00\" \/>\n<meta property=\"og:image\" content=\"https:\/\/www.pollmeier.com\/wp-content\/uploads\/elementor\/thumbs\/PRODUC_3-e1726573987837-qu8nh260hcns8v4v8v5bjai2p9hykkr2ixheroktcw.jpg\" \/>\n<meta name=\"twitter:card\" content=\"summary_large_image\" \/>\n<meta name=\"twitter:label1\" content=\"Dur\u00e9e de lecture estim\u00e9e\" \/>\n\t<meta name=\"twitter:data1\" content=\"1 minute\" \/>\n<script type=\"application\/ld+json\" class=\"yoast-schema-graph\">{\"@context\":\"https:\/\/schema.org\",\"@graph\":[{\"@type\":\"WebPage\",\"@id\":\"https:\/\/www.pollmeier.com\/fr\/cases\/\",\"url\":\"https:\/\/www.pollmeier.com\/fr\/cases\/\",\"name\":\"R\u00e9f\u00e9rences - Pollmeier\",\"isPartOf\":{\"@id\":\"https:\/\/www.pollmeier.com\/fr\/#website\"},\"primaryImageOfPage\":{\"@id\":\"https:\/\/www.pollmeier.com\/fr\/cases\/#primaryimage\"},\"image\":{\"@id\":\"https:\/\/www.pollmeier.com\/fr\/cases\/#primaryimage\"},\"thumbnailUrl\":\"https:\/\/www.pollmeier.com\/wp-content\/uploads\/elementor\/thumbs\/PRODUC_3-e1726573987837-qu8nh260hcns8v4v8v5bjai2p9hykkr2ixheroktcw.jpg\",\"datePublished\":\"2026-03-02T13:40:35+00:00\",\"dateModified\":\"2026-03-17T17:44:19+00:00\",\"description\":\"Pollmeier r\u00e9f\u00e9rences Vous trouverez ci-dessous diff\u00e9rentes utilisations des produits Pollmeier. R\u00e9f\u00e9rences COMPOSANTS D\u00e9couvrez les projets r\u00e9alis\u00e9s par\",\"breadcrumb\":{\"@id\":\"https:\/\/www.pollmeier.com\/fr\/cases\/#breadcrumb\"},\"inLanguage\":\"fr-FR\",\"potentialAction\":[{\"@type\":\"ReadAction\",\"target\":[\"https:\/\/www.pollmeier.com\/fr\/cases\/\"]}]},{\"@type\":\"ImageObject\",\"inLanguage\":\"fr-FR\",\"@id\":\"https:\/\/www.pollmeier.com\/fr\/cases\/#primaryimage\",\"url\":\"https:\/\/www.pollmeier.com\/wp-content\/uploads\/elementor\/thumbs\/PRODUC_3-e1726573987837-qu8nh260hcns8v4v8v5bjai2p9hykkr2ixheroktcw.jpg\",\"contentUrl\":\"https:\/\/www.pollmeier.com\/wp-content\/uploads\/elementor\/thumbs\/PRODUC_3-e1726573987837-qu8nh260hcns8v4v8v5bjai2p9hykkr2ixheroktcw.jpg\"},{\"@type\":\"BreadcrumbList\",\"@id\":\"https:\/\/www.pollmeier.com\/fr\/cases\/#breadcrumb\",\"itemListElement\":[{\"@type\":\"ListItem\",\"position\":1,\"name\":\"Home\",\"item\":\"https:\/\/www.pollmeier.com\/fr\/homepage\/\"},{\"@type\":\"ListItem\",\"position\":2,\"name\":\"R\u00e9f\u00e9rences\"}]},{\"@type\":\"WebSite\",\"@id\":\"https:\/\/www.pollmeier.com\/fr\/#website\",\"url\":\"https:\/\/www.pollmeier.com\/fr\/\",\"name\":\"Pollmeier\",\"description\":\"\",\"publisher\":{\"@id\":\"https:\/\/www.pollmeier.com\/fr\/#organization\"},\"potentialAction\":[{\"@type\":\"SearchAction\",\"target\":{\"@type\":\"EntryPoint\",\"urlTemplate\":\"https:\/\/www.pollmeier.com\/fr\/?s={search_term_string}\"},\"query-input\":{\"@type\":\"PropertyValueSpecification\",\"valueRequired\":true,\"valueName\":\"search_term_string\"}}],\"inLanguage\":\"fr-FR\"},{\"@type\":\"Organization\",\"@id\":\"https:\/\/www.pollmeier.com\/fr\/#organization\",\"name\":\"Pollmeier\",\"url\":\"https:\/\/www.pollmeier.com\/fr\/\",\"logo\":{\"@type\":\"ImageObject\",\"inLanguage\":\"fr-FR\",\"@id\":\"https:\/\/www.pollmeier.com\/fr\/#\/schema\/logo\/image\/\",\"url\":\"https:\/\/www.pollmeier.com\/wp-content\/uploads\/2023\/01\/Pollmeier-Logo-RGB.png\",\"contentUrl\":\"https:\/\/www.pollmeier.com\/wp-content\/uploads\/2023\/01\/Pollmeier-Logo-RGB.png\",\"width\":7630,\"height\":1000,\"caption\":\"Pollmeier\"},\"image\":{\"@id\":\"https:\/\/www.pollmeier.com\/fr\/#\/schema\/logo\/image\/\"},\"sameAs\":[\"https:\/\/www.facebook.com\/pollmeier.massivholz\/?fref=ts\",\"https:\/\/www.instagram.com\/pollmeier.massivholz\/\",\"https:\/\/www.youtube.com\/channel\/UCNEu1HAZzkMEb80QqPEkXig\",\"https:\/\/www.linkedin.com\/company\/13056550\/admin\/\"]}]}<\/script>\n<!-- \/ Yoast SEO plugin. -->","yoast_head_json":{"title":"R\u00e9f\u00e9rences - Pollmeier","description":"Pollmeier r\u00e9f\u00e9rences Vous trouverez ci-dessous diff\u00e9rentes utilisations des produits Pollmeier. R\u00e9f\u00e9rences COMPOSANTS D\u00e9couvrez les projets r\u00e9alis\u00e9s par","robots":{"index":"index","follow":"follow","max-snippet":"max-snippet:-1","max-image-preview":"max-image-preview:large","max-video-preview":"max-video-preview:-1"},"canonical":"https:\/\/www.pollmeier.com\/fr\/cases\/","og_locale":"fr_FR","og_type":"article","og_title":"R\u00e9f\u00e9rences - Pollmeier","og_description":"Pollmeier r\u00e9f\u00e9rences Vous trouverez ci-dessous diff\u00e9rentes utilisations des produits Pollmeier. R\u00e9f\u00e9rences COMPOSANTS D\u00e9couvrez les projets r\u00e9alis\u00e9s par","og_url":"https:\/\/www.pollmeier.com\/fr\/cases\/","og_site_name":"Pollmeier","article_publisher":"https:\/\/www.facebook.com\/pollmeier.massivholz\/?fref=ts","article_modified_time":"2026-03-17T17:44:19+00:00","og_image":[{"url":"https:\/\/www.pollmeier.com\/wp-content\/uploads\/elementor\/thumbs\/PRODUC_3-e1726573987837-qu8nh260hcns8v4v8v5bjai2p9hykkr2ixheroktcw.jpg","type":"","width":"","height":""}],"twitter_card":"summary_large_image","twitter_misc":{"Dur\u00e9e de lecture estim\u00e9e":"1 minute"},"schema":{"@context":"https:\/\/schema.org","@graph":[{"@type":"WebPage","@id":"https:\/\/www.pollmeier.com\/fr\/cases\/","url":"https:\/\/www.pollmeier.com\/fr\/cases\/","name":"R\u00e9f\u00e9rences - Pollmeier","isPartOf":{"@id":"https:\/\/www.pollmeier.com\/fr\/#website"},"primaryImageOfPage":{"@id":"https:\/\/www.pollmeier.com\/fr\/cases\/#primaryimage"},"image":{"@id":"https:\/\/www.pollmeier.com\/fr\/cases\/#primaryimage"},"thumbnailUrl":"https:\/\/www.pollmeier.com\/wp-content\/uploads\/elementor\/thumbs\/PRODUC_3-e1726573987837-qu8nh260hcns8v4v8v5bjai2p9hykkr2ixheroktcw.jpg","datePublished":"2026-03-02T13:40:35+00:00","dateModified":"2026-03-17T17:44:19+00:00","description":"Pollmeier r\u00e9f\u00e9rences Vous trouverez ci-dessous diff\u00e9rentes utilisations des produits Pollmeier. R\u00e9f\u00e9rences COMPOSANTS D\u00e9couvrez les projets r\u00e9alis\u00e9s par","breadcrumb":{"@id":"https:\/\/www.pollmeier.com\/fr\/cases\/#breadcrumb"},"inLanguage":"fr-FR","potentialAction":[{"@type":"ReadAction","target":["https:\/\/www.pollmeier.com\/fr\/cases\/"]}]},{"@type":"ImageObject","inLanguage":"fr-FR","@id":"https:\/\/www.pollmeier.com\/fr\/cases\/#primaryimage","url":"https:\/\/www.pollmeier.com\/wp-content\/uploads\/elementor\/thumbs\/PRODUC_3-e1726573987837-qu8nh260hcns8v4v8v5bjai2p9hykkr2ixheroktcw.jpg","contentUrl":"https:\/\/www.pollmeier.com\/wp-content\/uploads\/elementor\/thumbs\/PRODUC_3-e1726573987837-qu8nh260hcns8v4v8v5bjai2p9hykkr2ixheroktcw.jpg"},{"@type":"BreadcrumbList","@id":"https:\/\/www.pollmeier.com\/fr\/cases\/#breadcrumb","itemListElement":[{"@type":"ListItem","position":1,"name":"Home","item":"https:\/\/www.pollmeier.com\/fr\/homepage\/"},{"@type":"ListItem","position":2,"name":"R\u00e9f\u00e9rences"}]},{"@type":"WebSite","@id":"https:\/\/www.pollmeier.com\/fr\/#website","url":"https:\/\/www.pollmeier.com\/fr\/","name":"Pollmeier","description":"","publisher":{"@id":"https:\/\/www.pollmeier.com\/fr\/#organization"},"potentialAction":[{"@type":"SearchAction","target":{"@type":"EntryPoint","urlTemplate":"https:\/\/www.pollmeier.com\/fr\/?s={search_term_string}"},"query-input":{"@type":"PropertyValueSpecification","valueRequired":true,"valueName":"search_term_string"}}],"inLanguage":"fr-FR"},{"@type":"Organization","@id":"https:\/\/www.pollmeier.com\/fr\/#organization","name":"Pollmeier","url":"https:\/\/www.pollmeier.com\/fr\/","logo":{"@type":"ImageObject","inLanguage":"fr-FR","@id":"https:\/\/www.pollmeier.com\/fr\/#\/schema\/logo\/image\/","url":"https:\/\/www.pollmeier.com\/wp-content\/uploads\/2023\/01\/Pollmeier-Logo-RGB.png","contentUrl":"https:\/\/www.pollmeier.com\/wp-content\/uploads\/2023\/01\/Pollmeier-Logo-RGB.png","width":7630,"height":1000,"caption":"Pollmeier"},"image":{"@id":"https:\/\/www.pollmeier.com\/fr\/#\/schema\/logo\/image\/"},"sameAs":["https:\/\/www.facebook.com\/pollmeier.massivholz\/?fref=ts","https:\/\/www.instagram.com\/pollmeier.massivholz\/","https:\/\/www.youtube.com\/channel\/UCNEu1HAZzkMEb80QqPEkXig","https:\/\/www.linkedin.com\/company\/13056550\/admin\/"]}]}},"_links":{"self":[{"href":"https:\/\/www.pollmeier.com\/fr\/wp-json\/wp\/v2\/pages\/502083","targetHints":{"allow":["GET"]}}],"collection":[{"href":"https:\/\/www.pollmeier.com\/fr\/wp-json\/wp\/v2\/pages"}],"about":[{"href":"https:\/\/www.pollmeier.com\/fr\/wp-json\/wp\/v2\/types\/page"}],"author":[{"embeddable":true,"href":"https:\/\/www.pollmeier.com\/fr\/wp-json\/wp\/v2\/users\/17"}],"replies":[{"embeddable":true,"href":"https:\/\/www.pollmeier.com\/fr\/wp-json\/wp\/v2\/comments?post=502083"}],"version-history":[{"count":3,"href":"https:\/\/www.pollmeier.com\/fr\/wp-json\/wp\/v2\/pages\/502083\/revisions"}],"predecessor-version":[{"id":503674,"href":"https:\/\/www.pollmeier.com\/fr\/wp-json\/wp\/v2\/pages\/502083\/revisions\/503674"}],"wp:attachment":[{"href":"https:\/\/www.pollmeier.com\/fr\/wp-json\/wp\/v2\/media?parent=502083"}],"curies":[{"name":"wp","href":"https:\/\/api.w.org\/{rel}","templated":true}]}}