{"id":444354,"date":"2024-02-20T14:49:43","date_gmt":"2024-02-20T13:49:43","guid":{"rendered":"https:\/\/www.pollmeier.com\/product\/hetre-lamelle-colle\/"},"modified":"2025-08-26T14:01:25","modified_gmt":"2025-08-26T12:01:25","slug":"hetre-lamelle-colle","status":"publish","type":"product","link":"https:\/\/www.pollmeier.com\/fr\/product\/hetre-lamelle-colle\/","title":{"rendered":"H\u00eatre lamell\u00e9-coll\u00e9"},"featured_media":258728,"template":"","meta":{"_acf_changed":false},"product-location":[1012],"class_list":["post-444354","product","type-product","status-publish","has-post-thumbnail","hentry","product-location-cadres-de-portes"],"acf":[],"yoast_head":"<!-- This site is optimized with the Yoast SEO plugin v27.2 - https:\/\/yoast.com\/product\/yoast-seo-wordpress\/ -->\n<title>H\u00eatre lamell\u00e9-coll\u00e9 - Pollmeier<\/title>\n<meta name=\"robots\" content=\"index, follow, max-snippet:-1, max-image-preview:large, max-video-preview:-1\" \/>\n<link rel=\"canonical\" href=\"https:\/\/www.pollmeier.com\/fr\/product\/hetre-lamelle-colle\/\" \/>\n<meta property=\"og:locale\" content=\"fr_FR\" \/>\n<meta property=\"og:type\" content=\"article\" \/>\n<meta property=\"og:title\" content=\"H\u00eatre lamell\u00e9-coll\u00e9 - Pollmeier\" \/>\n<meta property=\"og:url\" content=\"https:\/\/www.pollmeier.com\/fr\/product\/hetre-lamelle-colle\/\" \/>\n<meta property=\"og:site_name\" content=\"Pollmeier\" \/>\n<meta property=\"article:publisher\" content=\"https:\/\/www.facebook.com\/pollmeier.massivholz\/?fref=ts\" \/>\n<meta property=\"article:modified_time\" content=\"2025-08-26T12:01:25+00:00\" \/>\n<meta property=\"og:image\" content=\"https:\/\/www.pollmeier.com\/wp-content\/uploads\/2024\/02\/20240222_engineered_laminated_beech_e-lam_doorframe_web.jpg\" \/>\n\t<meta property=\"og:image:width\" content=\"1000\" \/>\n\t<meta property=\"og:image:height\" content=\"1000\" \/>\n\t<meta property=\"og:image:type\" content=\"image\/jpeg\" \/>\n<meta name=\"twitter:card\" content=\"summary_large_image\" \/>\n<script type=\"application\/ld+json\" class=\"yoast-schema-graph\">{\"@context\":\"https:\/\/schema.org\",\"@graph\":[{\"@type\":\"WebPage\",\"@id\":\"https:\/\/www.pollmeier.com\/fr\/product\/hetre-lamelle-colle\/\",\"url\":\"https:\/\/www.pollmeier.com\/fr\/product\/hetre-lamelle-colle\/\",\"name\":\"H\u00eatre lamell\u00e9-coll\u00e9 - Pollmeier\",\"isPartOf\":{\"@id\":\"https:\/\/www.pollmeier.com\/fr\/#website\"},\"primaryImageOfPage\":{\"@id\":\"https:\/\/www.pollmeier.com\/fr\/product\/hetre-lamelle-colle\/#primaryimage\"},\"image\":{\"@id\":\"https:\/\/www.pollmeier.com\/fr\/product\/hetre-lamelle-colle\/#primaryimage\"},\"thumbnailUrl\":\"https:\/\/www.pollmeier.com\/wp-content\/uploads\/2024\/02\/20240222_engineered_laminated_beech_e-lam_doorframe_web.jpg\",\"datePublished\":\"2024-02-20T13:49:43+00:00\",\"dateModified\":\"2025-08-26T12:01:25+00:00\",\"breadcrumb\":{\"@id\":\"https:\/\/www.pollmeier.com\/fr\/product\/hetre-lamelle-colle\/#breadcrumb\"},\"inLanguage\":\"fr-FR\",\"potentialAction\":[{\"@type\":\"ReadAction\",\"target\":[\"https:\/\/www.pollmeier.com\/fr\/product\/hetre-lamelle-colle\/\"]}]},{\"@type\":\"ImageObject\",\"inLanguage\":\"fr-FR\",\"@id\":\"https:\/\/www.pollmeier.com\/fr\/product\/hetre-lamelle-colle\/#primaryimage\",\"url\":\"https:\/\/www.pollmeier.com\/wp-content\/uploads\/2024\/02\/20240222_engineered_laminated_beech_e-lam_doorframe_web.jpg\",\"contentUrl\":\"https:\/\/www.pollmeier.com\/wp-content\/uploads\/2024\/02\/20240222_engineered_laminated_beech_e-lam_doorframe_web.jpg\",\"width\":1000,\"height\":1000},{\"@type\":\"BreadcrumbList\",\"@id\":\"https:\/\/www.pollmeier.com\/fr\/product\/hetre-lamelle-colle\/#breadcrumb\",\"itemListElement\":[{\"@type\":\"ListItem\",\"position\":1,\"name\":\"Home\",\"item\":\"https:\/\/www.pollmeier.com\/fr\/homepage\/\"},{\"@type\":\"ListItem\",\"position\":2,\"name\":\"H\u00eatre lamell\u00e9-coll\u00e9\"}]},{\"@type\":\"WebSite\",\"@id\":\"https:\/\/www.pollmeier.com\/fr\/#website\",\"url\":\"https:\/\/www.pollmeier.com\/fr\/\",\"name\":\"Pollmeier\",\"description\":\"\",\"publisher\":{\"@id\":\"https:\/\/www.pollmeier.com\/fr\/#organization\"},\"potentialAction\":[{\"@type\":\"SearchAction\",\"target\":{\"@type\":\"EntryPoint\",\"urlTemplate\":\"https:\/\/www.pollmeier.com\/fr\/?s={search_term_string}\"},\"query-input\":{\"@type\":\"PropertyValueSpecification\",\"valueRequired\":true,\"valueName\":\"search_term_string\"}}],\"inLanguage\":\"fr-FR\"},{\"@type\":\"Organization\",\"@id\":\"https:\/\/www.pollmeier.com\/fr\/#organization\",\"name\":\"Pollmeier\",\"url\":\"https:\/\/www.pollmeier.com\/fr\/\",\"logo\":{\"@type\":\"ImageObject\",\"inLanguage\":\"fr-FR\",\"@id\":\"https:\/\/www.pollmeier.com\/fr\/#\/schema\/logo\/image\/\",\"url\":\"https:\/\/www.pollmeier.com\/wp-content\/uploads\/2023\/01\/Pollmeier-Logo-RGB.png\",\"contentUrl\":\"https:\/\/www.pollmeier.com\/wp-content\/uploads\/2023\/01\/Pollmeier-Logo-RGB.png\",\"width\":7630,\"height\":1000,\"caption\":\"Pollmeier\"},\"image\":{\"@id\":\"https:\/\/www.pollmeier.com\/fr\/#\/schema\/logo\/image\/\"},\"sameAs\":[\"https:\/\/www.facebook.com\/pollmeier.massivholz\/?fref=ts\",\"https:\/\/www.instagram.com\/pollmeier.massivholz\/\",\"https:\/\/www.youtube.com\/channel\/UCNEu1HAZzkMEb80QqPEkXig\",\"https:\/\/www.linkedin.com\/company\/13056550\/admin\/\"]}]}<\/script>\n<!-- \/ Yoast SEO plugin. -->","yoast_head_json":{"title":"H\u00eatre lamell\u00e9-coll\u00e9 - Pollmeier","robots":{"index":"index","follow":"follow","max-snippet":"max-snippet:-1","max-image-preview":"max-image-preview:large","max-video-preview":"max-video-preview:-1"},"canonical":"https:\/\/www.pollmeier.com\/fr\/product\/hetre-lamelle-colle\/","og_locale":"fr_FR","og_type":"article","og_title":"H\u00eatre lamell\u00e9-coll\u00e9 - Pollmeier","og_url":"https:\/\/www.pollmeier.com\/fr\/product\/hetre-lamelle-colle\/","og_site_name":"Pollmeier","article_publisher":"https:\/\/www.facebook.com\/pollmeier.massivholz\/?fref=ts","article_modified_time":"2025-08-26T12:01:25+00:00","og_image":[{"width":1000,"height":1000,"url":"https:\/\/www.pollmeier.com\/wp-content\/uploads\/2024\/02\/20240222_engineered_laminated_beech_e-lam_doorframe_web.jpg","type":"image\/jpeg"}],"twitter_card":"summary_large_image","schema":{"@context":"https:\/\/schema.org","@graph":[{"@type":"WebPage","@id":"https:\/\/www.pollmeier.com\/fr\/product\/hetre-lamelle-colle\/","url":"https:\/\/www.pollmeier.com\/fr\/product\/hetre-lamelle-colle\/","name":"H\u00eatre lamell\u00e9-coll\u00e9 - Pollmeier","isPartOf":{"@id":"https:\/\/www.pollmeier.com\/fr\/#website"},"primaryImageOfPage":{"@id":"https:\/\/www.pollmeier.com\/fr\/product\/hetre-lamelle-colle\/#primaryimage"},"image":{"@id":"https:\/\/www.pollmeier.com\/fr\/product\/hetre-lamelle-colle\/#primaryimage"},"thumbnailUrl":"https:\/\/www.pollmeier.com\/wp-content\/uploads\/2024\/02\/20240222_engineered_laminated_beech_e-lam_doorframe_web.jpg","datePublished":"2024-02-20T13:49:43+00:00","dateModified":"2025-08-26T12:01:25+00:00","breadcrumb":{"@id":"https:\/\/www.pollmeier.com\/fr\/product\/hetre-lamelle-colle\/#breadcrumb"},"inLanguage":"fr-FR","potentialAction":[{"@type":"ReadAction","target":["https:\/\/www.pollmeier.com\/fr\/product\/hetre-lamelle-colle\/"]}]},{"@type":"ImageObject","inLanguage":"fr-FR","@id":"https:\/\/www.pollmeier.com\/fr\/product\/hetre-lamelle-colle\/#primaryimage","url":"https:\/\/www.pollmeier.com\/wp-content\/uploads\/2024\/02\/20240222_engineered_laminated_beech_e-lam_doorframe_web.jpg","contentUrl":"https:\/\/www.pollmeier.com\/wp-content\/uploads\/2024\/02\/20240222_engineered_laminated_beech_e-lam_doorframe_web.jpg","width":1000,"height":1000},{"@type":"BreadcrumbList","@id":"https:\/\/www.pollmeier.com\/fr\/product\/hetre-lamelle-colle\/#breadcrumb","itemListElement":[{"@type":"ListItem","position":1,"name":"Home","item":"https:\/\/www.pollmeier.com\/fr\/homepage\/"},{"@type":"ListItem","position":2,"name":"H\u00eatre lamell\u00e9-coll\u00e9"}]},{"@type":"WebSite","@id":"https:\/\/www.pollmeier.com\/fr\/#website","url":"https:\/\/www.pollmeier.com\/fr\/","name":"Pollmeier","description":"","publisher":{"@id":"https:\/\/www.pollmeier.com\/fr\/#organization"},"potentialAction":[{"@type":"SearchAction","target":{"@type":"EntryPoint","urlTemplate":"https:\/\/www.pollmeier.com\/fr\/?s={search_term_string}"},"query-input":{"@type":"PropertyValueSpecification","valueRequired":true,"valueName":"search_term_string"}}],"inLanguage":"fr-FR"},{"@type":"Organization","@id":"https:\/\/www.pollmeier.com\/fr\/#organization","name":"Pollmeier","url":"https:\/\/www.pollmeier.com\/fr\/","logo":{"@type":"ImageObject","inLanguage":"fr-FR","@id":"https:\/\/www.pollmeier.com\/fr\/#\/schema\/logo\/image\/","url":"https:\/\/www.pollmeier.com\/wp-content\/uploads\/2023\/01\/Pollmeier-Logo-RGB.png","contentUrl":"https:\/\/www.pollmeier.com\/wp-content\/uploads\/2023\/01\/Pollmeier-Logo-RGB.png","width":7630,"height":1000,"caption":"Pollmeier"},"image":{"@id":"https:\/\/www.pollmeier.com\/fr\/#\/schema\/logo\/image\/"},"sameAs":["https:\/\/www.facebook.com\/pollmeier.massivholz\/?fref=ts","https:\/\/www.instagram.com\/pollmeier.massivholz\/","https:\/\/www.youtube.com\/channel\/UCNEu1HAZzkMEb80QqPEkXig","https:\/\/www.linkedin.com\/company\/13056550\/admin\/"]}]}},"_links":{"self":[{"href":"https:\/\/www.pollmeier.com\/fr\/wp-json\/wp\/v2\/product\/444354","targetHints":{"allow":["GET"]}}],"collection":[{"href":"https:\/\/www.pollmeier.com\/fr\/wp-json\/wp\/v2\/product"}],"about":[{"href":"https:\/\/www.pollmeier.com\/fr\/wp-json\/wp\/v2\/types\/product"}],"wp:featuredmedia":[{"embeddable":true,"href":"https:\/\/www.pollmeier.com\/fr\/wp-json\/wp\/v2\/media\/258728"}],"wp:attachment":[{"href":"https:\/\/www.pollmeier.com\/fr\/wp-json\/wp\/v2\/media?parent=444354"}],"wp:term":[{"taxonomy":"product-location","embeddable":true,"href":"https:\/\/www.pollmeier.com\/fr\/wp-json\/wp\/v2\/product-location?post=444354"}],"curies":[{"name":"wp","href":"https:\/\/api.w.org\/{rel}","templated":true}]}}