{"id":493686,"date":"2026-01-08T11:42:15","date_gmt":"2026-01-08T10:42:15","guid":{"rendered":"https:\/\/www.pollmeier.com\/thank-you-sales-contact-form\/"},"modified":"2026-01-09T09:48:11","modified_gmt":"2026-01-09T08:48:11","slug":"thank-you-sales-contact-form","status":"publish","type":"page","link":"https:\/\/www.pollmeier.com\/pl\/thank-you-sales-contact-form\/","title":{"rendered":"Thank you sales contact form"},"content":{"rendered":"\t\t<div data-elementor-type=\"wp-page\" data-elementor-id=\"493686\" class=\"elementor elementor-493686 elementor-493584\" data-elementor-post-type=\"page\">\n\t\t\t\t\t\t<section class=\"elementor-section elementor-top-section elementor-element elementor-element-d4ad31e elementor-section-boxed elementor-section-height-default elementor-section-height-default\" data-id=\"d4ad31e\" data-element_type=\"section\" data-e-type=\"section\">\n\t\t\t\t\t\t<div class=\"elementor-container elementor-column-gap-default\">\n\t\t\t\t\t<div class=\"elementor-column elementor-col-100 elementor-top-column elementor-element elementor-element-18fb618\" data-id=\"18fb618\" data-element_type=\"column\" data-e-type=\"column\">\n\t\t\t<div class=\"elementor-widget-wrap elementor-element-populated\">\n\t\t\t\t\t\t<div class=\"elementor-element elementor-element-ed3cdb7 elementor-cta--skin-classic elementor-animated-content elementor-bg-transform elementor-bg-transform-zoom-in elementor-widget elementor-widget-call-to-action\" data-id=\"ed3cdb7\" data-element_type=\"widget\" data-e-type=\"widget\" data-widget_type=\"call-to-action.default\">\n\t\t\t\t<div class=\"elementor-widget-container\">\n\t\t\t\t\t\t\t<div class=\"elementor-cta\">\n\t\t\t\t\t<div class=\"elementor-cta__bg-wrapper\">\n\t\t\t\t<div class=\"elementor-cta__bg elementor-bg\" style=\"background-image: url(https:\/\/www.pollmeier.com\/wp-content\/uploads\/2023\/07\/Thueringer_Wald3.jpg);\" role=\"img\" aria-label=\"Thueringer_Wald3\"><\/div>\n\t\t\t\t<div class=\"elementor-cta__bg-overlay\"><\/div>\n\t\t\t<\/div>\n\t\t\t\t\t\t\t<div class=\"elementor-cta__content\">\n\t\t\t\t\n\t\t\t\t\t\t\t\t\t<h2 class=\"elementor-cta__title elementor-cta__content-item elementor-content-item\">\n\t\t\t\t\t\tDzi\u0119kuj\u0119!\t\t\t\t\t<\/h2>\n\t\t\t\t\n\t\t\t\t\t\t\t\t\t<div class=\"elementor-cta__description elementor-cta__content-item elementor-content-item\">\n\t\t\t\t\t\tOtrzymali\u015bmy Twoj\u0105 wiadomo\u015b\u0107 i wkr\u00f3tce si\u0119 z Tob\u0105 skontaktujemy.\t\t\t\t\t<\/div>\n\t\t\t\t\n\t\t\t\t\t\t\t\t\t<div class=\"elementor-cta__button-wrapper elementor-cta__content-item elementor-content-item \">\n\t\t\t\t\t<a class=\"elementor-cta__button elementor-button elementor-size-\" href=\"https:\/\/www.pollmeier.com\/pl\/skontaktuj-sie-z-naszym-zespolem-sprzedazy\/\">\n\t\t\t\t\t\tz powrotem\t\t\t\t\t<\/a>\n\t\t\t\t\t<\/div>\n\t\t\t\t\t\t\t<\/div>\n\t\t\t\t\t\t<\/div>\n\t\t\t\t\t\t<\/div>\n\t\t\t\t<\/div>\n\t\t\t\t\t<\/div>\n\t\t<\/div>\n\t\t\t\t\t<\/div>\n\t\t<\/section>\n\t\t\t\t<\/div>\n\t\t","protected":false},"excerpt":{"rendered":"<p>Dzi\u0119kuj\u0119! Otrzymali\u015bmy Twoj\u0105 wiadomo\u015b\u0107 i wkr\u00f3tce si\u0119 z Tob\u0105 skontaktujemy. z powrotem<\/p>\n","protected":false},"author":12,"featured_media":0,"parent":0,"menu_order":0,"comment_status":"closed","ping_status":"closed","template":"","meta":{"_acf_changed":false,"footnotes":""},"class_list":["post-493686","page","type-page","status-publish","hentry"],"acf":[],"yoast_head":"<!-- This site is optimized with the Yoast SEO plugin v27.2 - https:\/\/yoast.com\/product\/yoast-seo-wordpress\/ -->\n<title>Thank you sales contact form - Pollmeier<\/title>\n<meta name=\"description\" content=\"Dzi\u0119kuj\u0119!      Otrzymali\u015bmy Twoj\u0105 wiadomo\u015b\u0107 i wkr\u00f3tce si\u0119 z Tob\u0105 skontaktujemy.         z powrotem\" \/>\n<meta name=\"robots\" content=\"index, follow, max-snippet:-1, max-image-preview:large, max-video-preview:-1\" \/>\n<link rel=\"canonical\" href=\"https:\/\/www.pollmeier.com\/pl\/thank-you-sales-contact-form\/\" \/>\n<meta property=\"og:locale\" content=\"pl_PL\" \/>\n<meta property=\"og:type\" content=\"article\" \/>\n<meta property=\"og:title\" content=\"Thank you sales contact form - Pollmeier\" \/>\n<meta property=\"og:description\" content=\"Dzi\u0119kuj\u0119!      Otrzymali\u015bmy Twoj\u0105 wiadomo\u015b\u0107 i wkr\u00f3tce si\u0119 z Tob\u0105 skontaktujemy.         z powrotem\" \/>\n<meta property=\"og:url\" content=\"https:\/\/www.pollmeier.com\/pl\/thank-you-sales-contact-form\/\" \/>\n<meta property=\"og:site_name\" content=\"Pollmeier\" \/>\n<meta property=\"article:publisher\" content=\"https:\/\/www.facebook.com\/pollmeier.massivholz\/?fref=ts\" \/>\n<meta property=\"article:modified_time\" content=\"2026-01-09T08:48:11+00:00\" \/>\n<meta name=\"twitter:card\" content=\"summary_large_image\" \/>\n<script type=\"application\/ld+json\" class=\"yoast-schema-graph\">{\"@context\":\"https:\/\/schema.org\",\"@graph\":[{\"@type\":\"WebPage\",\"@id\":\"https:\/\/www.pollmeier.com\/pl\/thank-you-sales-contact-form\/\",\"url\":\"https:\/\/www.pollmeier.com\/pl\/thank-you-sales-contact-form\/\",\"name\":\"Thank you sales contact form - Pollmeier\",\"isPartOf\":{\"@id\":\"https:\/\/www.pollmeier.com\/pl\/#website\"},\"datePublished\":\"2026-01-08T10:42:15+00:00\",\"dateModified\":\"2026-01-09T08:48:11+00:00\",\"description\":\"Dzi\u0119kuj\u0119! Otrzymali\u015bmy Twoj\u0105 wiadomo\u015b\u0107 i wkr\u00f3tce si\u0119 z Tob\u0105 skontaktujemy. z powrotem\",\"breadcrumb\":{\"@id\":\"https:\/\/www.pollmeier.com\/pl\/thank-you-sales-contact-form\/#breadcrumb\"},\"inLanguage\":\"pl-PL\",\"potentialAction\":[{\"@type\":\"ReadAction\",\"target\":[\"https:\/\/www.pollmeier.com\/pl\/thank-you-sales-contact-form\/\"]}]},{\"@type\":\"BreadcrumbList\",\"@id\":\"https:\/\/www.pollmeier.com\/pl\/thank-you-sales-contact-form\/#breadcrumb\",\"itemListElement\":[{\"@type\":\"ListItem\",\"position\":1,\"name\":\"Home\",\"item\":\"https:\/\/www.pollmeier.com\/pl\/\"},{\"@type\":\"ListItem\",\"position\":2,\"name\":\"Thank you sales contact form\"}]},{\"@type\":\"WebSite\",\"@id\":\"https:\/\/www.pollmeier.com\/pl\/#website\",\"url\":\"https:\/\/www.pollmeier.com\/pl\/\",\"name\":\"Pollmeier\",\"description\":\"\",\"publisher\":{\"@id\":\"https:\/\/www.pollmeier.com\/pl\/#organization\"},\"potentialAction\":[{\"@type\":\"SearchAction\",\"target\":{\"@type\":\"EntryPoint\",\"urlTemplate\":\"https:\/\/www.pollmeier.com\/pl\/?s={search_term_string}\"},\"query-input\":{\"@type\":\"PropertyValueSpecification\",\"valueRequired\":true,\"valueName\":\"search_term_string\"}}],\"inLanguage\":\"pl-PL\"},{\"@type\":\"Organization\",\"@id\":\"https:\/\/www.pollmeier.com\/pl\/#organization\",\"name\":\"Pollmeier\",\"url\":\"https:\/\/www.pollmeier.com\/pl\/\",\"logo\":{\"@type\":\"ImageObject\",\"inLanguage\":\"pl-PL\",\"@id\":\"https:\/\/www.pollmeier.com\/pl\/#\/schema\/logo\/image\/\",\"url\":\"https:\/\/www.pollmeier.com\/wp-content\/uploads\/2023\/01\/Pollmeier-Logo-RGB.png\",\"contentUrl\":\"https:\/\/www.pollmeier.com\/wp-content\/uploads\/2023\/01\/Pollmeier-Logo-RGB.png\",\"width\":7630,\"height\":1000,\"caption\":\"Pollmeier\"},\"image\":{\"@id\":\"https:\/\/www.pollmeier.com\/pl\/#\/schema\/logo\/image\/\"},\"sameAs\":[\"https:\/\/www.facebook.com\/pollmeier.massivholz\/?fref=ts\",\"https:\/\/www.instagram.com\/pollmeier.massivholz\/\",\"https:\/\/www.youtube.com\/channel\/UCNEu1HAZzkMEb80QqPEkXig\",\"https:\/\/www.linkedin.com\/company\/13056550\/admin\/\"]}]}<\/script>\n<!-- \/ Yoast SEO plugin. -->","yoast_head_json":{"title":"Thank you sales contact form - Pollmeier","description":"Dzi\u0119kuj\u0119!      Otrzymali\u015bmy Twoj\u0105 wiadomo\u015b\u0107 i wkr\u00f3tce si\u0119 z Tob\u0105 skontaktujemy.         z powrotem","robots":{"index":"index","follow":"follow","max-snippet":"max-snippet:-1","max-image-preview":"max-image-preview:large","max-video-preview":"max-video-preview:-1"},"canonical":"https:\/\/www.pollmeier.com\/pl\/thank-you-sales-contact-form\/","og_locale":"pl_PL","og_type":"article","og_title":"Thank you sales contact form - Pollmeier","og_description":"Dzi\u0119kuj\u0119!      Otrzymali\u015bmy Twoj\u0105 wiadomo\u015b\u0107 i wkr\u00f3tce si\u0119 z Tob\u0105 skontaktujemy.         z powrotem","og_url":"https:\/\/www.pollmeier.com\/pl\/thank-you-sales-contact-form\/","og_site_name":"Pollmeier","article_publisher":"https:\/\/www.facebook.com\/pollmeier.massivholz\/?fref=ts","article_modified_time":"2026-01-09T08:48:11+00:00","twitter_card":"summary_large_image","schema":{"@context":"https:\/\/schema.org","@graph":[{"@type":"WebPage","@id":"https:\/\/www.pollmeier.com\/pl\/thank-you-sales-contact-form\/","url":"https:\/\/www.pollmeier.com\/pl\/thank-you-sales-contact-form\/","name":"Thank you sales contact form - Pollmeier","isPartOf":{"@id":"https:\/\/www.pollmeier.com\/pl\/#website"},"datePublished":"2026-01-08T10:42:15+00:00","dateModified":"2026-01-09T08:48:11+00:00","description":"Dzi\u0119kuj\u0119! Otrzymali\u015bmy Twoj\u0105 wiadomo\u015b\u0107 i wkr\u00f3tce si\u0119 z Tob\u0105 skontaktujemy. z powrotem","breadcrumb":{"@id":"https:\/\/www.pollmeier.com\/pl\/thank-you-sales-contact-form\/#breadcrumb"},"inLanguage":"pl-PL","potentialAction":[{"@type":"ReadAction","target":["https:\/\/www.pollmeier.com\/pl\/thank-you-sales-contact-form\/"]}]},{"@type":"BreadcrumbList","@id":"https:\/\/www.pollmeier.com\/pl\/thank-you-sales-contact-form\/#breadcrumb","itemListElement":[{"@type":"ListItem","position":1,"name":"Home","item":"https:\/\/www.pollmeier.com\/pl\/"},{"@type":"ListItem","position":2,"name":"Thank you sales contact form"}]},{"@type":"WebSite","@id":"https:\/\/www.pollmeier.com\/pl\/#website","url":"https:\/\/www.pollmeier.com\/pl\/","name":"Pollmeier","description":"","publisher":{"@id":"https:\/\/www.pollmeier.com\/pl\/#organization"},"potentialAction":[{"@type":"SearchAction","target":{"@type":"EntryPoint","urlTemplate":"https:\/\/www.pollmeier.com\/pl\/?s={search_term_string}"},"query-input":{"@type":"PropertyValueSpecification","valueRequired":true,"valueName":"search_term_string"}}],"inLanguage":"pl-PL"},{"@type":"Organization","@id":"https:\/\/www.pollmeier.com\/pl\/#organization","name":"Pollmeier","url":"https:\/\/www.pollmeier.com\/pl\/","logo":{"@type":"ImageObject","inLanguage":"pl-PL","@id":"https:\/\/www.pollmeier.com\/pl\/#\/schema\/logo\/image\/","url":"https:\/\/www.pollmeier.com\/wp-content\/uploads\/2023\/01\/Pollmeier-Logo-RGB.png","contentUrl":"https:\/\/www.pollmeier.com\/wp-content\/uploads\/2023\/01\/Pollmeier-Logo-RGB.png","width":7630,"height":1000,"caption":"Pollmeier"},"image":{"@id":"https:\/\/www.pollmeier.com\/pl\/#\/schema\/logo\/image\/"},"sameAs":["https:\/\/www.facebook.com\/pollmeier.massivholz\/?fref=ts","https:\/\/www.instagram.com\/pollmeier.massivholz\/","https:\/\/www.youtube.com\/channel\/UCNEu1HAZzkMEb80QqPEkXig","https:\/\/www.linkedin.com\/company\/13056550\/admin\/"]}]}},"_links":{"self":[{"href":"https:\/\/www.pollmeier.com\/pl\/wp-json\/wp\/v2\/pages\/493686","targetHints":{"allow":["GET"]}}],"collection":[{"href":"https:\/\/www.pollmeier.com\/pl\/wp-json\/wp\/v2\/pages"}],"about":[{"href":"https:\/\/www.pollmeier.com\/pl\/wp-json\/wp\/v2\/types\/page"}],"author":[{"embeddable":true,"href":"https:\/\/www.pollmeier.com\/pl\/wp-json\/wp\/v2\/users\/12"}],"replies":[{"embeddable":true,"href":"https:\/\/www.pollmeier.com\/pl\/wp-json\/wp\/v2\/comments?post=493686"}],"version-history":[{"count":1,"href":"https:\/\/www.pollmeier.com\/pl\/wp-json\/wp\/v2\/pages\/493686\/revisions"}],"predecessor-version":[{"id":493687,"href":"https:\/\/www.pollmeier.com\/pl\/wp-json\/wp\/v2\/pages\/493686\/revisions\/493687"}],"wp:attachment":[{"href":"https:\/\/www.pollmeier.com\/pl\/wp-json\/wp\/v2\/media?parent=493686"}],"curies":[{"name":"wp","href":"https:\/\/api.w.org\/{rel}","templated":true}]}}